{"id":7373,"date":"2015-02-25T16:36:59","date_gmt":"2015-02-25T15:36:59","guid":{"rendered":"https:\/\/fr.blogs.cam4.com\/?page_id=7373"},"modified":"2015-02-25T16:36:59","modified_gmt":"2015-02-25T15:36:59","slug":"les-resultats-du-concours-gold","status":"publish","type":"page","link":"https:\/\/fr.cam4.com\/blog\/les-resultats-du-concours-gold\/","title":{"rendered":"Les R\u00e9sultats du Concours Gold sont l\u00e0!"},"content":{"rendered":"<h2>Nous avons des news pour vous! Le premier concours Gold est finis et nous avons un gangnant, ou devrais-je dire, une gagnante. Plus de 3&#8217;000 \u00e9toiles Gold ont \u00e9t\u00e9 distribu\u00e9es, mais un mod\u00e8le aura r\u00e9colt\u00e9 le plus grand nombre d&#8217;\u00e9toiles Gold. C&#8217;est donc elle qui sera l&#8217;h\u00f4te du Show Gold de ce mois.<\/h2>\n<p><img loading=\"lazy\" class=\"alignnone wp-image-64547 size-large\" src=\"https:\/\/blog.cam4.com\/wp-content\/uploads\/2015\/02\/dorothy-elms-500x280.png\" alt=\"dorothy-elms\" width=\"500\" height=\"280\" \/><\/p>\n<p>heure du Show: <strong>Samedi<\/strong> <strong>28 f\u00e9vrier 21:00 heure de Paris<\/strong><\/p>\n<p>Comment rejoindre le show: Si vous \u00eates un membre Gold, entrez le show du samedi, utilisez le mot de passe: <strong>cam4gold<\/strong><\/p>\n<p><a class=\"xl\" href=\"https:\/\/bit.ly\/1Ck01DZ\" target=\"_blank\">Rejoignez DorothyElms pour le Show Gold du mois de f\u00e9vrier!<\/a><\/p>\n<p>Ce concours f\u00fbt intense et c&#8217;est pourquoi nous aimerions remercier ces mod\u00e8les suivants qui se sont bien battus: Sextwoo et Kitten_Lips, BRAVO! Vous pouvez jeter un oeil \u00e0 tous les participants <a href=\"https:\/\/blog.cam4.com\/cam4-gold-party-challengers\/\" target=\"_blank\">ici<\/a><\/p>\n<p>Le 1er mars, nous recommencerons ce concours Gold! Ajoutez notre blog dans vos marques pages pour rester au courants de nos actus sexy et du prochain concours Gold! Si vous voulez \u00eatre un ou une participant\/e, voici le FAQ du concours<\/p>\n<h2>Suivez <a href=\"https:\/\/twitter.com\/DorothyElms\" target=\"_blank\">@DorothyElms<\/a> sur Twitter pour tout savoir sur son actualit\u00e9 sexy, et nous aussi: <a href=\"https:\/\/www.twitter.com\/cam4_fr\" target=\"_blank\">@cam4_fr<\/a><\/h2>\n","protected":false},"excerpt":{"rendered":"<p>Nous avons des news pour vous! Le premier concours Gold est finis et nous avons un gangnant, ou devrais-je dire, une gagnante. Plus<\/p>\n","protected":false},"author":1,"featured_media":0,"parent":0,"menu_order":0,"comment_status":"open","ping_status":"open","template":"","meta":[],"_links":{"self":[{"href":"https:\/\/fr.cam4.com\/blog\/wp-json\/wp\/v2\/pages\/7373"}],"collection":[{"href":"https:\/\/fr.cam4.com\/blog\/wp-json\/wp\/v2\/pages"}],"about":[{"href":"https:\/\/fr.cam4.com\/blog\/wp-json\/wp\/v2\/types\/page"}],"author":[{"embeddable":true,"href":"https:\/\/fr.cam4.com\/blog\/wp-json\/wp\/v2\/users\/1"}],"replies":[{"embeddable":true,"href":"https:\/\/fr.cam4.com\/blog\/wp-json\/wp\/v2\/comments?post=7373"}],"version-history":[{"count":0,"href":"https:\/\/fr.cam4.com\/blog\/wp-json\/wp\/v2\/pages\/7373\/revisions"}],"wp:attachment":[{"href":"https:\/\/fr.cam4.com\/blog\/wp-json\/wp\/v2\/media?parent=7373"}],"curies":[{"name":"wp","href":"https:\/\/api.w.org\/{rel}","templated":true}]}}