{"id":7295,"date":"2015-02-27T09:59:01","date_gmt":"2015-02-27T08:59:01","guid":{"rendered":"https:\/\/fr.blogs.cam4.com\/?page_id=7295"},"modified":"2015-03-03T11:25:07","modified_gmt":"2015-03-03T10:25:07","slug":"cam4-show-gold","status":"publish","type":"page","link":"https:\/\/fr.cam4.com\/blog\/cam4-show-gold\/","title":{"rendered":"Le Show Gold Mensuel de Cam4"},"content":{"rendered":"<p>Le concours des Shows Gold est un show mensuel r\u00e9serv\u00e9 aux membres Gold dont l\u2019h\u00f4te n\u2019est autre que le ou la webcameur\/se qui aura remport\u00e9 le concours des Shows Gold.<\/p>\n<p>Chaque mois, 10 webcameur\/ses sont en comp\u00e9tition pour \u00eatre l\u2019h\u00f4te du Show Gold. Vous pouvez utiliser votre \u00ab Favori Gold \u00bb pour \u00e9lire, parmi les 10 webcameur\/ses, pour celui ou celle que vous voudriez voir diffuser en Show Gold.<\/p>\n<p>Rappelez-vous, vous n\u2019\u00eates pas oblig\u00e9 de forc\u00e9ment envoyer votre cadeau Favoris Gold \u00e0 un des 10 webcameur\/ses du mois. Vous pouvez \u00e9videmment l\u2019offrir \u00e0 qui vous voulez.<\/p>\n<p>Vous votez en envoyant votre \u00ab\u00a0favori Gold\u00a0\u00bb. Vous avez du 1<sup>er<\/sup> au 15<sup>\u00e8me<\/sup> du mois pour voter pour le\/la webcameur\/se ou la webcameuse que vous voudriez voir diffuser en Show Gold.<\/p>\n<p><a href=\"https:\/\/www.cam4support.com\/fr\/category\/questions-a-propos-de-membre-gold\/\" target=\"_blank\">Voir Show Gold FAQ<\/a><\/p>\n<div class=\"one_third\" style=\"text-align:;\"><\/p>\n<div class=\"showWrap\">\n<div class=\"perfpic\"><a class=\"usrnm\" href=\"https:\/\/bit.ly\/1AAStei\" target=\"_blank\"> Tupax_xxx <\/a><\/div>\n<p class=\"desc\">Send me your Gold Star!<\/p>\n<p class=\"desc\"><a href=\"https:\/\/bit.ly\/1AAStei\" target=\"_blank\">Visit Profile<\/a><\/p>\n<\/div>\n<p><\/div>\n<div class=\"one_third\" style=\"text-align:;\"><\/p>\n<div class=\"showWrap\">\n<div class=\"perfpic\"><a class=\"usrnm\" href=\"https:\/\/bit.ly\/17DxNXJ\" target=\"_blank\"> Anastoseliad <\/a><\/div>\n<p class=\"desc\">Send me your Gold Star!<\/p>\n<p class=\"desc\"><a href=\"https:\/\/bit.ly\/17DxNXJ\" target=\"_blank\">Visit Profile<\/a><\/p>\n<\/div>\n<p><\/div>\n<div class=\"one_third_last\" style=\"text-align:;\"><\/p>\n<div class=\"showWrap\">\n<div class=\"perfpic\"><a class=\"usrnm\" href=\"https:\/\/bit.ly\/1DZznPS\" target=\"_blank\"> Latino23Bom <\/a><\/div>\n<p class=\"desc\">Send me your Gold Star!<\/p>\n<p class=\"desc\"><a href=\"https:\/\/bit.ly\/1DZznPS\" target=\"_blank\">Visit Profile<\/a><\/p>\n<\/div>\n<p><\/div><div class=\"clear\"><\/div>\n<div class=\"one_third\" style=\"text-align:;\"><\/p>\n<div class=\"showWrap\">\n<div class=\"perfpic\"><a class=\"usrnm\" href=\"https:\/\/bit.ly\/17DydNP\" target=\"_blank\"> Vbiglatino <\/a><\/div>\n<p class=\"desc\">Send me your Gold Star!<\/p>\n<p class=\"desc\"><a href=\"https:\/\/bit.ly\/17DydNP\" target=\"_blank\">Visit Profile<\/a><\/p>\n<\/div>\n<p><\/div>\n<div class=\"one_third\" style=\"text-align:;\"><\/p>\n<div class=\"showWrap\">\n<div class=\"perfpic\"><a class=\"usrnm\" href=\"https:\/\/bit.ly\/1vGccci\" target=\"_blank\"> RonHill13 <\/a><\/div>\n<p class=\"desc\">Send me your Gold Star!<\/p>\n<p class=\"desc\"><a href=\"https:\/\/bit.ly\/1vGccci\" target=\"_blank\">Visit Profile<\/a><\/p>\n<\/div>\n<p><\/div>\n<div class=\"one_third_last\" style=\"text-align:;\"><\/p>\n<div class=\"showWrap\">\n<div class=\"perfpic\"><a class=\"usrnm\" href=\"https:\/\/bit.ly\/1DhJ7Bt\" target=\"_blank\"> DavidTylor <\/a><\/div>\n<p class=\"desc\">Send me your Gold Star!<\/p>\n<p class=\"desc\"><a href=\"https:\/\/bit.ly\/1DhJ7Bt\" target=\"_blank\">Visit Profile<\/a><\/p>\n<\/div>\n<p><\/div><div class=\"clear\"><\/div>\n<div class=\"one_third\" style=\"text-align:;\"><\/p>\n<div class=\"showWrap\">\n<div class=\"perfpic\"><a class=\"usrnm\" href=\"https:\/\/bit.ly\/1LQxc2b\" target=\"_blank\"> Nicomusculoc <\/a><\/div>\n<p class=\"desc\">Send me your Gold Star!<\/p>\n<p class=\"desc\"><a href=\"https:\/\/bit.ly\/1LQxc2b\" target=\"_blank\">Visit Profile<\/a><\/p>\n<\/div>\n<p><\/div>\n<div class=\"one_third\" style=\"text-align:;\"><\/p>\n<div class=\"showWrap\">\n<div class=\"perfpic\"><a class=\"usrnm\" href=\"https:\/\/bit.ly\/1LRLYaE\" target=\"_blank\"> Duourbanhot <\/a><\/div>\n<p class=\"desc\">Send me your Gold Star!<\/p>\n<p class=\"desc\"><a href=\"https:\/\/bit.ly\/1LRLYaE\" target=\"_blank\">Visit Profile<\/a><\/p>\n<\/div>\n<p><\/div>\n<div class=\"one_third_last\" style=\"text-align:;\"><\/p>\n<div class=\"showWrap\">\n<div class=\"perfpic\"><a class=\"usrnm\" href=\"https:\/\/bit.ly\/1zlTWzW\" target=\"_blank\"> OliverCutese <\/a><\/div>\n<p class=\"desc\">Send me your Gold Star!<\/p>\n<p class=\"desc\"><a href=\"https:\/\/bit.ly\/1zlTWzW\" target=\"_blank\">Visit Profile<\/a><\/p>\n<\/div>\n<p><\/div><div class=\"clear\"><\/div>\n<div class=\"one_third\" style=\"text-align:;\"><\/p>\n<div class=\"showWrap\">\n<div class=\"perfpic\"><a class=\"usrnm\" href=\"https:\/\/bit.ly\/17DAdp6\" target=\"_blank\"> Hot_Ove <\/a><\/div>\n<p class=\"desc\">Send me your Gold Star!<\/p>\n<p class=\"desc\"><a href=\"https:\/\/bit.ly\/17DAdp6\" target=\"_blank\">Visit Profile<\/a><\/p>\n<\/div>\n<p><\/div>\n","protected":false},"excerpt":{"rendered":"<p>Le concours des Shows Gold est un show mensuel r\u00e9serv\u00e9 aux membres Gold dont l\u2019h\u00f4te n\u2019est autre que le ou la webcameur\/se qui<\/p>\n","protected":false},"author":1,"featured_media":7301,"parent":0,"menu_order":0,"comment_status":"open","ping_status":"open","template":"","meta":[],"_links":{"self":[{"href":"https:\/\/fr.cam4.com\/blog\/wp-json\/wp\/v2\/pages\/7295"}],"collection":[{"href":"https:\/\/fr.cam4.com\/blog\/wp-json\/wp\/v2\/pages"}],"about":[{"href":"https:\/\/fr.cam4.com\/blog\/wp-json\/wp\/v2\/types\/page"}],"author":[{"embeddable":true,"href":"https:\/\/fr.cam4.com\/blog\/wp-json\/wp\/v2\/users\/1"}],"replies":[{"embeddable":true,"href":"https:\/\/fr.cam4.com\/blog\/wp-json\/wp\/v2\/comments?post=7295"}],"version-history":[{"count":0,"href":"https:\/\/fr.cam4.com\/blog\/wp-json\/wp\/v2\/pages\/7295\/revisions"}],"wp:featuredmedia":[{"embeddable":true,"href":"https:\/\/fr.cam4.com\/blog\/wp-json\/wp\/v2\/media\/7301"}],"wp:attachment":[{"href":"https:\/\/fr.cam4.com\/blog\/wp-json\/wp\/v2\/media?parent=7295"}],"curies":[{"name":"wp","href":"https:\/\/api.w.org\/{rel}","templated":true}]}}