{"id":5284,"date":"2014-02-12T21:11:34","date_gmt":"2014-02-12T20:11:34","guid":{"rendered":"https:\/\/fr.blogs.cam4.com\/?page_id=5284"},"modified":"2014-02-12T21:13:33","modified_gmt":"2014-02-12T20:13:33","slug":"votez-pour-votre-valentin","status":"publish","type":"page","link":"https:\/\/fr.cam4.com\/blog\/votez-pour-votre-valentin\/","title":{"rendered":"Votez Pour Votre Valentin"},"content":{"rendered":"<p><a href=\"https:\/\/www.cam4.fr\/blog\/files\/2014\/02\/Valentine_Viewer_635x315_FR1.jpg\"><img loading=\"lazy\" src=\"https:\/\/www.cam4.fr\/blog\/files\/2014\/02\/Valentine_Viewer_635x315_FR1.jpg\" alt=\"Valentine_Viewer_635x315_FR\" width=\"635\" height=\"315\" class=\"alignnone size-full wp-image-5468\" srcset=\"https:\/\/fr.cam4.com\/blog\/wp-content\/blogs.dir\/5\/files\/2014\/02\/Valentine_Viewer_635x315_FR1.jpg 635w, https:\/\/fr.cam4.com\/blog\/wp-content\/blogs.dir\/5\/files\/2014\/02\/Valentine_Viewer_635x315_FR1-300x148.jpg 300w\" sizes=\"(max-width: 635px) 100vw, 635px\" \/><\/a><\/p>\n<p><strong>Que les votations commencent!\u00a0<\/strong>Venez jeter un coup d&#8217;oeil \u00e0 nos 10 mod\u00e8les super chauds pour notre concours de la St-Valentin! Votez pour votre mod\u00e8le pr\u00e9f\u00e9r\u00e9!<\/p>\n<p>Parcourez les photos de nos bombes et votez pour votre pr\u00e9f\u00e9r\u00e9!<\/p>\n<p><iframe src=\"https:\/\/docs.google.com\/forms\/d\/1KJAXCtDGIKwkY3rGsQ4RaNHiHi-JBACLfP1qmyIHb1A\/viewform?embedded=true\" width=\"600\" height=\"1000\" frameborder=\"0\" marginheight=\"0\" marginwidth=\"0\"><\/iframe><\/p>\n<p><strong>Celui ou celle qui aura amass\u00e9 le plus de votes des voeyeurs gagnera 500 jetons! <\/strong>Mais le concours ne se termine pas ici. Il y a encore 3 autres cat\u00e9gories ou vous pouvez gagner. <a href=\"https:\/\/www.cam4.com\/valentines2014\" target=\"_blank\">Uploadez vos photos ici<\/a> ou venez jeter un coup d&#8217;oeil <a href=\"https:\/\/blog.cam4.com\/be-our-dirty-valentine-contest-info\/\" target=\"_blank\">a notre page des cat\u00e9gories <\/a><\/p>\n<h2>Votez et Suivez Cam4 sur @cam4_fr!<\/h2>\n<p><a class=\"xl\" href=\"https:\/\/www.cam4.com\/valentines2014?utm_source=blog&amp;utm_medium=social&amp;utm_term=valentines2014&amp;utm_content=votePage&amp;utm_campaign=VDay2014\">Avez-vous besoin plus de photos? Visitez au tableau de Valentins coquins<\/a><\/p>\n","protected":false},"excerpt":{"rendered":"<p><a href=\"https:\/\/www.cam4.fr\/blog\/files\/2014\/02\/Valentine_Viewer_635x315_FR1.jpg\"><\/a><\/p>\n<p><strong>Que les votations commencent!\u00a0<\/strong>Venez jeter un coup d&#8217;oeil \u00e0 nos 10 mod\u00e8les super chauds pour notre concours de la St-Valentin! Votez<\/p>\n","protected":false},"author":6,"featured_media":0,"parent":0,"menu_order":0,"comment_status":"open","ping_status":"open","template":"","meta":[],"_links":{"self":[{"href":"https:\/\/fr.cam4.com\/blog\/wp-json\/wp\/v2\/pages\/5284"}],"collection":[{"href":"https:\/\/fr.cam4.com\/blog\/wp-json\/wp\/v2\/pages"}],"about":[{"href":"https:\/\/fr.cam4.com\/blog\/wp-json\/wp\/v2\/types\/page"}],"author":[{"embeddable":true,"href":"https:\/\/fr.cam4.com\/blog\/wp-json\/wp\/v2\/users\/6"}],"replies":[{"embeddable":true,"href":"https:\/\/fr.cam4.com\/blog\/wp-json\/wp\/v2\/comments?post=5284"}],"version-history":[{"count":0,"href":"https:\/\/fr.cam4.com\/blog\/wp-json\/wp\/v2\/pages\/5284\/revisions"}],"wp:attachment":[{"href":"https:\/\/fr.cam4.com\/blog\/wp-json\/wp\/v2\/media?parent=5284"}],"curies":[{"name":"wp","href":"https:\/\/api.w.org\/{rel}","templated":true}]}}