{"id":49505,"date":"2026-01-07T17:21:41","date_gmt":"2026-01-07T16:21:41","guid":{"rendered":"https:\/\/fr.cam4.com\/blog\/?page_id=49505"},"modified":"2026-01-07T17:21:42","modified_gmt":"2026-01-07T16:21:42","slug":"concours-de-shows-prives-gagnez-jusqua-250-du-12-au-25-janvier-15-prix-a-gagner","status":"publish","type":"page","link":"https:\/\/fr.cam4.com\/blog\/concours-de-shows-prives-gagnez-jusqua-250-du-12-au-25-janvier-15-prix-a-gagner\/","title":{"rendered":"Concours De Shows Priv\u00e9s &#8211; Gagnez jusqu&#8217;\u00e0 250$ du 12 au 25 janvier (15 Prix \u00e0 gagner)"},"content":{"rendered":"<h1><img loading=\"lazy\" class=\"alignnone size-full wp-image-63189 aligncenter\" src=\"http:\/\/performers.cam4.com\/wp-content\/uploads\/FR-_Private-Show-Contest-2025_Blog_Female.jpg\" alt=\"\" width=\"1600\" height=\"900\" \/><\/h1>\n<h1 style=\"text-align: center;\">\u00a0<strong>*<\/strong>INSCRIPTIONS OUVERTES*<br \/>Voulez-vous gagner plus de <span class=\"tlid-translation translation\" lang=\"fr\"><span class=\"\" title=\"\">$$$ ? Alors, i<\/span><span class=\"\" title=\"\">nscrivez-vous au concours et faites des Shows Priv\u00e9s\u202fpour gagner jusqu&#8217;\u00e0 250$ !<\/span><\/span><\/h1>\n<h2 class=\"result-shield-container tlid-copy-target\" style=\"text-align: center;\" tabindex=\"0\"><span class=\"tlid-translation translation\" lang=\"fr\"><span class=\"\" title=\"\">CAM4 propose<\/span><\/span><span class=\"tlid-translation translation\" lang=\"fr\"><span class=\"\" title=\"\"> 15 prix \u00e0 gagner pour les webcameur(se)s inscrit(e)s qui gagneront le plus de jetons gr\u00e2ce \u00e0 leurs shows priv\u00e9s <\/span><\/span><span class=\"tlid-translation translation\" lang=\"fr\"><span class=\"\" title=\"\">du 12 au 25 janvier<\/span><\/span><\/h2>\n<p style=\"text-align: center;\"><img loading=\"lazy\" class=\"wp-image-31409 aligncenter\" src=\"https:\/\/performers.cam4.com\/wp-content\/uploads\/Money_Bag_Emoji.png\" alt=\"\" width=\"90\" height=\"90\" \/><\/p>\n<h2 style=\"text-align: center;\">15 Prix CAM4 France, Suisse, Belgique<\/h2>\n<h3 style=\"text-align: center;\">1\u00b0 prix : <strong data-start=\"71\" data-end=\"79\">$250<\/strong><br data-start=\"79\" data-end=\"82\" \/><br \/>2\u00b0 prix : <strong data-start=\"92\" data-end=\"100\">$150<\/strong><br data-start=\"100\" data-end=\"103\" data-is-only-node=\"\" \/><br \/>3\u00b0 prix : <strong data-start=\"113\" data-end=\"121\">$100<\/strong><br data-start=\"121\" data-end=\"124\" \/><br \/>4\u00b0 prix : <strong data-start=\"134\" data-end=\"141\">$70<\/strong><br data-start=\"141\" data-end=\"144\" \/><br \/>5\u00b0 prix : <strong data-start=\"154\" data-end=\"161\">$50<\/strong><br data-start=\"161\" data-end=\"164\" \/><br \/>6\u00b0 prix : <strong data-start=\"174\" data-end=\"181\">$40<\/strong><br data-start=\"181\" data-end=\"184\" \/><br \/>7\u00b0 prix : <strong data-start=\"194\" data-end=\"201\">$30<\/strong><br data-start=\"201\" data-end=\"204\" \/><br \/>8\u00b0 prix : <strong data-start=\"214\" data-end=\"221\">$25<\/strong><br data-start=\"221\" data-end=\"224\" \/><br \/>9\u00b0 au 11\u00b0 prix : <strong data-start=\"241\" data-end=\"248\">$20<\/strong> <br data-start=\"253\" data-end=\"256\" \/><br \/>12\u00b0 au 15\u00b0 prix : <strong data-start=\"274\" data-end=\"281\">$10<\/strong><\/h3>\n<h2 style=\"text-align: center;\">\u00a0<\/h2>\n<p style=\"text-align: center;\"><strong><span class=\"tlid-translation translation\" lang=\"fr\"><span class=\"\" title=\"\">Seront compt\u00e9s pour ce concours\u00a0:<\/span><br \/><span title=\"\">&#8211; Les shows priv\u00e9s avec paiement par minute<\/span><br \/>&#8211; Les shows priv\u00e9s Cam2Cam<br \/><span title=\"\">&#8211; Les shows priv\u00e9s \u00e0 prix fixe<\/span><br \/><span title=\"\">&#8211; Les revenus des espions.<\/span><br \/><span title=\"\">&#8211; Max.<\/span> 5<span title=\"\">000 jetons par tippeurs<\/span><\/span><\/strong><\/p>\n<h4 style=\"text-align: center;\"><strong>*<\/strong>INSCRIPTIONS OUVERTES*<\/h4>\n<h2 style=\"text-align: center;\">\u00a0<\/h2>\n<p><iframe src=\"https:\/\/docs.google.com\/forms\/d\/e\/1FAIpQLSfjvMV1yNyJOdkwgg-I6XWGpQCWV2dR1mqm2CX4fJkdaa8efA\/viewform?embedded=true\" width=\"640\" height=\"420\" frameborder=\"0\" marginwidth=\"0\" marginheight=\"0\">Loading\u2026<\/iframe><\/p>\n<h2 style=\"text-align: center;\"><strong><img loading=\"lazy\" class=\"aligncenter size-full wp-image-38640\" src=\"http:\/\/performers.cam4.com\/wp-content\/uploads\/\u00edndice.gif\" alt=\"\" width=\"1980\" height=\"250\" \/><\/strong><\/h2>\n<h2 style=\"text-align: center;\"><img loading=\"lazy\" class=\"wp-image-31444 aligncenter\" src=\"https:\/\/performers.cam4.com\/wp-content\/uploads\/1878-electric-light-bulb-1.png\" alt=\"\" width=\"110\" height=\"110\" \/><\/h2>\n<p style=\"text-align: center;\"><strong>________________________________________________________________<\/strong><\/p>\n<p style=\"text-align: center;\"><strong>Conseil :<\/strong> En vendant des shows priv\u00e9s \u00e0 un co\u00fbt fixe, vous saurez toujours combien vous gagnerez. C&#8217;est vraiment un moyen facile d&#8217;obtenir des jetons, et une alternative fantastique et s\u00fbre contrairement aux shows Skype.<\/p>\n<p style=\"text-align: center;\">Vous n&#8217;avez pas encore essay\u00e9 les shows priv\u00e9s de CAM4\u202f? Visitez la FAQ et d\u00e9couvrez \u00e0 quel point il est simple de d\u00e9finir vos options\u202f! <a href=\"https:\/\/www.cam4.fr\/faq\/spectacles-prives-blocs-de-temps\"> Show Priv\u00e9\u00a0 : Taux Fixe ou prix \u00e0 la minute\u00a0<\/a><\/p>\n<p style=\"text-align: center;\"><iframe title=\"YouTube video player\" src=\"https:\/\/www.youtube.com\/embed\/o5947Kez-cQ\" width=\"560\" height=\"315\" frameborder=\"0\" allowfullscreen=\"allowfullscreen\" data-mce-fragment=\"1\"><\/iframe><\/p>\n<p style=\"text-align: center;\"><strong>________________________________________________________________<\/strong><\/p>\n<h2 style=\"text-align: center;\"><strong>~ R\u00e8glement\u00a0: <\/strong><\/h2>\n<p style=\"text-align: center;\"><strong><em><span class=\"tlid-translation translation\" lang=\"fr\"><span class=\"\" title=\"\">1. Seuls les webcameur(se)s ayant des comptes approuv\u00e9s dans le tableau de bord webcameur(se) diffusant avec le drapeau fran\u00e7ais, suisse ou belge avec un profil en fran\u00e7ais + IP et ID fran\u00e7aise peuvent participer.<\/span><br \/><span class=\"\" title=\"\">2. Pour vous inscrire, entrez votre pseudo CAM4 dans le formulaire<\/span>. Concours R\u00e9gional avec 15 prix r\u00e9serv\u00e9s<\/span><\/em> \u00e0 <em><span class=\"tlid-translation translation\" lang=\"fr\">CAM4 France, Suisse, Belgique.<br \/><span class=\"\" title=\"\">3. Les inscriptions se termineront le 19 janvier<\/span><br \/><span class=\"\" title=\"\">4. Les gagnants seront ceux qui, <\/span><\/span><\/em><span class=\"tlid-translation translation\" lang=\"fr\"><span class=\"\" title=\"\"><em>du 12 au 25 janvier, r<\/em><\/span><\/span><em><span class=\"tlid-translation translation\" lang=\"fr\"><span class=\"\" title=\"\">\u00e9colteront le plus de jetons gr\u00e2ce aux sho<\/span><\/span><\/em><em><span class=\"tlid-translation translation\" lang=\"fr\"><span class=\"\" title=\"\">ws priv\u00e9s (\u00e0 co\u00fbt fixe et paiement \u00e0 la minute, et Cam2Cam) et gr\u00e2ce aux revenus g\u00e9n\u00e9r\u00e9s par les espions.<\/span><br \/><span class=\"\" title=\"\">5. Les \u00e9changes de jetons entre diff\u00e9rents comptes ne sont pas autoris\u00e9s afin de modifier les r\u00e9sultats du concours.<\/span><br \/><span class=\"\" title=\"\">6. Un maximum de 5000 jetons par voyeur sera compt\u00e9 (par exemple, si vous gagnez 6000 jetons dans des shows priv\u00e9s avec le m\u00eame voyeur, un maximum de 5000 jetons sera compt\u00e9 pour ce voyeur).<\/span><\/span><\/em><\/strong><\/p>\n<div class=\"text-wrap tlid-copy-target\" style=\"text-align: center;\">\n<div class=\"result-shield-container tlid-copy-target\" tabindex=\"0\"><em><span class=\"tlid-translation translation\" lang=\"fr\"><span title=\"\">Heure du serveur : le d\u00e9compte des gains commencera en France, Suisse, Belgique \u00e0 6 h 00 le 12 janvier <\/span><\/span><\/em><em><span class=\"tlid-translation translation\" lang=\"fr\"><span title=\"\">et<\/span><\/span><\/em><em><span class=\"tlid-translation translation\" lang=\"fr\"><span title=\"\"> se terminera \u00e0 00 h 00 le 25 janvier\u00a0<\/span><\/span><\/em><\/div>\n<\/div>\n<div style=\"text-align: center;\" tabindex=\"0\">\n<p><strong><em>\u00a0Participant(e)s : <\/em><\/strong><\/p>\n<\/div>\n<p style=\"text-align: center;\">\u00c0 venir<\/p>\n\n\n<p><\/p>\n","protected":false},"excerpt":{"rendered":"<p>\u00a0<strong>*<\/strong>INSCRIPTIONS OUVERTES*Voulez-vous gagner plus de $$$ ? Alors, inscrivez-vous au concours et faites des Shows Priv\u00e9s\u202fpour gagner jusqu&#8217;\u00e0 250$ ! CAM4 propose 15<\/p>\n","protected":false},"author":1,"featured_media":0,"parent":0,"menu_order":0,"comment_status":"closed","ping_status":"closed","template":"","meta":[],"_links":{"self":[{"href":"https:\/\/fr.cam4.com\/blog\/wp-json\/wp\/v2\/pages\/49505"}],"collection":[{"href":"https:\/\/fr.cam4.com\/blog\/wp-json\/wp\/v2\/pages"}],"about":[{"href":"https:\/\/fr.cam4.com\/blog\/wp-json\/wp\/v2\/types\/page"}],"author":[{"embeddable":true,"href":"https:\/\/fr.cam4.com\/blog\/wp-json\/wp\/v2\/users\/1"}],"replies":[{"embeddable":true,"href":"https:\/\/fr.cam4.com\/blog\/wp-json\/wp\/v2\/comments?post=49505"}],"version-history":[{"count":1,"href":"https:\/\/fr.cam4.com\/blog\/wp-json\/wp\/v2\/pages\/49505\/revisions"}],"predecessor-version":[{"id":49506,"href":"https:\/\/fr.cam4.com\/blog\/wp-json\/wp\/v2\/pages\/49505\/revisions\/49506"}],"wp:attachment":[{"href":"https:\/\/fr.cam4.com\/blog\/wp-json\/wp\/v2\/media?parent=49505"}],"curies":[{"name":"wp","href":"https:\/\/api.w.org\/{rel}","templated":true}]}}