{"id":49481,"date":"2026-01-02T13:47:33","date_gmt":"2026-01-02T12:47:33","guid":{"rendered":"https:\/\/fr.cam4.com\/blog\/?page_id=49481"},"modified":"2026-01-02T13:47:34","modified_gmt":"2026-01-02T12:47:34","slug":"concours-de-la-cam-du-mois","status":"publish","type":"page","link":"https:\/\/fr.cam4.com\/blog\/concours-de-la-cam-du-mois\/","title":{"rendered":"Concours de la CAM du mois"},"content":{"rendered":"<p><img loading=\"lazy\" class=\"alignnone size-full wp-image-43805 aligncenter\" src=\"http:\/\/performers.cam4.com\/wp-content\/uploads\/fr_cam_awards_twitter_post.jpg\" alt=\"\" width=\"1330\" height=\"659\" \/><\/p>\n<p style=\"text-align: center;\">Le concours Cam du mois est ouvert \u00e0 TOUS les webcameur(se)s de CAM4. Ce concours mensuel offre 20 PRIX chaque mois, avec une cagnotte totale de 15 000 $!<\/p>\n<p style=\"text-align: center;\"><strong>COMMENT GAGNER<\/strong><\/p>\n<p style=\"text-align: center;\">Chaque jour, CAM4 publiera la liste des 20 webcameur(se)s qui auront obtenu le plus grand nombre de t\u00e9l\u00e9spectateurs * connect\u00e9s la veille. Les 20 webcameur(se)s recevront un troph\u00e9e qui sera visible sur leur profil CAM4 et des points quotidiens qui concourront pour le prix mensuel final.<\/p>\n<p style=\"text-align: center;\"><em>* Le plus grand nombre de spectateurs\/pic de vues &#8211; Le plus grand nombre de spectateurs connect\u00e9s dans votre salle \u00e0 une heure donn\u00e9e de la journ\u00e9e.<br \/><\/em><\/p>\n<p style=\"text-align: center;\"><img loading=\"lazy\" class=\"wp-image-43779 aligncenter\" src=\"http:\/\/performers.cam4.com\/wp-content\/uploads\/4th-20th-place-trophy-day.png\" alt=\"\" width=\"265\" height=\"203\" \/><\/p>\n<p>\u00a0<\/p>\n<p style=\"text-align: center;\">POINTS QUOTIDIENS ATTRIBU\u00c9S\u00a0<\/p>\n<p style=\"text-align: center;\">1\u00e8re position: 7 points<\/p>\n<p style=\"text-align: center;\">2\u00e8me position: 6 points<\/p>\n<p style=\"text-align: center;\">3e position: 5 points<\/p>\n<p style=\"text-align: center;\">4\u00e8me position: 4 points<\/p>\n<p style=\"text-align: center;\">Position 5 &#8211; 9 \u00b0: 3 points<\/p>\n<p style=\"text-align: center;\">Position 10\u2013 14 \u00b0: 2 points<\/p>\n<p style=\"text-align: center;\">Position 15\u201320 \u00b0: 1 point<\/p>\n<p style=\"text-align: center;\"><strong>\u00a0<\/strong><\/p>\n<p style=\"text-align: center;\">\u00c0 la fin du mois, les 20 meilleur(e)s webcameur(se)s qui ont re\u00e7u le plus de points tout au long du mois et qui ont gagn\u00e9 un minimum de 500 $ au cours du m\u00eame mois recevront des prix en $$$!<\/p>\n<p style=\"text-align: center;\"><img loading=\"lazy\" class=\"wp-image-43775 aligncenter\" src=\"http:\/\/performers.cam4.com\/wp-content\/uploads\/1st-place-trophy-month.png\" alt=\"\" width=\"335\" height=\"277\" \/><\/p>\n<p style=\"text-align: center;\"><strong>PRIX EN D\u00c9TAIL<\/strong><\/p>\n<p style=\"text-align: center;\"><strong>1er 2500 $<\/strong><\/p>\n<p style=\"text-align: center;\"><strong>2e 2000 $<\/strong><\/p>\n<p style=\"text-align: center;\"><strong>3e 1 500 $<\/strong><\/p>\n<p style=\"text-align: center;\"><strong>4e 1 000 $<\/strong><\/p>\n<p style=\"text-align: center;\"><strong>5e &#8211; 9e 750 $<\/strong><\/p>\n<p style=\"text-align: center;\"><strong>10e &#8211; 14e 500 $<\/strong><\/p>\n<p style=\"text-align: center;\"><strong>15e &#8211; 20e 250 $<\/strong><\/p>\n<p style=\"text-align: center;\"><strong>\u00a0<\/strong><\/p>\n<h3 style=\"text-align: center;\"><strong>R\u00c8GLEMENT<\/strong><\/h3>\n<p>\u00b7 Vous devrez gagner un MINIMUM de 500 $ au cours du mois concern\u00e9 pour \u00eatre admissible au prix de la Cam du mois.<\/p>\n<p>\u00b7\u00a0Vous devez avoir gagn\u00e9 au moins le montant du prix remport\u00e9 au cours du mois pour recevoir le prix complet. Si vos gains sont inf\u00e9rieurs, vous recevrez le montant que vous avez gagn\u00e9 pendant le mois.<br \/>Exemple : Si vous remportez le prix de 1500$ de la Cam du mois, mais que vos gains pour le mois sont de 1000 $, vous recevrez 1 000$.<\/p>\n<p>\u00b7\u00a0Pour participer, vous devez obligatoirement avoir une photo de profil approuv\u00e9e qui vous montre clairement.<\/p>\n<p>\u00b7 Remarque sur les gains\u00a0: les bonus, les prix des concours, les tips envoy\u00e9s par d&#8217;autres mod\u00e8les ou studios ne seront pas pris en compte dans les gains minimum.<\/p>\n<p>\u00b7 Nombre de voyeurs max\u00a0* : Seuls les spectateurs connect\u00e9s seront comptabilis\u00e9s dans le nombre total de spectateurs.<\/p>\n<p>\u00b7 Un seul lot :\u00a0 Un m\u00eame webcameur(se) ne peut gagner qu&#8217;un seul troph\u00e9e par jour (cam du jour) et un seul prix mensuel (cam du mois).<\/p>\n<p>\u00b7 Adresse email : Adresse email valide obligatoire pour \u00eatre joignable par CAM4 en cas de victoire.<\/p>\n<p>\u00b7 \u00c9ligibilit\u00e9 : Les employ\u00e9s, collaborateurs et coachs de CAM4 ne pourront pas participer \u00e0 la comp\u00e9tition.<\/p>\n<p>\u00b7 Conditions g\u00e9n\u00e9rales\u00a0: les mod\u00e8les qui enfreignent nos conditions g\u00e9n\u00e9rales et les r\u00e8gles de CAM4 seront automatiquement disqualifi\u00e9es.<\/p>\n<p>\u00b7 Tol\u00e9rance z\u00e9ro pour la fraude\u00a0: Toute activit\u00e9 frauduleuse ou tout accord visant \u00e0 modifier les r\u00e9sultats entra\u00eenera la disqualification pour ce mois. La disqualification sera permanente pour toute infraction suppl\u00e9mentaire.<\/p>\n<p>\u00b7 Politique en mati\u00e8re de harc\u00e8lement et de langage offensant\u00a0: Les menaces, le harc\u00e8lement ou les comportements offensants envers le personnel de CAM4, les autres mod\u00e8les et leurs mod\u00e9rateurs ne seront pas tol\u00e9r\u00e9s. Ces comportements entra\u00eeneront une disqualification imm\u00e9diate de la comp\u00e9tition pour ce mois. Cela inclut \u00e9galement le harc\u00e8lement perp\u00e9tr\u00e9 par des mod\u00e9rateurs ou des lanceurs d\u2019alerte associ\u00e9s \u00e0 un mod\u00e8le. En cas de r\u00e9cidive de ces comportements, la radiation du concours sera d\u00e9finitive.<\/p>\n<p>\u00b7 D\u00e9cision finale\u00a0: La d\u00e9cision des administrateurs sera d\u00e9finitive.<\/p>\n<p>*Nombre de voyeurs max\u00a0: le nombre d&#8217;utilisateurs connect\u00e9s \u00e0 leur compte CAM4 pr\u00e9sents dans votre room. Vous pouvez afficher le nombre de voyeurs max\u00a0 atteints dans vos shows dans le Tableau de bord &gt; Statistiques &gt; Diffusions en direct.<\/p>\n\n\n<p><\/p>\n","protected":false},"excerpt":{"rendered":"<\/p>\n<p style=\"text-align: center;\">Le concours Cam du mois est ouvert \u00e0 TOUS les webcameur(se)s de CAM4. Ce concours mensuel offre 20 PRIX chaque<\/p>\n","protected":false},"author":1,"featured_media":0,"parent":0,"menu_order":0,"comment_status":"closed","ping_status":"closed","template":"","meta":[],"_links":{"self":[{"href":"https:\/\/fr.cam4.com\/blog\/wp-json\/wp\/v2\/pages\/49481"}],"collection":[{"href":"https:\/\/fr.cam4.com\/blog\/wp-json\/wp\/v2\/pages"}],"about":[{"href":"https:\/\/fr.cam4.com\/blog\/wp-json\/wp\/v2\/types\/page"}],"author":[{"embeddable":true,"href":"https:\/\/fr.cam4.com\/blog\/wp-json\/wp\/v2\/users\/1"}],"replies":[{"embeddable":true,"href":"https:\/\/fr.cam4.com\/blog\/wp-json\/wp\/v2\/comments?post=49481"}],"version-history":[{"count":1,"href":"https:\/\/fr.cam4.com\/blog\/wp-json\/wp\/v2\/pages\/49481\/revisions"}],"predecessor-version":[{"id":49482,"href":"https:\/\/fr.cam4.com\/blog\/wp-json\/wp\/v2\/pages\/49481\/revisions\/49482"}],"wp:attachment":[{"href":"https:\/\/fr.cam4.com\/blog\/wp-json\/wp\/v2\/media?parent=49481"}],"curies":[{"name":"wp","href":"https:\/\/api.w.org\/{rel}","templated":true}]}}