{"id":49435,"date":"2025-12-18T14:01:47","date_gmt":"2025-12-18T13:01:47","guid":{"rendered":"https:\/\/fr.cam4.com\/blog\/?page_id=49435"},"modified":"2025-12-18T14:01:49","modified_gmt":"2025-12-18T13:01:49","slug":"concours-de-costume-xxxmas-35-prix-a-gagner-du-18-au-28-decembre","status":"publish","type":"page","link":"https:\/\/fr.cam4.com\/blog\/concours-de-costume-xxxmas-35-prix-a-gagner-du-18-au-28-decembre\/","title":{"rendered":"Concours de costume XXXMas &#8211; 35 prix \u00e0 gagner! (Du 18 au 28 d\u00e9cembre)"},"content":{"rendered":"<h5><\/h5>\n<h5><\/h5>\n<h3 style=\"text-align: center;\"><span class=\"tlid-translation translation\"><img loading=\"lazy\" class=\"size-full wp-image-68824 aligncenter\" src=\"http:\/\/performers.cam4.com\/wp-content\/uploads\/FR_XXXMas_Broadcasters_700x394.jpg\" alt=\"\" width=\"700\" height=\"394\" \/><br \/>\n<\/span><\/h3>\n<h3><\/h3>\n<h3><\/h3>\n<h3 style=\"text-align: center;\"><span class=\"tlid-translation translation\">Avez-vous \u00e9t\u00e9 sage ou pas cette ann\u00e9e?! ? Chez CAM<span style=\"color: #ff6600;\">4<\/span>, vos secrets sont bien gard\u00e9s et cette ann\u00e9e encore, nous vous invitons \u00e0 faire un show sexy en costume XXXMas dans lequel vous c\u00e9l\u00e9brerez No\u00ebl\u00a0<\/span><span class=\"tlid-translation translation\">avec un style sexy et provocateur\u202f!<\/span><\/h3>\n<h3 style=\"text-align: center;\">Lisez la suite et d\u00e9couvrez comment participer \u00e0 XXXMAS25\u00a0 ! *Twitter obligatoire*<\/h3>\n<h3 class=\"result-shield-container tlid-copy-target\" style=\"text-align: center;\"><span class=\"tlid-translation translation\">Voici les 25 prix pour les meilleurs shows avec photos \/ vid\u00e9os (sans nudit\u00e9) costum\u00e9s : <\/span><\/h3>\n<p style=\"text-align: center;\"><strong><span style=\"color: #ff0000;\">1000 jetons<\/span>\u00a0\u2744 Prix Miss XXXMAS25<\/strong><br \/>\n<strong><span style=\"color: #ff0000;\">1000\u00a0jetons<\/span>\u00a0\u2744 Prix Mister XXXMAS25<\/strong><\/p>\n<p style=\"text-align: center;\"><strong><span style=\"color: #ff6600;\">500 jetons<\/span> \u2744 de la 3\u1d49 \u00e0 la 5\u1d49 position<\/strong><br \/>\n<strong><span style=\"color: #ff9900;\">200 jetons<\/span> \u2744 de la 6\u1d49 \u00e0 la 15\u1d49 position<\/strong><br \/>\n<strong><span style=\"color: #ffcc00;\">100 jetons<\/span> \u2744 de la 16\u1d49 \u00e0 la 25\u1d49 position<\/strong><\/p>\n<div style=\"text-align: center;\"><\/div>\n<div style=\"text-align: center;\">\n<p><span class=\"tlid-translation translation\"><strong>~ Participez avec ces 3 \u00e9tapes simples\u00a0: <\/strong><\/span><\/p>\n<p>1. Programmez un show dans votre calendrier entre <strong>le jeudi 18 et dimanche 28 d\u00e9cembre <\/strong><br \/>\n2. Utilisez le hashtag #XXXMAS25 comme description de votre show lorsque vous diffusez.<br \/>\n3. Pendant votre show, ajoutez des photos, GIF ou vid\u00e9os SFW de votre costume dans votre Fil d&#8217;Actualit\u00e9 CAM4 et le hashtag :<strong> #XXXMAS25<\/strong> <strong><span class=\"tlid-translation translation\" lang=\"fr\"><span title=\"\">(Sans aucune nudit\u00e9)<br \/>\n<\/span><\/span><\/strong><span class=\"tlid-translation translation\" lang=\"fr\"><span title=\"\">Facultatif* : pendant la diffusion, publiez sur X une photo ou une vid\u00e9o avec le lien vers votre show en direct, accompagn\u00e9e du hashtag #XXXMas25.<\/span><\/span><strong><span class=\"tlid-translation translation\" lang=\"fr\"><span title=\"\"><br \/>\n<\/span><\/span><\/strong><\/p>\n<\/div>\n<div style=\"text-align: center;\"><span class=\"tlid-translation translation\"><br \/>\n\u00c0 la fin du concours, les responsables de CAM4 de chaque pays participant jugeront les meilleurs contenus tweet\u00e9s en fonction de la qualit\u00e9 et de la cr\u00e9ativit\u00e9 des costumes et des shows de mani\u00e8re globale\u202f!<\/span><\/div>\n<div style=\"text-align: center;\"><\/div>\n<div style=\"text-align: center;\"><img class=\"aligncenter\" src=\"http:\/\/performers.cam4.com\/wp-content\/uploads\/north-pole-dancer.png\" \/><\/div>\n<div style=\"text-align: center;\">\n<div class=\"result-shield-container tlid-copy-target\">\n<p><span class=\"tlid-translation translation\"><br \/>\n<strong>Id\u00e9es pour un show \u00e0 th\u00e8me sexy #XXXMAS<\/strong>:<\/span><\/p>\n<p>&#8211; Enveloppez-vous de lumi\u00e8res ou de guirlandes<br \/>\n&#8211; Fixez le gui sur vos sous-v\u00eatements\u2026 l\u00e0 o\u00f9 vous aimez \u00eatre embrass\u00e9\u202f!<br \/>\n<span class=\"tlid-translation translation\">\u00a0\u00a0\u00a0 &#8211; D\u00e9corez vos sextoys de diff\u00e9rents atours de NO\u00cbL<\/span><\/p>\n<p><span style=\"color: #ff0000;\"><a href=\"https:\/\/www.cam4.com\/training\/augmentez-vos-voyeurs\/noel-sexy-sur-cam4-en-3-etapes\">Cliquez ici pour plus d&#8217;id\u00e9es de shows de No\u00ebl<\/a><\/span><\/p>\n<\/div>\n<div class=\"result-shield-container tlid-copy-target\"><\/div>\n<div class=\"result-shield-container tlid-copy-target\"><span style=\"color: #800080;\"><strong><span class=\"tlid-translation translation\"><a href=\"https:\/\/fr.cam4.com\/blog\/autres\/decouvrez-les-cliches-les-plus-sexy-de-xxxmas-2024-%e2%9d%84-un-noel-dexces-sur-cam4\/\">Cliquez-ici pour d\u00e9couvrir les vainqueurs de XXXmas 2024<\/a><\/span><\/strong><\/span><\/div>\n<div><a href=\"https:\/\/fr.cam4.com\/blog\/autres\/decouvrez-les-cliches-les-plus-sexy-de-xxxmas-2024-%e2%9d%84-un-noel-dexces-sur-cam4\/\"><img loading=\"lazy\" class=\"size-full wp-image-62988 aligncenter\" src=\"http:\/\/performers.cam4.com\/wp-content\/uploads\/banner-1-4.jpg\" alt=\"\" width=\"1280\" height=\"693\" \/><\/a><\/div>\n<\/div>\n<div style=\"text-align: center;\"><\/div>\n<div style=\"text-align: center;\">\n<p><span class=\"tlid-translation translation\" lang=\"fr\"><strong>Astuces Photos:<\/strong> <\/span><\/p>\n<p>Ajoutezdes vid\u00e9os, des photos et des GIF en bonne r\u00e9solution (HD), sans logos ni descriptions. N&#8217;oubliez pas de <strong>NE PAS publier de photos avec des sc\u00e8nes nues, des sc\u00e8nes hardcores ou sexuelles<\/strong>.<br \/>\nVous pouvez \u00e9galement poster sur Twitter, mais pour \u00eatre pris en compte, il faudra poster avant tout sur le Fil d&#8217;actualit\u00e9 de CAM4.<\/p>\n<\/div>\n<div style=\"text-align: center;\"><\/div>\n<div>\n<h3 class=\"result-shield-container tlid-copy-target\" style=\"text-align: center;\"><span class=\"tlid-translation translation\"><strong>~ R\u00e8glement<\/strong><\/span><\/h3>\n<h4 class=\"result-shield-container tlid-copy-target\" style=\"text-align: center;\"><span class=\"tlid-translation translation\"><br \/>\n<strong>~ Concours r\u00e9serv\u00e9 aux webcameur(se)s ayant un compte approuv\u00e9 dans le tableau de bord webcameur(se).<\/strong><\/span><\/h4>\n<p style=\"text-align: center;\"><strong>~ Le hashtag #XXXMAS25 doit \u00eatre ins\u00e9r\u00e9e dans la description de votre show.<\/strong><\/p>\n<p style=\"text-align: center;\"><strong>~ Les photos, GIF ou vid\u00e9os publi\u00e9es sur le\u00a0<span class=\"tlid-translation translation\"><span class=\"tlid-translation translation\" lang=\"fr\"> fil d&#8217;actualit\u00e9 <\/span><\/span><span class=\"tlid-translation translation\">doivent \u00eatre en costume #XXXMAS25 (les photos et les shows non th\u00e9matiques ne seront pas consid\u00e9r\u00e9s comme valides) et SFW (c&#8217;est-\u00e0-dire ne contenant pas de nudit\u00e9 ou de sc\u00e8nes de sexe).<\/span><\/strong><\/p>\n<p style=\"text-align: center;\"><strong>~ Le show doit durer au moins 30 minutes et atteindre au moins 20 spectateurs.<\/strong><\/p>\n<p style=\"text-align: center;\"><strong>&#8211; Les shows pris en compte seront ceux r\u00e9alis\u00e9s entre le 18 et 28 d\u00e9cembre .<\/strong><\/p>\n<p style=\"text-align: center;\"><strong>~ Chaque webcameur(se)s aura droit \u00e0 un seul prix, m\u00eame si plusieurs shows sont r\u00e9alis\u00e9s.<\/strong><\/p>\n<p style=\"text-align: center;\"><strong>~<span class=\"tlid-translation translation\" lang=\"fr\"> Votre photo sur le fil d &#8216;actualit\u00e9 doit \u00eatre gratuite pour que votre participation soit compt\u00e9e.<br \/>\n<\/span><\/strong><br \/>\n<strong>~ <span class=\"tlid-translation translation\" lang=\"fr\">\u00a0Les jetons seront cr\u00e9dit\u00e9s le 8 janvier au plus tard. Les gagnant(e)s des photos ou vid\u00e9os recevront un message sur CAM4.<\/span><\/strong><\/p>\n<h2 class=\"result-shield-container tlid-copy-target\" style=\"text-align: center;\"><strong><span class=\"tlid-translation translation\"> JOYEUX <span style=\"color: #008000;\">XXX<\/span><span style=\"color: #ff0000;\">mas<\/span> sur CAM4!<\/span><\/strong><\/h2>\n<\/div>\n","protected":false},"excerpt":{"rendered":"<p>Avez-vous \u00e9t\u00e9 sage ou pas cette ann\u00e9e?! ? Chez CAM4, vos secrets sont bien gard\u00e9s et cette ann\u00e9e encore, nous vous invitons \u00e0<\/p>\n","protected":false},"author":1,"featured_media":0,"parent":0,"menu_order":0,"comment_status":"closed","ping_status":"closed","template":"","meta":[],"_links":{"self":[{"href":"https:\/\/fr.cam4.com\/blog\/wp-json\/wp\/v2\/pages\/49435"}],"collection":[{"href":"https:\/\/fr.cam4.com\/blog\/wp-json\/wp\/v2\/pages"}],"about":[{"href":"https:\/\/fr.cam4.com\/blog\/wp-json\/wp\/v2\/types\/page"}],"author":[{"embeddable":true,"href":"https:\/\/fr.cam4.com\/blog\/wp-json\/wp\/v2\/users\/1"}],"replies":[{"embeddable":true,"href":"https:\/\/fr.cam4.com\/blog\/wp-json\/wp\/v2\/comments?post=49435"}],"version-history":[{"count":1,"href":"https:\/\/fr.cam4.com\/blog\/wp-json\/wp\/v2\/pages\/49435\/revisions"}],"predecessor-version":[{"id":49436,"href":"https:\/\/fr.cam4.com\/blog\/wp-json\/wp\/v2\/pages\/49435\/revisions\/49436"}],"wp:attachment":[{"href":"https:\/\/fr.cam4.com\/blog\/wp-json\/wp\/v2\/media?parent=49435"}],"curies":[{"name":"wp","href":"https:\/\/api.w.org\/{rel}","templated":true}]}}