{"id":49331,"date":"2025-12-03T12:09:03","date_gmt":"2025-12-03T11:09:03","guid":{"rendered":"https:\/\/fr.cam4.com\/blog\/?page_id=49331"},"modified":"2025-12-04T17:11:42","modified_gmt":"2025-12-04T16:11:42","slug":"%e2%9c%a8-zero-tva-pour-les-utilisateurs-%f0%9f%94%a5-plus-de-gains-pour-les-modeles-en-webcam-cam4","status":"publish","type":"page","link":"https:\/\/fr.cam4.com\/blog\/%e2%9c%a8-zero-tva-pour-les-utilisateurs-%f0%9f%94%a5-plus-de-gains-pour-les-modeles-en-webcam-cam4\/","title":{"rendered":"\u2728 Z\u00c9RO TVA pour les utilisateurs : Plus de gains pour les mod\u00e8les en webcam CAM4 !"},"content":{"rendered":"\n<figure class=\"wp-block-image size-large\"><a href=\"https:\/\/fr.cam4.com\/blog\/wp-content\/blogs.dir\/5\/files\/2025\/12\/image-1.png\"><img loading=\"lazy\" width=\"623\" height=\"324\" src=\"https:\/\/fr.cam4.com\/blog\/wp-content\/blogs.dir\/5\/files\/2025\/12\/image-1.png\" alt=\"\" class=\"wp-image-49336\" srcset=\"https:\/\/fr.cam4.com\/blog\/wp-content\/blogs.dir\/5\/files\/2025\/12\/image-1.png 623w, https:\/\/fr.cam4.com\/blog\/wp-content\/blogs.dir\/5\/files\/2025\/12\/image-1-300x156.png 300w\" sizes=\"(max-width: 623px) 100vw, 623px\" \/><\/a><\/figure>\n\n\n\n<p><strong>\u00c0 partir d\u2019aujourd\u2019hui, CAM4 prendra \u00e0 sa charge la TVA qui \u00e9tait support\u00e9e par les utilisateurs europ\u00e9ens ! Excellente nouvelle pour nos utilisateurs fran\u00e7ais, belges et suisses, \u00e0 qui la TVA additionnelle de 20 % ne sera plus appliqu\u00e9e sur le prix des Shows Priv\u00e9s, des Vid\u00e9os et du Fanclub.<\/strong><\/p>\n\n\n\n<p><strong>\ud83d\udcb8 Qu\u2019est-ce que cela veut dire pour les mod\u00e8les en webcam CAM4 ?<\/strong><br>Tout devient plus simple et plus transparent :<\/p>\n\n\n\n<ul><li>\u2013 Le prix que vous fixez pour les shows priv\u00e9s, les photos, les vid\u00e9os et le Fanclub est le prix que les utilisateurs paient.<\/li><li>\u2013 Les 20 % de Jetons qui allaient auparavant dans le fonds TVA peuvent maintenant finir dans vos poches !<\/li><li>\u2013 <strong>Plus de marge pour vous, car les fans ach\u00e8teront davantage tout en d\u00e9pensant la m\u00eame somme.<\/strong><\/li><li>\u2013 Une exp\u00e9rience plus claire, plus directe et plus conviviale pour tout le monde.<\/li><\/ul>\n\n\n\n<p><br>\u200b<strong>\ud83d\udd25<\/strong> <strong>Qu\u2019est-ce qui change pour les shows priv\u00e9s CAM4 ?<\/strong><br>Le co\u00fbt que vous fixez pour vos shows priv\u00e9s sera le montant en Jetons que paieront vos spectateurs. Par exemple, si vous d\u00e9finissez un co\u00fbt de 10 Jetons par minute, l\u2019utilisateur paiera 10 Jetons par minute, sans frais suppl\u00e9mentaires.<br><br>La TVA additionnelle de 20 % sera pay\u00e9e par CAM4, afin de rendre les shows priv\u00e9s plus accessibles (ou irr\u00e9sistibles) pour davantage d\u2019utilisateurs !<\/p>\n\n\n\n<p>Diffusez sur CAM4 et partagez la nouvelle avec vos fans. Qu\u2019attendez-vous pour faire le plein de shows priv\u00e9s\u2026 encore plus longs ?! \ud83e\udde1<\/p>\n\n\n\n<h3>Cette nouveaut\u00e9 s\u2019applique \u00e0 tous les achats de :<\/h3>\n\n\n\n<p><strong>\u2013 Shows Priv\u00e9s<\/strong><\/p>\n\n\n\n<p><strong>\u2013 Shows espion<\/strong><\/p>\n\n\n\n<p><strong>\u2013 Photos et Vid\u00e9os<\/strong><\/p>\n\n\n\n<p><strong>\u2013 Abonnements Fan Club<\/strong><\/p>\n\n\n\n<p><strong>\u2013 Shows de groupe<\/strong><\/p>\n\n\n\n<p><strong>\u2013 Boost<\/strong><\/p>\n\n\n\n<p>\ud83d\udc49 Moins de co\u00fbts pour les utilisateurs, plus de gains pour vous !<\/p>\n\n\n\n<h3><strong>Vous pouvez d\u00e9sormais booster vos gains de 20 % !<\/strong><\/h3>\n\n\n\n<hr class=\"wp-block-separator\"\/>\n\n\n\n<p><\/p>\n\n\n\n<h2>\ud83d\udc96 Pourquoi faisons-nous cela ?<\/h2>\n\n\n\n<p>Parce que nous \u00e9coutons notre communaut\u00e9.<\/p>\n\n\n\n<p>De nombreux utilisateurs nous ont demand\u00e9 un moyen de rendre les shows et les contenus plus accessibles, et nous voulons r\u00e9pondre par un geste concret :<\/p>\n\n\n\n<ul><li>\u2013 <strong>R\u00e9duire les co\u00fbts pour les utilisateurs, sans toucher aux gains des mod\u00e8les.<\/strong><\/li><li>\u2013 <strong>Soutenir les cr\u00e9ateurs, en rendant plus facile pour les fans de les soutenir.<\/strong>.<\/li><\/ul>\n\n\n\n<p>Pour nous, il s\u2019agit d\u2019un investissement important, mais nous pensons que la valeur offerte aux utilisateurs et aux cr\u00e9ateurs est essentielle pour continuer \u00e0 faire grandir CAM4.<br><br>Nous ferons de notre mieux pour maintenir la prise en charge de la TVA aussi longtemps que possible.<\/p>\n\n\n\n<p><strong>Bienvenue sur un CAM4 encore plus accessible, plus transparent et plus avantageux. Amusez-vous bien ! \ud83d\udca6\ud83d\udd25<\/strong><\/p>\n\n\n\n<hr class=\"wp-block-separator\"\/>\n\n\n\n<h2>\u2753 Mini FAQ<\/h2>\n\n\n\n<p><strong>La suppression de la TVA s\u2019applique-t-elle uniquement aux shows priv\u00e9s ?<\/strong><br>Non : elle s\u2019applique aussi aux abonnements Fan Club, aux photos\/vid\u00e9os et aux posts du fil d\u2019actualit\u00e9.<\/p>\n\n\n\n<p><strong>Le prix que je fixe en tant que mod\u00e8le change-t-il ?<\/strong><br>Non. Ce que vous fixez est exactement ce que les utilisateurs paient.<\/p>\n\n\n\n<p><strong>La suppression de la TVA vaut-elle pour tout le monde ?<\/strong><br>Elle s\u2019applique \u00e0 tous les utilisateurs des pays de l\u2019UE o\u00f9 la TVA est en vigueur.<\/p>\n\n\n\n<p><strong>Les gains des mod\u00e8les augmentent-ils ?<\/strong><br>Les utilisateurs paient moins, mais d\u00e9pensent plus facilement. R\u00e9sultat : davantage de revenus potentiels pour les cr\u00e9ateurs.<\/p>\n","protected":false},"excerpt":{"rendered":"<p><a href=\"https:\/\/fr.cam4.com\/blog\/wp-content\/blogs.dir\/5\/files\/2025\/12\/image-1.png\"><\/a> <\/p>\n<p><strong>\u00c0 partir d\u2019aujourd\u2019hui, CAM4 prendra \u00e0 sa charge la TVA qui \u00e9tait support\u00e9e par les utilisateurs europ\u00e9ens ! Excellente nouvelle pour<\/p>\n","protected":false},"author":1,"featured_media":0,"parent":0,"menu_order":0,"comment_status":"closed","ping_status":"closed","template":"","meta":[],"_links":{"self":[{"href":"https:\/\/fr.cam4.com\/blog\/wp-json\/wp\/v2\/pages\/49331"}],"collection":[{"href":"https:\/\/fr.cam4.com\/blog\/wp-json\/wp\/v2\/pages"}],"about":[{"href":"https:\/\/fr.cam4.com\/blog\/wp-json\/wp\/v2\/types\/page"}],"author":[{"embeddable":true,"href":"https:\/\/fr.cam4.com\/blog\/wp-json\/wp\/v2\/users\/1"}],"replies":[{"embeddable":true,"href":"https:\/\/fr.cam4.com\/blog\/wp-json\/wp\/v2\/comments?post=49331"}],"version-history":[{"count":4,"href":"https:\/\/fr.cam4.com\/blog\/wp-json\/wp\/v2\/pages\/49331\/revisions"}],"predecessor-version":[{"id":49337,"href":"https:\/\/fr.cam4.com\/blog\/wp-json\/wp\/v2\/pages\/49331\/revisions\/49337"}],"wp:attachment":[{"href":"https:\/\/fr.cam4.com\/blog\/wp-json\/wp\/v2\/media?parent=49331"}],"curies":[{"name":"wp","href":"https:\/\/api.w.org\/{rel}","templated":true}]}}