{"id":37549,"date":"2022-11-30T14:10:05","date_gmt":"2022-11-30T13:10:05","guid":{"rendered":"https:\/\/www.cam4.fr\/blog\/?page_id=37549"},"modified":"2022-12-16T15:26:21","modified_gmt":"2022-12-16T14:26:21","slug":"concours-vip-cam4-du-1er-au-15-decembre-2022","status":"publish","type":"page","link":"https:\/\/fr.cam4.com\/blog\/concours-vip-cam4-du-1er-au-15-decembre-2022\/","title":{"rendered":"CONCOURS VIP CAM4 du 1er au 15 d\u00e9cembre 2022"},"content":{"rendered":"\n<h4>C&#8217;est no\u00ebl avant l&#8217;heure sur CAM4, et nous avons d\u00e9cid\u00e9 de relancer le concours VIP, couronnant les webcameur(se)s qui gagneront le plus de jetons du 1er au 15 d\u00e9cembre 2022<\/h4>\n\n\n\n<p> <br> <\/p>\n\n\n\n<h2 class=\"has-text-align-center\">8 PRIX VIP CAM4 France, Suisse, Belgique  \u2728<br><br>1\u00e8re prix: 500$<br>2\u00e8me prix: 300$<br>3\u00e8me prix: 200$<br>4\u00e8me prix: 100$<br>5\u00e8me prix: 75$<br>6\u00e8me prix: 50$<br>7\u00e8me prix : 50$<br>8\u00e8me prix : 50$<br><\/h2>\n\n\n\n<h2 class=\"has-text-align-center\">Classement Final<\/h2>\n\n\n\n<p class=\"has-text-align-center\">sexymini93000<br>charline<br>petitekim<br>saraah34<br>babygirl1989xxx<br>princessx_hot<br>lola_psyco<br>ce_leste<br><\/p>\n\n\n\n<p class=\"has-text-align-center has-pale-pink-background-color has-background has-medium-font-size\"><strong> Comment gagner l&#8217;un des prix\u202f? <\/strong><br><br>Diffusez sur CAM4 et gagnez autant de jetons que possible du 1er au 15 d\u00e9cembre. Le 16 d\u00e9cembre, les huit webcameur(se)s  qui auront gagn\u00e9 le plus de jetons recevront un de ces prix incroyables\u202f! <\/p>\n\n\n\n<h2 class=\"has-text-align-center\"> <\/h2>\n\n\n\n<p class=\"has-text-align-center has-medium-font-size\"> <em>Les webcameur(se)s \u00e9tant dans le TOP 20 recevront des mises \u00e0 jour hebdomadaires du classement provisoire via un message de notification sur CAM4.<\/em><br><\/p>\n\n\n\n<p class=\"has-text-align-center\"><\/p>\n\n\n\n<p class=\"has-text-align-center has-medium-font-size\"> <strong>\u26a0\ufe0fATTENTION! \u26a0\ufe0f<br>C&#8217;est le concours CAM4 France avec les prix les plus \u00e9lev\u00e9s. Les envois de jetons entre comptes, les accords avec les utilisateurs et d&#8217;autres webcameur(se)s ne seront ni autoris\u00e9s ni comptabilis\u00e9s afin de modifier les r\u00e9sultats du concours. <\/strong><\/p>\n\n\n\n<p class=\"has-text-align-left has-medium-font-size\"><em><strong>R\u00e8glement&nbsp;:<\/strong><\/em><br>&#8211; Les  webcameur(se)s les mieux r\u00e9mun\u00e9r\u00e9(e)s remporteront les prix. Les gains provenant de bonus, prix et autres ajustements ne seront pas comptabilis\u00e9s.<br>&#8211; Le d\u00e9compte des gains commencera le jeudi 1er d\u00e9cembre et se terminera le jeudi 15 d\u00e9cembre 2022 * (heure du serveur&nbsp;: de 5&nbsp;h&nbsp;00 le 1er d\u00e9cembre  \u00e0 5&nbsp;h&nbsp;00 le 16 d\u00e9cembre) *.<br>&#8211; Seuls les webcameur(se)s avec des comptes approuv\u00e9s peuvent gagner des prix.<br>&#8211; Les accords entre utilisateurs et webcameur(se)s ne sont pas autoris\u00e9s. Les jetons d&#8217;autres comptes doivent \u00eatre d\u00e9clar\u00e9s par courrier \u00e9lectronique \u00e0 l&#8217;adresse suivante&nbsp;: john@cam4.com<br>&#8211; <strong>Toute tentative de fraude ou de triche entra\u00eenera l&#8217;exclusion du concours.<\/strong><br>&#8211; <strong>Seuls les webcameur(se)s de France, Suisse et Belgique sont autoris\u00e9s (adresse IP).<\/strong><br>&#8211; Si vous N&#8217;AVEZ PAS l&#8217;intention de participer au concours et si vous ne souhaitez pas que votre nom apparaisse sur le tableau provisoire, envoyez un courrier \u00e9lectronique \u00e0 john@cam4.com en faisant r\u00e9f\u00e9rence au &#8220;concours VIP&#8221;. <br>&#8211; Le classement final sera publi\u00e9 le vendredi 16 d\u00e9cembre. Les gagnant(e)s recevront un message de notification. <br><\/p>\n","protected":false},"excerpt":{"rendered":"<p>C&#8217;est no\u00ebl avant l&#8217;heure sur CAM4, et nous avons d\u00e9cid\u00e9 de relancer le concours VIP, couronnant les webcameur(se)s qui gagneront le plus de<\/p>\n","protected":false},"author":1,"featured_media":37577,"parent":0,"menu_order":0,"comment_status":"closed","ping_status":"closed","template":"","meta":[],"_links":{"self":[{"href":"https:\/\/fr.cam4.com\/blog\/wp-json\/wp\/v2\/pages\/37549"}],"collection":[{"href":"https:\/\/fr.cam4.com\/blog\/wp-json\/wp\/v2\/pages"}],"about":[{"href":"https:\/\/fr.cam4.com\/blog\/wp-json\/wp\/v2\/types\/page"}],"author":[{"embeddable":true,"href":"https:\/\/fr.cam4.com\/blog\/wp-json\/wp\/v2\/users\/1"}],"replies":[{"embeddable":true,"href":"https:\/\/fr.cam4.com\/blog\/wp-json\/wp\/v2\/comments?post=37549"}],"version-history":[{"count":9,"href":"https:\/\/fr.cam4.com\/blog\/wp-json\/wp\/v2\/pages\/37549\/revisions"}],"predecessor-version":[{"id":37796,"href":"https:\/\/fr.cam4.com\/blog\/wp-json\/wp\/v2\/pages\/37549\/revisions\/37796"}],"wp:featuredmedia":[{"embeddable":true,"href":"https:\/\/fr.cam4.com\/blog\/wp-json\/wp\/v2\/media\/37577"}],"wp:attachment":[{"href":"https:\/\/fr.cam4.com\/blog\/wp-json\/wp\/v2\/media?parent=37549"}],"curies":[{"name":"wp","href":"https:\/\/api.w.org\/{rel}","templated":true}]}}