{"id":34336,"date":"2021-08-16T13:32:14","date_gmt":"2021-08-16T11:32:14","guid":{"rendered":"https:\/\/www.cam4.fr\/blog\/?page_id=34336"},"modified":"2021-09-01T19:26:05","modified_gmt":"2021-09-01T17:26:05","slug":"concours-vip-cam4-du-16-au-31-aout","status":"publish","type":"page","link":"https:\/\/fr.cam4.com\/blog\/concours-vip-cam4-du-16-au-31-aout\/","title":{"rendered":"CONCOURS VIP CAM4 du 16 au 31 ao\u00fbt"},"content":{"rendered":"\n<h4>Le plaisir en ligne ne s&#8217;arr\u00eate pas sur CAM4, et nous avons donc d\u00e9cid\u00e9 de lancer une nouvelle fois le concours VIP, couronnant le TOP webcameur(se)s qui gagneront le plus de jetons du 16 au 31 ao\u00fbt 2021<\/h4>\n\n\n\n<p> <br> <\/p>\n\n\n\n<h2 class=\"has-text-align-center\">8 PRIX VIP CAM4 France, Suisse, Belgique\u2728<br><br>1\u00e8re prix: 500$<br>2\u00e8me prix: 300$<br>3\u00e8me prix: 200$<br>4\u00e8me prix: 100$<br>5\u00e8me prix: 50$<br>6\u00e8me prix: 50$<br>7\u00e8me prix : 50$<br>8\u00e8me prix : 50$<\/h2>\n\n\n\n<p class=\"has-text-align-center\">CLASSEMENT FINAL <\/p>\n\n\n\n<p class=\"has-text-align-center\">petitekim<br>naikah <br>charline <br>desirmiss <br>babygirl1989xxx <br>marinella <br>carlalive1 <br>mymiesexy <\/p>\n\n\n\n<p class=\"has-text-align-center\"><br><\/p>\n\n\n\n<p class=\"has-text-align-center has-pale-pink-background-color has-background has-medium-font-size\"> Comment gagner l&#8217;un des prix? <br><br>Diffusez sur CAM4 et gagnez autant de jetons que possible du 16 au 31 ao\u00fbt 2021. Le 2 septembre, les huit webcameur(se)s  qui auront gagn\u00e9 le plus recevront un de ces prix incroyables! <\/p>\n\n\n\n<h2 class=\"has-text-align-center\"> <\/h2>\n\n\n\n<p class=\"has-text-align-center has-medium-font-size\"> <em>Les webcameur(se)s \u00e9tant dans le TOP 20 recevront des mises \u00e0 jour hebdomadaires du classement provisoire via un message de notification sur CAM4.<\/em><br><\/p>\n\n\n\n<p class=\"has-text-align-center\"><\/p>\n\n\n\n<p class=\"has-text-align-center has-medium-font-size\"> <strong>\u26a0\ufe0fATTENTION! \u26a0\ufe0f<br>C&#8217;est le concours CAM4 France avec les prix les plus \u00e9lev\u00e9s. Les envois de jetons entre comptes, les accords avec les utilisateurs et d&#8217;autres webcameur(se)s ne seront ni autoris\u00e9s ni comptabilis\u00e9s afin de modifier les r\u00e9sultats du concours. <\/strong><\/p>\n\n\n\n<p class=\"has-text-align-left has-medium-font-size\"><em><strong>R\u00e8glement:<\/strong><\/em><br>&#8211; Les  webcameur(se)s les mieux r\u00e9mun\u00e9r\u00e9(e)s remporteront les prix. Les gains provenant de bonus, prix et autres ajustements ne seront pas comptabilis\u00e9s.<br>&#8211; Le d\u00e9compte des gains commencera le lundi 16 ao\u00fbt et se terminera le mardi 31 ao\u00fbt 2021 * (heure du serveur: de 5h00 le  15 ao\u00fbt \u00e0 5h00 le 1er septembre) *.<br>&#8211; Seuls les webcameur(se)s avec des comptes approuv\u00e9s peuvent gagner des prix.<br>&#8211; Les accords entre utilisateurs et webcameur(se)s ne sont pas autoris\u00e9s. Les jetons d&#8217;autres comptes doivent \u00eatre d\u00e9clar\u00e9s par courrier \u00e9lectronique \u00e0 l&#8217;adresse suivante: john@cam4.com<br>&#8211; <strong>Toute tentative de fraude ou de triche entra\u00eenera l&#8217;exclusion du concours.<\/strong><br>&#8211; <strong>Seuls les webcameur(se)s de France, Suisse et Belgique sont autoris\u00e9s.<\/strong><br>&#8211; Si vous N&#8217;AVEZ PAS l&#8217;intention de participer au concours et si vous ne souhaitez pas que votre nom apparaisse sur le tableau provisoire, envoyez un courrier \u00e9lectronique \u00e0 john@cam4.com en faisant r\u00e9f\u00e9rence au &#8220;concours VIP&#8221;. <br>&#8211; Le classement final sera publi\u00e9 le jeudi 2 septembre. Les gagnants recevront un message de notification. <br><\/p>\n\n\n\n<div class=\"wp-block-image\"><figure class=\"aligncenter size-large is-resized\"><a href=\"https:\/\/www.cam4.fr\/blog\/wp-content\/blogs.dir\/5\/files\/2021\/09\/2048px-Euro_symbol.svg_.png\"><img loading=\"lazy\" src=\"https:\/\/www.cam4.fr\/blog\/wp-content\/blogs.dir\/5\/files\/2021\/09\/2048px-Euro_symbol.svg_-1024x1024.png\" alt=\"\" class=\"wp-image-34441\" width=\"166\" height=\"166\" srcset=\"https:\/\/fr.cam4.com\/blog\/wp-content\/blogs.dir\/5\/files\/2021\/09\/2048px-Euro_symbol.svg_-1024x1024.png 1024w, https:\/\/fr.cam4.com\/blog\/wp-content\/blogs.dir\/5\/files\/2021\/09\/2048px-Euro_symbol.svg_-300x300.png 300w, https:\/\/fr.cam4.com\/blog\/wp-content\/blogs.dir\/5\/files\/2021\/09\/2048px-Euro_symbol.svg_-150x150.png 150w, https:\/\/fr.cam4.com\/blog\/wp-content\/blogs.dir\/5\/files\/2021\/09\/2048px-Euro_symbol.svg_-768x768.png 768w, https:\/\/fr.cam4.com\/blog\/wp-content\/blogs.dir\/5\/files\/2021\/09\/2048px-Euro_symbol.svg_-1536x1536.png 1536w, https:\/\/fr.cam4.com\/blog\/wp-content\/blogs.dir\/5\/files\/2021\/09\/2048px-Euro_symbol.svg_.png 2048w\" sizes=\"(max-width: 166px) 100vw, 166px\" \/><\/a><\/figure><\/div>\n\n\n\n<p><\/p>\n","protected":false},"excerpt":{"rendered":"<p>Le plaisir en ligne ne s&#8217;arr\u00eate pas sur CAM4, et nous avons donc d\u00e9cid\u00e9 de lancer une nouvelle fois le concours VIP, couronnant<\/p>\n","protected":false},"author":1,"featured_media":0,"parent":0,"menu_order":0,"comment_status":"closed","ping_status":"closed","template":"","meta":[],"_links":{"self":[{"href":"https:\/\/fr.cam4.com\/blog\/wp-json\/wp\/v2\/pages\/34336"}],"collection":[{"href":"https:\/\/fr.cam4.com\/blog\/wp-json\/wp\/v2\/pages"}],"about":[{"href":"https:\/\/fr.cam4.com\/blog\/wp-json\/wp\/v2\/types\/page"}],"author":[{"embeddable":true,"href":"https:\/\/fr.cam4.com\/blog\/wp-json\/wp\/v2\/users\/1"}],"replies":[{"embeddable":true,"href":"https:\/\/fr.cam4.com\/blog\/wp-json\/wp\/v2\/comments?post=34336"}],"version-history":[{"count":6,"href":"https:\/\/fr.cam4.com\/blog\/wp-json\/wp\/v2\/pages\/34336\/revisions"}],"predecessor-version":[{"id":37568,"href":"https:\/\/fr.cam4.com\/blog\/wp-json\/wp\/v2\/pages\/34336\/revisions\/37568"}],"wp:attachment":[{"href":"https:\/\/fr.cam4.com\/blog\/wp-json\/wp\/v2\/media?parent=34336"}],"curies":[{"name":"wp","href":"https:\/\/api.w.org\/{rel}","templated":true}]}}