{"id":33010,"date":"2021-02-12T17:59:03","date_gmt":"2021-02-12T16:59:03","guid":{"rendered":"https:\/\/www.cam4.fr\/blog\/?page_id=33010"},"modified":"2021-02-12T17:59:12","modified_gmt":"2021-02-12T16:59:12","slug":"diffuser-avec-encodeur-splitcam-video-tuto","status":"publish","type":"page","link":"https:\/\/fr.cam4.com\/blog\/diffuser-avec-encodeur-splitcam-video-tuto\/","title":{"rendered":"Diffuser avec encodeur Splitcam &#8211; Vid\u00e9o tuto"},"content":{"rendered":"\n<p>Les encodeurs vid\u00e9o sont des logiciels externes \u00e0 CAM4 (tels que SplitCam, OBS et ManyCam) que vous pouvez installer sur votre PC et utiliser pour diffuser en direct sur CAM4.<br><\/p>\n\n\n\n<p>Voici quelques-uns des avantages que vous pouvez avoir en transmettant avec un encodeur:<\/p>\n\n\n\n<ul><li>Meilleure qualit\u00e9 vid\u00e9o et stabilit\u00e9 de la connexion<\/li><li>Ajoutez du texte, des images et des vid\u00e9os pendant votre diffusion<\/li><li>Ajouter des animations lorsque vous recevez des tips et aux sextoys (par exemple Lovense)<\/li><\/ul>\n\n\n\n<p><br><br>Splitcam est l&#8217;un des encodeurs les plus simples \u00e0 utiliser et offre une <strong>interface intuitive<\/strong> et une <strong>configuration rapide<\/strong>. Il permet \u00e9galement une meilleure int\u00e9gration avec les sextoys Lovense.<br><br><\/p>\n\n\n\n<h4 class=\"has-pale-cyan-blue-background-color has-background\"><br>&#8211; <strong>VIDEO TUTORIAL<\/strong>:<br>Installation, diffusion sur CAM4 et Lovense ToolKit<\/h4>\n\n\n\n<figure class=\"wp-block-video\"><video controls src=\"https:\/\/it.cam4.com\/blog\/wp-content\/blogs.dir\/3\/files\/2021\/02\/SplitCamTutorial-11_02.mp4\"><\/video><\/figure>\n\n\n\n<h4 class=\"has-pale-cyan-blue-background-color has-background\">1. Installez et configurez SPLITCAM<\/h4>\n\n\n\n<ul><li><strong>T\u00e9l\u00e9charger Splitcam<\/strong> (Windows\/ MacOs)<br> Vous pouvez le t\u00e9l\u00e9charger sur le site officiel de <a rel=\"noreferrer noopener\" href=\"https:\/\/splitcam.com\/\" target=\"_blank\">Splitcam.com<\/a> ou en <a rel=\"noreferrer noopener\" href=\"https:\/\/splitcam.com\/download\" target=\"_blank\"><em>cliquant ici<\/em><\/a>.<\/li><\/ul>\n\n\n\n<figure class=\"wp-block-image size-large\"><a href=\"https:\/\/splitcam.com\/download\" target=\"_blank\" rel=\"noopener noreferrer\"><img src=\"https:\/\/it.cam4.com\/blog\/wp-content\/blogs.dir\/3\/files\/2021\/02\/download-splitcam-1024x190.jpg\" alt=\"\" class=\"wp-image-38574\"\/><\/a><\/figure>\n\n\n\n<p><\/p>\n\n\n\n<ul><li>\u00c0 la fin de l&#8217;installation, Splitcam s&#8217;ouvrira avec son interface de diffusion.<\/li><\/ul>\n\n\n\n<figure class=\"wp-block-image size-large\"><img src=\"https:\/\/it.cam4.com\/blog\/wp-content\/blogs.dir\/3\/files\/2021\/02\/overall.jpg\" alt=\"\" class=\"wp-image-38575\"\/><\/figure>\n\n\n\n<ul><li><strong> Entr\u00e9e Video (Webcam):<\/strong><br>si vous NE visualisez PAS votre flux vid\u00e9o (\u00e9cran noir) il vous suffit d&#8217;ajouter votre source vid\u00e9o (votre webcam) en cliquant sur le + \u00e0 c\u00f4t\u00e9 de MEDIA LAYERS, cliquez sur Webcam en haut, puis donnez acc\u00e8s \u00e0 la webcam que vous utiliserez.<br><\/li><\/ul>\n\n\n\n<figure class=\"wp-block-image is-resized size-large\"><img loading=\"lazy\" src=\"https:\/\/it.cam4.com\/blog\/wp-content\/blogs.dir\/3\/files\/2021\/02\/add-webcam.jpg\" alt=\"\" class=\"wp-image-38577\" width=\"447\" height=\"200\"\/><\/figure>\n\n\n\n<ul><li><strong>Entr\u00e9e Audio (Microphono):<\/strong><br>Pour g\u00e9rer l&#8217;audio du microphone, cliquez sur le + \u00e0 c\u00f4t\u00e9 de AUDIO MIXER en bas, puis associez le microphone que vous utiliserez (Ajouter audio).<br><\/li><\/ul>\n\n\n\n<figure class=\"wp-block-image is-resized size-large\"><img loading=\"lazy\" src=\"https:\/\/it.cam4.com\/blog\/wp-content\/blogs.dir\/3\/files\/2021\/02\/add-audio.jpg\" alt=\"\" class=\"wp-image-38578\" width=\"466\" height=\"271\"\/><\/figure>\n\n\n\n<ul><li><strong>Flux et cl\u00e9 de diffusion CAM4:<\/strong><br>Avant de diffuser sur CAM4, vous devrez associer le canal de diffusion pour permettre \u00e0 Splitcam de diffuser sur CAM4 via votre cl\u00e9 de diffusion.<br><br>En haut \u00e0 droite, cliquez sur Stream Setting, puis Add Channel et s\u00e9lectionnez le canal CAM4.<\/li><\/ul>\n\n\n\n<figure class=\"wp-block-image is-resized size-large\"><img loading=\"lazy\" src=\"https:\/\/it.cam4.com\/blog\/wp-content\/blogs.dir\/3\/files\/2021\/02\/select-a-channel.jpg\" alt=\"\" class=\"wp-image-38580\" width=\"332\" height=\"280\"\/><\/figure>\n\n\n\n<ul><li> Dans les param\u00e8tres du stream, vous pourrez personnaliser le nom et <strong>vous devrez entrer votre cl\u00e9 CAM4 STREAM KEY personnelle<\/strong>.<br><br>Vous pouvez trouver votre cl\u00e9 de stream lors de l&#8217;ouverture de la fen\u00eatre de diffusion. Allez sur CAM4.com et connectez-vous, puis cliquez sur Envoyer et s\u00e9lectionnez l&#8217;onglet<strong> ENCODEUR EXTERNE<\/strong> en haut.<br><\/li><\/ul>\n\n\n\n<figure class=\"wp-block-image\"><img loading=\"lazy\" width=\"1024\" height=\"410\" src=\"https:\/\/www.cam4.fr\/blog\/wp-content\/blogs.dir\/5\/files\/2021\/02\/feef-1024x410.jpg\" alt=\"\" class=\"wp-image-33013\" srcset=\"https:\/\/fr.cam4.com\/blog\/wp-content\/blogs.dir\/5\/files\/2021\/02\/feef-1024x410.jpg 1024w, https:\/\/fr.cam4.com\/blog\/wp-content\/blogs.dir\/5\/files\/2021\/02\/feef-300x120.jpg 300w, https:\/\/fr.cam4.com\/blog\/wp-content\/blogs.dir\/5\/files\/2021\/02\/feef-768x308.jpg 768w, https:\/\/fr.cam4.com\/blog\/wp-content\/blogs.dir\/5\/files\/2021\/02\/feef.jpg 1498w\" sizes=\"(max-width: 1024px) 100vw, 1024px\" \/><\/figure>\n\n\n\n<ul><li>Cliquez sur Obtenir la cl\u00e9 de stream, puis copiez votre cl\u00e9 de stream  (notez que votre cl\u00e9 stream est personnelle et priv\u00e9e, ne la donnez \u00e0 personne).<br><br> Il ne vous reste plus qu&#8217;\u00e0 le coller sur SplitCam dans le champ STREAM KEY.<\/li><\/ul>\n\n\n\n<figure class=\"wp-block-image is-resized size-large\"><img loading=\"lazy\" src=\"https:\/\/it.cam4.com\/blog\/wp-content\/blogs.dir\/3\/files\/2021\/02\/stream-key.jpg\" alt=\"\" class=\"wp-image-38584\" width=\"358\" height=\"368\"\/><\/figure>\n\n\n\n<ul><li>Nous vous recommandons de laisser les param\u00e8tres recommand\u00e9s par le programme s\u00e9lectionn\u00e9 (Pr\u00e9r\u00e9glage recommand\u00e9) et de cliquer sur <strong>Enregistrer et ferme<\/strong>r. Si, plus tard, lors de votre diffusion sur CAM4 vous rencontrez des probl\u00e8mes, vous pouvez les modifier et les personnaliser (S\u00e9lectionnez Pr\u00e9r\u00e9glage).<\/li><\/ul>\n\n\n\n<h4 class=\"has-pale-cyan-blue-background-color has-background\"><strong>2. Diffuser avec Splitcam sur CAM4<\/strong><\/h4>\n\n\n\n<p>Une fois le logiciel Splitcam install\u00e9 et configur\u00e9, vous serez pr\u00eat \u00e0 diffuser  sur CAM4 via votre cl\u00e9 de stream.<br><\/p>\n\n\n\n<ul><li>Pour envoyer votre flux audio \/ vid\u00e9o vers CAM4, cliquez sur le bouton GO LIVE de Splitcam.<\/li><\/ul>\n\n\n\n<figure class=\"wp-block-image is-resized size-large\"><img loading=\"lazy\" src=\"https:\/\/it.cam4.com\/blog\/wp-content\/blogs.dir\/3\/files\/2021\/02\/go-live.jpg\" alt=\"\" class=\"wp-image-38588\" width=\"420\" height=\"115\"\/><\/figure>\n\n\n\n<ul><li>Revenez \u00e0 la fen\u00eatre de diffusion CAM4 et v\u00e9rifiez que votre flux vid\u00e9o et audio est pr\u00e9sent et que la qualit\u00e9 d&#8217;image est excellente ou bonne. <em>Remarque<\/em>: il est possible que le d\u00e9lai de diffusion diff\u00e8re de quelques secondes, mais cela ne devrait pas affecter votre show.<\/li><\/ul>\n\n\n\n<figure class=\"wp-block-image size-large\"><img src=\"https:\/\/it.cam4.com\/blog\/wp-content\/blogs.dir\/3\/files\/2021\/02\/finestra-trasmissione-splitcam.jpg\" alt=\"\" class=\"wp-image-38590\"\/><\/figure>\n\n\n\n<ul><li>Pour passer en direct sur CAM4, cliquez sur D\u00e9marrer la diffusion.<\/li><\/ul>\n\n\n\n<p><\/p>\n\n\n\n<h4 class=\"has-pale-cyan-blue-background-color has-background\">Connectez Lovense \u00e0 SplitCam<\/h4>\n\n\n\n<p>Vous pouvez associer votre sextoy Lovense (par exemple Lush, Hush etc.) \u00e0 SplitCam pour ajouter des animations et des images lorsque vous recevez des tips<br><br><\/p>\n\n\n\n<p>T\u00e9l\u00e9chargez le package <strong>Lovense ToolKit <\/strong>sur le site officiel de <a href=\"https:\/\/it.lovense.com\/cam-model\/download\">Lovense<\/a>.<br>     (Note : actuellement disponible uniquement pour Windows)<\/p>\n\n\n<div class=\"wp-block-image\">\n<figure class=\"aligncenter size-large is-resized\"><a href=\"https:\/\/it.lovense.com\/cam-model\/download\" target=\"_blank\" rel=\"noopener noreferrer\"><img loading=\"lazy\" class=\"wp-image-38593\" src=\"https:\/\/it.cam4.com\/blog\/wp-content\/blogs.dir\/3\/files\/2021\/02\/lovense-splitcam.jpg\" alt=\"\" width=\"300\" height=\"424\" \/><\/a><\/figure>\n<\/div>\n\n\n<ul><li>Une fois que vous avez t\u00e9l\u00e9charg\u00e9 le Toolset, ouvrez l&#8217;encodeur Splitcam et cliquez sur + \u00e0 c\u00f4t\u00e9 de Media Layer. Le plug-in Lovense Video Feedback appara\u00eetra dans le menu. S\u00e9lectionnez-le pour l&#8217;activer<br><\/li><\/ul>\n\n\n<div class=\"wp-block-image\">\n<figure class=\"aligncenter size-large is-resized\"><img loading=\"lazy\" class=\"wp-image-38594\" src=\"https:\/\/it.cam4.com\/blog\/wp-content\/blogs.dir\/3\/files\/2021\/02\/video-layer.jpg\" alt=\"\" width=\"357\" height=\"420\" \/><\/figure>\n<\/div>\n\n\n<ul><li>Lors de la diffusion sur CAM4, vous devriez voir l&#8217;ic\u00f4ne du plug-in Lovense (rappelez-vous que vous devrez activer l&#8217;extension Lovense dans votre navigateur, lisez ci-dessous comment t\u00e9l\u00e9charger l&#8217;extension *).<\/li><\/ul>\n\n\n\n<figure class=\"wp-block-image is-resized size-large\"><img loading=\"lazy\" src=\"https:\/\/it.cam4.com\/blog\/wp-content\/blogs.dir\/3\/files\/2021\/02\/test-tip.jpg\" alt=\"\" class=\"wp-image-38595\" width=\"505\" height=\"259\"\/><\/figure>\n\n\n\n<ul><li>Effectuez des tests pour v\u00e9rifier que le plug-in est activ\u00e9 et que votre sextoy Lovense r\u00e9pond correctement aux ordres re\u00e7us.<\/li><\/ul>\n\n\n\n<figure class=\"wp-block-image size-large\"><img src=\"https:\/\/it.cam4.com\/blog\/wp-content\/blogs.dir\/3\/files\/2021\/02\/sent-tip-lovense.jpg\" alt=\"\" class=\"wp-image-38596\"\/><\/figure>\n\n\n\n<p><em>*<\/em>Si vous ne disposez pas de l&#8217;extension Lovense (version 30.1.4 ou sup\u00e9rieure), vous pouvez la t\u00e9l\u00e9charger sur le site officiel de Lovense. Vous pouvez \u00e9galement t\u00e9l\u00e9charger le navigateur officiel et d&#8217;autres packages Lovense compatibles avec divers encodeurs.<\/p>\n\n\n\n<figure class=\"wp-block-image size-large\"><a href=\"https:\/\/it.lovense.com\/cam-model\/download\" target=\"_blank\" rel=\"noopener noreferrer\"><img src=\"https:\/\/it.cam4.com\/blog\/wp-content\/blogs.dir\/3\/files\/2021\/02\/lovense-download-1024x432.jpg\" alt=\"\" class=\"wp-image-38599\"\/><\/a><\/figure>\n\n\n\n<p><\/p>\n\n\n\n<p><strong>LIENS UTILES<\/strong><br>T\u00e9l\u00e9chargez ToolKit: <a rel=\"noreferrer noopener\" href=\"https:\/\/it.lovense.com\/cam-model\/download\" target=\"_blank\">lovense.com\/cam-model\/download<\/a><br>T\u00e9l\u00e9chargez  Splitcam: <a rel=\"noreferrer noopener\" href=\"https:\/\/splitcam.com\/download\" target=\"_blank\">splitcam.com\/download<\/a><br><br><strong>FAQ &#8211; CAM4:<\/strong><br><br><a rel=\"noreferrer noopener\" href=\"https:\/\/it.cam4.com\/faq\/obs-la-guida\" target=\"_blank\">GUIDE OBS <\/a><br><br><a href=\"https:\/\/www.cam4.fr\/faq\/depannage-streaming-2-0\">D\u00e9pannage des probl\u00e8mes de diffusion  &#8211; Streaming 2.0<\/a>                             <\/p>\n\n\n<p>&#8212;<\/p>","protected":false},"excerpt":{"rendered":"<p>Les encodeurs vid\u00e9o sont des logiciels externes \u00e0 CAM4 (tels que SplitCam, OBS et ManyCam) que vous pouvez installer sur votre PC et<\/p>\n","protected":false},"author":1,"featured_media":33017,"parent":0,"menu_order":0,"comment_status":"closed","ping_status":"closed","template":"","meta":[],"_links":{"self":[{"href":"https:\/\/fr.cam4.com\/blog\/wp-json\/wp\/v2\/pages\/33010"}],"collection":[{"href":"https:\/\/fr.cam4.com\/blog\/wp-json\/wp\/v2\/pages"}],"about":[{"href":"https:\/\/fr.cam4.com\/blog\/wp-json\/wp\/v2\/types\/page"}],"author":[{"embeddable":true,"href":"https:\/\/fr.cam4.com\/blog\/wp-json\/wp\/v2\/users\/1"}],"replies":[{"embeddable":true,"href":"https:\/\/fr.cam4.com\/blog\/wp-json\/wp\/v2\/comments?post=33010"}],"version-history":[{"count":7,"href":"https:\/\/fr.cam4.com\/blog\/wp-json\/wp\/v2\/pages\/33010\/revisions"}],"predecessor-version":[{"id":33019,"href":"https:\/\/fr.cam4.com\/blog\/wp-json\/wp\/v2\/pages\/33010\/revisions\/33019"}],"wp:featuredmedia":[{"embeddable":true,"href":"https:\/\/fr.cam4.com\/blog\/wp-json\/wp\/v2\/media\/33017"}],"wp:attachment":[{"href":"https:\/\/fr.cam4.com\/blog\/wp-json\/wp\/v2\/media?parent=33010"}],"curies":[{"name":"wp","href":"https:\/\/api.w.org\/{rel}","templated":true}]}}