{"id":32237,"date":"2020-11-11T15:49:17","date_gmt":"2020-11-11T14:49:17","guid":{"rendered":"https:\/\/www.cam4.fr\/blog\/?page_id=32237"},"modified":"2020-11-30T13:56:57","modified_gmt":"2020-11-30T12:56:57","slug":"crosscard-fin-2020","status":"publish","type":"page","link":"https:\/\/fr.cam4.com\/blog\/crosscard-fin-2020\/","title":{"rendered":"CROSSCARD prendra sa retraite le 31 D\u00c9CEMBRE 2020 &#8211; CAM4 propose de NOUVELLES excellentes solutions"},"content":{"rendered":"\n<h4 style=\"text-align:center\"><strong>La Crosscard s\u2019arr\u00eate le 31 d\u00e9cembre 2020<\/strong><\/h4>\n\n\n\n<p>Crosscard nous a inform\u00e9 qu&#8217;ils arr\u00eataient leur activit\u00e9 avec le contenu adulte \u00e0 partir du 31 d\u00e9cembre 2020.<br><br>Si vous avez un compte Crosscard, <em><strong>CAM4 continuera \u00e0 envoyer des fonds sur votre compte Crosscard jusqu&#8217;au 7 d\u00e9cembre 2020<\/strong><\/em> et vous pourrez toujours <strong><em>profiter des services de Crosscard jusqu&#8217;au 31 d\u00e9cembre 2020<\/em><\/strong> (cela signifie un transfert du compte vers un autre compte ou utilisez votre carte dans les magasins ou dans les guichets automatiques \/ distributeurs automatiques)<strong> CEPENDANT<em>, vous devez retirer de votre compte tout l&#8217;argent avant le 31 d\u00e9cembre 2020<\/em><\/strong>, date \u00e0 laquelle votre carte \/ compte sera annul\u00e9.<br><\/p>\n\n\n\n<h4 style=\"text-align:center\"><strong>CAM4 PROPOSE 4 AUTRES MODE DE PAIEMENTS RAPIDES<\/strong><\/h4>\n\n\n\n<div class=\"wp-block-image\"><figure class=\"alignleft is-resized\"><img loading=\"lazy\" src=\"https:\/\/www.cam4.fr\/blog\/wp-content\/blogs.dir\/5\/files\/2020\/11\/logo-virement-bancaire.png\" alt=\"\" class=\"wp-image-32226\" width=\"105\" height=\"48\" srcset=\"https:\/\/fr.cam4.com\/blog\/wp-content\/blogs.dir\/5\/files\/2020\/11\/logo-virement-bancaire.png 500w, https:\/\/fr.cam4.com\/blog\/wp-content\/blogs.dir\/5\/files\/2020\/11\/logo-virement-bancaire-300x139.png 300w\" sizes=\"(max-width: 105px) 100vw, 105px\" \/><\/figure><\/div>\n\n\n\n<p><\/p>\n\n\n\n<p style=\"text-align:center\"><strong>Les virements bancaires \u00e0 partir de 100$ sans frais<\/strong><br><br>Depuis le 09 novembre, et suite \u00e0 de nombreuses demandes, <strong><em>le montant minimum des virements bancaires est d\u00e9sormais de 100$<\/em><\/strong> (environ 80 Euros) au lieu de 250$. Il s&#8217;agit de la <strong>solution sans frais la plus simple<\/strong>, et il est possible de faire <em><strong>deux demandes de virements par semaines <\/strong><\/em>(Les virements sont pris en  charge tous les mardi et vendredi, il faut donc faire les demandes les  lundi et jeudi soir \u00e0 23:59 au plus tard)<\/p>\n\n\n\n<p style=\"text-align:center\"><\/p>\n\n\n\n<p><\/p>\n\n\n\n<div class=\"wp-block-image\"><figure class=\"alignleft is-resized\"><img loading=\"lazy\" src=\"https:\/\/www.cam4.fr\/blog\/wp-content\/blogs.dir\/5\/files\/2020\/11\/bg_logo.png\" alt=\"\" class=\"wp-image-32223\" width=\"145\" height=\"45\"\/><\/figure><\/div>\n\n\n\n<p style=\"text-align:center\"><strong>ePayService<\/strong><br><br>ePayService est un pilier en terme de carte de d\u00e9bit Mastercard. Cette carte est <strong><em>facile, rapide \u00e0 activer, gratuite et les demandes de paiement minimum sont de 50$<\/em><\/strong>. De plus la carte est s\u00e9curis\u00e9e avec un code confidentiel unique qui vous sera demand\u00e9 a chaque connexion afin d\u2019\u00e9viter tout probl\u00e8mes, et vous garantit donc toute la tranquillit\u00e9 d&#8217;une carte bancaire. <\/p>\n\n\n\n<p><\/p>\n\n\n\n<p><br><\/p>\n\n\n\n<div class=\"wp-block-image\"><figure class=\"alignleft is-resized\"><img loading=\"lazy\" src=\"https:\/\/www.cam4.fr\/blog\/wp-content\/blogs.dir\/5\/files\/2020\/11\/image_2020_11_11T11_39_57_277Z.png\" alt=\"\" class=\"wp-image-32224\" width=\"170\" height=\"76\"\/><\/figure><\/div>\n\n\n\n<p style=\"text-align:center\"><strong>Paxum <\/strong><br><br> Vous pouvez <strong><em>demander un paiement sur votre compte Paxum,  un virement sur votre compte ou commander votre carte pr\u00e9pay\u00e9e Paxum<\/em><\/strong>. Pour  utiliser ce mode de paiement cr\u00e9ez un compte en ligne en quelques minutes et vous pourrez connecter ce compte ult\u00e9rieurement \u00e0 votre Tableau de bord  Webcameur(se). <\/p>\n\n\n\n<p><\/p>\n\n\n\n<p><\/p>\n\n\n\n<div class=\"wp-block-image\"><figure class=\"alignleft is-resized\"><img loading=\"lazy\" src=\"https:\/\/www.cam4.fr\/blog\/wp-content\/blogs.dir\/5\/files\/2020\/11\/Capture.jpg\" alt=\"\" class=\"wp-image-32225\" width=\"184\" height=\"55\"\/><\/figure><\/div>\n\n\n\n<p style=\"text-align:center\"><strong>Bitsafe : NOUVEAU mode de paiement \u00e0 venir sur CAM4 <\/strong><br><br> CAM4 ajoutera une autre solution de paiement (avant le 6 d\u00e9cembre) avec BITSAFE.com qui propose les m\u00eames services que Crosscard:<br><strong><em> -Pas de frais ou montant minimum sur le compte pour recevoir une carte de d\u00e9bit<br> -Pas de frais de maintenance pendant les 6 premiers mois et jusqu&#8217;\u00e0 2 ans, une fois que les fonds ont \u00e9t\u00e9 t\u00e9l\u00e9charg\u00e9s dans le compte<br> -Virement jusqu\u2019\u00e0 5000 euros par mois<\/em><\/strong><\/p>\n\n\n\n<p><br><\/p>\n\n\n\n<h3 style=\"text-align:center\"><a href=\"https:\/\/www.cam4.fr\/training\/utilisez-le-tableau-de-bord-webcameurse\/options-de-paiement\"><strong>Pour plus d&#8217;informations sur les modes de paiement CAM4, cliquez ici<\/strong><\/a><\/h3>\n","protected":false},"excerpt":{"rendered":"<p><strong>La Crosscard s\u2019arr\u00eate le 31 d\u00e9cembre 2020<\/strong> <\/p>\n<p>Crosscard nous a inform\u00e9 qu&#8217;ils arr\u00eataient leur activit\u00e9 avec le contenu adulte \u00e0 partir du 31<\/p>\n","protected":false},"author":1,"featured_media":32240,"parent":0,"menu_order":0,"comment_status":"closed","ping_status":"closed","template":"","meta":[],"_links":{"self":[{"href":"https:\/\/fr.cam4.com\/blog\/wp-json\/wp\/v2\/pages\/32237"}],"collection":[{"href":"https:\/\/fr.cam4.com\/blog\/wp-json\/wp\/v2\/pages"}],"about":[{"href":"https:\/\/fr.cam4.com\/blog\/wp-json\/wp\/v2\/types\/page"}],"author":[{"embeddable":true,"href":"https:\/\/fr.cam4.com\/blog\/wp-json\/wp\/v2\/users\/1"}],"replies":[{"embeddable":true,"href":"https:\/\/fr.cam4.com\/blog\/wp-json\/wp\/v2\/comments?post=32237"}],"version-history":[{"count":1,"href":"https:\/\/fr.cam4.com\/blog\/wp-json\/wp\/v2\/pages\/32237\/revisions"}],"predecessor-version":[{"id":32391,"href":"https:\/\/fr.cam4.com\/blog\/wp-json\/wp\/v2\/pages\/32237\/revisions\/32391"}],"wp:featuredmedia":[{"embeddable":true,"href":"https:\/\/fr.cam4.com\/blog\/wp-json\/wp\/v2\/media\/32240"}],"wp:attachment":[{"href":"https:\/\/fr.cam4.com\/blog\/wp-json\/wp\/v2\/media?parent=32237"}],"curies":[{"name":"wp","href":"https:\/\/api.w.org\/{rel}","templated":true}]}}