{"id":32066,"date":"2020-10-30T15:28:23","date_gmt":"2020-10-30T14:28:23","guid":{"rendered":"https:\/\/www.cam4.fr\/blog\/?page_id=32066"},"modified":"2020-12-01T15:44:56","modified_gmt":"2020-12-01T14:44:56","slug":"concours-vip-de-novembre","status":"publish","type":"page","link":"https:\/\/fr.cam4.com\/blog\/concours-vip-de-novembre\/","title":{"rendered":"Concours VIP de novembre : 5000$ de prix \u00e0 gagner"},"content":{"rendered":"<p><!--StartFragment--><\/p>\n\n\n<h4>A l&#8217;heure d&#8217;un nouveau confinement, CAM4 pense a vous et vous propose un nouveau concours VIP avec des prix in\u00e9dits &#8230; les rassemblements et le plaisir en ligne ne s&#8217;arr\u00eatent pas sur CAM4!<\/h4>\n\n\n\n<p> <br>CAM4 France a d\u00e9cid\u00e9 de faire bouger les choses, relan\u00e7ant apr\u00e8s le succ\u00e8s des \u00e9ditions pr\u00e9c\u00e9dentes, le concours VIP qui couronnera les TOP Webcameur(se)s du mois de novembre, c\u2019est-\u00e0-dire ceux qui gagneront le plus de jetons sur CAM4 du 1er au 30 novembre 2020.  <br> <\/p>\n\n\n\n<h2 style=\"text-align:center\">10 PRIX VIP CAM4 France, Suisse, Belgique \u2728<br><br>1\u00e8re prix: 1800$<br>2\u00e8me prix: 1000$<br>3\u00e8me prix: 800$<br>4\u00e8me prix: 500$<br>5\u00e8me prix: 300$<br> 6\u00e8me prix: 200$<br> 7\u00e8me prix: 100$<br>  8\u00e8me prix: 100$<br>  9\u00e8me prix: 100$ <br>10\u00e8me prix: 100$<\/h2>\n\n\n\n<p style=\"text-align:center\"><strong> CLASSEMENT FINAL <\/strong><br><br><strong>cassy_cum<br> dollcam22<br> mymiesexy<br> minasauvage<br> analdelicious<br> lexee204<br> desirmiss<br> petitekim<br> lilithopium<br> claracokine1<\/strong><\/p>\n\n\n\n<p><br><\/p>\n\n\n\n<p style=\"text-align:center\" class=\"has-background has-medium-font-size has-pale-pink-background-color\"> Comment gagner l&#8217;un des prix? <br><br>Diffusez sur CAM4 et gagnez autant de jetons que possible du  du 1er au 30 novembre 2020. Le 2 d\u00e9cembre, les dix webcameur(se)s qui auront gagn\u00e9 le plus de jetons recevront un de ces prix incroyables! <\/p>\n\n\n\n<h2 style=\"text-align:center\"> <\/h2>\n\n\n\n<p style=\"text-align:center\" class=\"has-medium-font-size\"> <em>Les webcameur(se)s \u00e9tant dans le TOP 20 recevront des mises \u00e0 jour hebdomadaires du classement provisoire via un message de notification sur CAM4.<\/em><br><\/p>\n\n\n\n<p style=\"text-align:center\"><\/p>\n\n\n\n<p style=\"text-align:center\" class=\"has-medium-font-size\"> <strong>\u26a0\ufe0fATTENTION! \u26a0\ufe0f<br>C&#8217;est le concours CAM4 France avec les prix les plus \u00e9lev\u00e9s. Les envois de jetons entre comptes, les accords avec les utilisateurs et d&#8217;autres webcameur(se)s ne seront ni autoris\u00e9s ni comptabilis\u00e9s afin de modifier les r\u00e9sultats du concours. Toute triches entra\u00eenera l&#8217;exclusion d\u00e9finitive du concours.<\/strong><\/p>\n\n\n\n<p style=\"text-align:left\" class=\"has-medium-font-size\"><em><strong>R\u00e8glement:<\/strong><\/em><br><br>&#8211; Les 10 webcameur(se)s les mieux r\u00e9mun\u00e9r\u00e9(e)s remporteront les prix. Les gains provenant de bonus, prix et autres ajustements ne seront pas comptabilis\u00e9s.<br>&#8211; Le d\u00e9compte des gains commencera le dimanche 1er novembre et se terminera le lundi 3 novembre 2020 * (heure du serveur: de 5h00 le 1er novembre \u00e0 5h00 le 1er d\u00e9cembre).<br>&#8211; Maximum de 3000$ par tippeur (Si diff\u00e9rents comptes sont utilis\u00e9s par le tippeur, cela sera consid\u00e9r\u00e9 comme de la triche) <br>&#8211; Seuls les webcameur(se)s avec des comptes approuv\u00e9s peuvent gagner des prix.<br>&#8211; Les accords entre utilisateurs et webcameur(se)s ne sont pas autoris\u00e9s. Les jetons d&#8217;autres comptes doivent \u00eatre d\u00e9clar\u00e9s par courrier \u00e9lectronique \u00e0 l&#8217;adresse suivante: john@cam4.com<br>&#8211; <strong>Toute tentative de fraude ou de triche entra\u00eenera l&#8217;exclusion d\u00e9finitive du concours.<\/strong><br>&#8211; <strong>Seuls les webcameur(se)s de France, Suisse et Belgique sont autoris\u00e9s.<\/strong><br>&#8211; Si vous N&#8217;AVEZ PAS l&#8217;intention de participer au concours et si vous ne souhaitez pas que votre nom apparaisse sur le tableau provisoire, envoyez un courrier \u00e9lectronique \u00e0 john@cam4.com en faisant r\u00e9f\u00e9rence au &#8220;concours VIP&#8221;. <br>&#8211; Le classement final sera publi\u00e9 le mardi 2 d\u00e9cembre 2020. Les gagnants recevront un message de notification. <br><\/p>\n\n\n<p><!--EndFragment--><\/p>","protected":false},"excerpt":{"rendered":"<\/p>\n<p> A l&#8217;heure d&#8217;un nouveau confinement, CAM4 pense a vous et vous propose un nouveau concours VIP avec des prix in\u00e9dits &#8230; les<\/p>\n","protected":false},"author":1,"featured_media":32070,"parent":0,"menu_order":0,"comment_status":"closed","ping_status":"closed","template":"","meta":[],"_links":{"self":[{"href":"https:\/\/fr.cam4.com\/blog\/wp-json\/wp\/v2\/pages\/32066"}],"collection":[{"href":"https:\/\/fr.cam4.com\/blog\/wp-json\/wp\/v2\/pages"}],"about":[{"href":"https:\/\/fr.cam4.com\/blog\/wp-json\/wp\/v2\/types\/page"}],"author":[{"embeddable":true,"href":"https:\/\/fr.cam4.com\/blog\/wp-json\/wp\/v2\/users\/1"}],"replies":[{"embeddable":true,"href":"https:\/\/fr.cam4.com\/blog\/wp-json\/wp\/v2\/comments?post=32066"}],"version-history":[{"count":5,"href":"https:\/\/fr.cam4.com\/blog\/wp-json\/wp\/v2\/pages\/32066\/revisions"}],"predecessor-version":[{"id":32424,"href":"https:\/\/fr.cam4.com\/blog\/wp-json\/wp\/v2\/pages\/32066\/revisions\/32424"}],"wp:featuredmedia":[{"embeddable":true,"href":"https:\/\/fr.cam4.com\/blog\/wp-json\/wp\/v2\/media\/32070"}],"wp:attachment":[{"href":"https:\/\/fr.cam4.com\/blog\/wp-json\/wp\/v2\/media?parent=32066"}],"curies":[{"name":"wp","href":"https:\/\/api.w.org\/{rel}","templated":true}]}}