{"id":31481,"date":"2020-08-14T12:21:38","date_gmt":"2020-08-14T10:21:38","guid":{"rendered":"https:\/\/www.cam4.fr\/blog\/?page_id=31481"},"modified":"2020-09-01T16:52:27","modified_gmt":"2020-09-01T14:52:27","slug":"concours-vip-daout","status":"publish","type":"page","link":"https:\/\/fr.cam4.com\/blog\/concours-vip-daout\/","title":{"rendered":"Concours VIP d\u2019ao\u00fbt"},"content":{"rendered":"\n<h4> Ces semaines pass\u00e9es dans la solitude \u00e0 la maison peuvent \u00eatre extr\u00eamement ennuyeuses&#8230; Heureusement, les rassemblements et le plaisir en ligne ne s&#8217;arr\u00eatent pas sur CAM4!<\/h4>\n\n\n\n<p> <br>CAM4 France a d\u00e9cid\u00e9 de faire bouger les choses, relan\u00e7ant apr\u00e8s le succ\u00e8s des \u00e9ditions pr\u00e9c\u00e9dentes, le concours VIP qui couronnera les TOP Webcameur(se)s du mois d\u2019ao\u00fbt , c&#8217;est \u00e0 dire ceux qui gagneront le plus de jetons sur CAM4 du 15 au 31 ao\u00fbt 2020.  <br> <\/p>\n\n\n\n<h2 style=\"text-align:center\">4 PRIX VIP CAM4 France, Suisse, Belgique\u2728<br><br>1\u00e8re prix: 500$<br>2\u00e8me prix: 250$<br>3\u00e8me prix: 150$<br>4\u00e8me prix: 100$<br>5\u00e8me prix: 50$<br>6eme prix: 30$<\/h2>\n\n\n\n<p style=\"text-align:center\"> <strong>CLASSEMENT FINAL: <br><br>cassy_cum<br> minasauvage<br> petitekim<br> larasexgirl<br> joyhot_<br> naikah<\/strong><\/p>\n\n\n\n<p><br><br><\/p>\n\n\n\n<p style=\"text-align:center\" class=\"has-background has-medium-font-size has-pale-pink-background-color\"> Comment gagner l&#8217;un des prix? <br><br>Diffusez sur CAM4 et gagnez autant de jetons que possible du 15 au 31 ao\u00fbt. Le 2 septembre, les six webcameur(se)s  qui auront gagn\u00e9 le plus recevront un de ces prix incroyables! <\/p>\n\n\n\n<h2 style=\"text-align:center\"> <\/h2>\n\n\n\n<p style=\"text-align:center\" class=\"has-medium-font-size\"> <em>Les webcameur(se)s \u00e9tant dans le TOP 20 recevront des mises \u00e0 jour hebdomadaires du classement provisoire via un message de notification sur CAM4.<\/em><br><\/p>\n\n\n\n<p style=\"text-align:center\"><\/p>\n\n\n\n<p style=\"text-align:center\" class=\"has-medium-font-size\"> <strong>\u26a0\ufe0fATTENTION! \u26a0\ufe0f<br>C&#8217;est le concours CAM4 France avec les prix les plus \u00e9lev\u00e9s. Les envois de jetons entre comptes, les accords avec les utilisateurs et d&#8217;autres webcameur(se)s ne seront ni autoris\u00e9s ni comptabilis\u00e9s afin de modifier les r\u00e9sultats du concours. <\/strong><\/p>\n\n\n\n<p style=\"text-align:left\" class=\"has-medium-font-size\"><em><strong>R\u00e8glement:<\/strong><\/em><br> <strong>&#8211; Les gagnants de la pr\u00e9c\u00e9dente \u00e9dition ne peuvent pas participer<\/strong> <strong>(VIP Mai)<\/strong> <br>&#8211; Les 6 webcameur(se)s les mieux r\u00e9mun\u00e9r\u00e9(e)s remporteront les prix. Les gains provenant de bonus, prix et autres ajustements ne seront pas comptabilis\u00e9s.<br>&#8211; Le d\u00e9compte des gains commencera le samedi 15 ao\u00fbt et se terminera le lundi 31 ao\u00fbt 2020 * (heure du serveur: de 5h00 le 15 ao\u00fbt  \u00e0 5h00 le 1er septembre ) *.<br>&#8211; Seuls les webcameur(se)s avec des comptes approuv\u00e9s peuvent gagner des prix.<br>&#8211; Les accords entre utilisateurs et webcameur(se)s ne sont pas autoris\u00e9s. Les jetons d&#8217;autres comptes doivent \u00eatre d\u00e9clar\u00e9s par courrier \u00e9lectronique \u00e0 l&#8217;adresse suivante: cam4_fr@cam4.com<br>&#8211; <strong>Toute tentative de fraude ou de triche entra\u00eenera l&#8217;exclusion du concours.<\/strong><br>&#8211; <strong>Seuls les webcameur(se)s de France, Suisse et Belgique sont autoris\u00e9s.<\/strong><br>&#8211; Si vous N&#8217;AVEZ PAS l&#8217;intention de participer au concours et si vous ne souhaitez pas que votre nom apparaisse sur le tableau provisoire, envoyez un courrier \u00e9lectronique \u00e0 john@cam4.com en faisant r\u00e9f\u00e9rence au &#8220;concours VIP&#8221;. <br>&#8211; Le classement final sera publi\u00e9 le mercredi 2 septembre 2020. Les gagnants recevront un message de notification. <br><\/p>\n\n\n\n<p><\/p>\n","protected":false},"excerpt":{"rendered":"<p>Ces semaines pass\u00e9es dans la solitude \u00e0 la maison peuvent \u00eatre extr\u00eamement ennuyeuses&#8230; Heureusement, les rassemblements et le plaisir en ligne ne s&#8217;arr\u00eatent<\/p>\n","protected":false},"author":1,"featured_media":31548,"parent":0,"menu_order":0,"comment_status":"closed","ping_status":"closed","template":"","meta":[],"_links":{"self":[{"href":"https:\/\/fr.cam4.com\/blog\/wp-json\/wp\/v2\/pages\/31481"}],"collection":[{"href":"https:\/\/fr.cam4.com\/blog\/wp-json\/wp\/v2\/pages"}],"about":[{"href":"https:\/\/fr.cam4.com\/blog\/wp-json\/wp\/v2\/types\/page"}],"author":[{"embeddable":true,"href":"https:\/\/fr.cam4.com\/blog\/wp-json\/wp\/v2\/users\/1"}],"replies":[{"embeddable":true,"href":"https:\/\/fr.cam4.com\/blog\/wp-json\/wp\/v2\/comments?post=31481"}],"version-history":[{"count":1,"href":"https:\/\/fr.cam4.com\/blog\/wp-json\/wp\/v2\/pages\/31481\/revisions"}],"predecessor-version":[{"id":37571,"href":"https:\/\/fr.cam4.com\/blog\/wp-json\/wp\/v2\/pages\/31481\/revisions\/37571"}],"wp:featuredmedia":[{"embeddable":true,"href":"https:\/\/fr.cam4.com\/blog\/wp-json\/wp\/v2\/media\/31548"}],"wp:attachment":[{"href":"https:\/\/fr.cam4.com\/blog\/wp-json\/wp\/v2\/media?parent=31481"}],"curies":[{"name":"wp","href":"https:\/\/api.w.org\/{rel}","templated":true}]}}