{"id":31143,"date":"2020-07-07T14:32:52","date_gmt":"2020-07-07T12:32:52","guid":{"rendered":"https:\/\/www.cam4.fr\/blog\/?page_id=31143"},"modified":"2020-07-08T19:10:14","modified_gmt":"2020-07-08T17:10:14","slug":"crosscard-promo-july-2020","status":"publish","type":"page","link":"https:\/\/fr.cam4.com\/blog\/crosscard-promo-july-2020\/","title":{"rendered":"Demandez une CAM4-Crosscard en Juillet\/Ao\u00fbt et gagnez 6 mois gratuits de frais de maintenance en plus d&#8217;une livraison gratuite!"},"content":{"rendered":"\n<h4><a href=\"https:\/\/www.cam4.fr\/blog\/files\/2019\/08\/cam4crosscard-FR.jpg\"><\/a><\/h4>\n\n\n\n<h4><strong>Vous n&#8217;avez pas encore demand\u00e9 une CAM4-Crosscard? <\/strong> <strong><em> <\/em>Du 9 Juillet  au 31 ao\u00fbt 2020<\/strong> <strong>, vous pourrez en faire la demande et obtenir les 6 premiers mois gratuits de frais de maintenance en plus d&#8217;une livraison gratuite!<br><\/strong><\/h4>\n\n\n\n<p><strong>Avec une CAM4-Crosscard<\/strong> <em>(carte pr\u00e9pay\u00e9e Mastercard)<\/em><strong>, vous pouvez:<\/strong><\/p>\n\n\n\n<p>\u2022<strong> Demander des paiement quotidiens, gratuits et INSTANTAN\u00c9<\/strong>S en euros de vos jetons gagn\u00e9s sur CAM4 (avec un paiement minimum \u00e0 partir de seulement 75 $)<\/p>\n\n\n\n<p>\u2022<strong> Retirez de l&#8217;argent dans tous les guichets automatiques et effectuez facilement vos achats en ligne <\/strong>ou dans tous les magasins desservant le circuit Mastercard.<\/p>\n\n\n\n<p><em>CAM4-CrossCard est un syst\u00e8me de paiement <strong>s\u00e9curis\u00e9 et fiable<\/strong>, approuv\u00e9 par la FCA Financial Authority du Royaume-Uni et a collabor\u00e9 avec Paypal, Citi ventures et FPE Grou<\/em>!<strong> D\u00e9p\u00eachez-vous! Vous avez jusqu&#8217;au 30 Avril pour activer cette offre.<\/strong><\/p>\n\n\n\n<h4><strong><a href=\"https:\/\/www.cam4.com\/training\/les-concours-cam-4\/options-de-paiement\" target=\"_blank\" rel=\"noreferrer noopener\">D\u00e9couvrez comment demander CAM4-Crosscard sans frais pendant 6 mois!<\/a><\/strong><\/h4>\n\n\n\n<p>&nbsp;__________________________________________<\/p>\n\n\n\n<p><strong>Conditions g\u00e9n\u00e9rales:<br><\/strong><em>Promotion r\u00e9serv\u00e9e aux webcameur(se)s r\u00e9sident(e)s en Europe qui n&#8217;ont<strong> pas encore activ\u00e9 une carte CAM4-Crosscard et pour lesquels CAM4 Crosscard n&#8217;est pas leur mode de paiement actuel par d\u00e9faut.<\/strong><\/em><\/p>\n\n\n\n<p><strong><em>P\u00e9riode de validit\u00e9 de la promotion: du 9 Juillet  au 31 Ao\u00fbt\u00a0 2020.<\/em><\/strong><\/p>\n\n\n\n<p><em><strong>*Demander une CAM4-Crosscard en Avril vous fera \u00e9conomiser 2$ par mois pendant 6 mois<\/strong>.<\/em> (<em>\u00c0 la fin de la p\u00e9riode d\u2019essai gratuite de 6 mois, vous aurez la possibilit\u00e9 de revenir \u00e0 votre ancien mode de paiement ou de continuer \u00e0 utiliser CAM4-Crosscard en ne payant que 2$ par mois pour les frais de maintenance.)<\/em><\/p>\n\n\n\n<p><em>La CAM4-Crosscard ne peut \u00eatre demand\u00e9e que par l\u2019interm\u00e9diaire du Tableau de bord webcameur(se) et ne peut \u00eatre utilis\u00e9e que pour retirer l\u2019argent gagn\u00e9 sur CAM4.<\/em><\/p>\n\n\n\n<p><em>Crosscard ne r\u00e9pondra pas directement aux demandes d&#8217;activation de nouvelles cartes effectu\u00e9es via son site.<\/em><\/p>\n\n\n\n<p>Pour toutes questions contactez <a href=\"mailto:john@cam4.com\" target=\"_blank\" rel=\"noreferrer noopener\">john@cam4.com<\/a><\/p>\n","protected":false},"excerpt":{"rendered":"<p><a href=\"https:\/\/www.cam4.fr\/blog\/files\/2019\/08\/cam4crosscard-FR.jpg\"><\/a> <strong>Vous n&#8217;avez pas encore demand\u00e9 une CAM4-Crosscard? <\/strong> <strong><em> <\/em>Du 9 Juillet au 31 ao\u00fbt 2020<\/strong> <strong>, vous pourrez en faire<\/p>\n","protected":false},"author":1,"featured_media":31179,"parent":0,"menu_order":0,"comment_status":"closed","ping_status":"closed","template":"","meta":[],"_links":{"self":[{"href":"https:\/\/fr.cam4.com\/blog\/wp-json\/wp\/v2\/pages\/31143"}],"collection":[{"href":"https:\/\/fr.cam4.com\/blog\/wp-json\/wp\/v2\/pages"}],"about":[{"href":"https:\/\/fr.cam4.com\/blog\/wp-json\/wp\/v2\/types\/page"}],"author":[{"embeddable":true,"href":"https:\/\/fr.cam4.com\/blog\/wp-json\/wp\/v2\/users\/1"}],"replies":[{"embeddable":true,"href":"https:\/\/fr.cam4.com\/blog\/wp-json\/wp\/v2\/comments?post=31143"}],"version-history":[{"count":0,"href":"https:\/\/fr.cam4.com\/blog\/wp-json\/wp\/v2\/pages\/31143\/revisions"}],"wp:featuredmedia":[{"embeddable":true,"href":"https:\/\/fr.cam4.com\/blog\/wp-json\/wp\/v2\/media\/31179"}],"wp:attachment":[{"href":"https:\/\/fr.cam4.com\/blog\/wp-json\/wp\/v2\/media?parent=31143"}],"curies":[{"name":"wp","href":"https:\/\/api.w.org\/{rel}","templated":true}]}}