{"id":31123,"date":"2020-07-03T12:41:59","date_gmt":"2020-07-03T10:41:59","guid":{"rendered":"https:\/\/www.cam4.fr\/blog\/?page_id=31123"},"modified":"2020-07-06T11:56:12","modified_gmt":"2020-07-06T09:56:12","slug":"telechargez-vos-photos-softcore-et-gagnez-des-prix-quotidiens-6-12-juillet","status":"publish","type":"page","link":"https:\/\/fr.cam4.com\/blog\/telechargez-vos-photos-softcore-et-gagnez-des-prix-quotidiens-6-12-juillet\/","title":{"rendered":"T\u00e9l\u00e9chargez vos photos Softcore et gagnez des prix quotidiens! (6-12 juillet)"},"content":{"rendered":"<p style=\"text-align: center;\">\n<p style=\"text-align: center;\"><strong>Du lundi 6 au dimanche 12 juillet sur CAM4 un nouveau concours d\u00e9di\u00e9 aux photos softcore (SFW &#8211; Safe for Work) avec des prix quotidiens qui vous attendent!<\/strong><\/p>\n<p>Pour participer, t\u00e9l\u00e9chargez une photo sexy et soft (sans organes g\u00e9nitaux visibles ni sc\u00e8nes de sexe r\u00e9elles ou simul\u00e9es) dans la nouvelle galerie SFW de votre profil CAM4 et partagez-la sur Twitter via le tag #Cam4SFW ou par e-mail \u00e0 john@cam4.com<br \/>\n(lire les r\u00e8gles compl\u00e8tes ci-dessous) *<\/p>\n<p style=\"text-align: center;\">\n<h2 style=\"text-align: center;\"><strong><span style=\"color: #ff00ff;\">PRIX CAM4 France, Suisse, Belgique<\/span><br \/>\n<\/strong><\/h2>\n<p style=\"text-align: center;\"><strong>3 prix journaliers + un prix final CAM4 France, Suisse, Belgique!<\/strong><\/p>\n<p style=\"text-align: center;\"><span style=\"color: #ff00ff;\">3 PRIX PAR JOUR (150 jetons)<\/span><br \/>\n<em>Chaque jour, CAM4 France, Suisse, Belgique choisira 3 photos parmi toutes les nouvelles photos SFW t\u00e9l\u00e9charg\u00e9es et leur attribuera un prix de 150 jetons! ( Le m\u00eame webcameur(se) ne peut gagner qu&#8217;une seule fois)<\/em><\/p>\n<p style=\"text-align: center;\"><em><br \/>\n<\/em><span style=\"color: #000000;\"><strong>+<\/strong><\/span><em><br \/>\n<\/em><\/p>\n<p style=\"text-align: center;\"><span style=\"color: #ff00ff;\">CAM4 France Prix Final (500 jetons)<\/span><br \/>\n\u00c0 la fin du concours, CAM4 France, Suisse, Belgique choisira un gagnant parmi les photos gagnantes du jour et d\u00e9cernera un prix de 50 $!<\/p>\n<p style=\"text-align: center;\"><img loading=\"lazy\" class=\"aligncenter size-full wp-image-43209\" src=\"https:\/\/performers.cam4.com\/wp-content\/uploads\/sfw-index.jpg\" alt=\"\" width=\"1980\" height=\"250\" \/><\/p>\n<h2 style=\"text-align: center;\"><span style=\"color: #ff00ff;\"><strong>COMMENT PARTICIPER<\/strong><\/span><\/h2>\n<ul>\n<li><em><em><em>Entre le 6 et le 12 juillet, t\u00e9l\u00e9chargez au moins une nouvelle photo SFW dans la nouvelle galerie SFW pour participer au tirage au sort de la journ\u00e9e.<br \/>\nLa photo soft (SFW) doit :<\/em><\/em><\/em><\/p>\n<p>&#8211; NE PAS CONTENIR d&#8217;images des organes g\u00e9nitaux: PAS de vagin, de p\u00e9nis, de testicules<br \/>\n(La poitrine, t\u00e9tons, fesses d\u00e9couvertes sont accept\u00e9es)<\/p>\n<p>&#8211; NE PAS CONTENIR de sc\u00e8nes de sexe (r\u00e9elles ou simul\u00e9es).<\/p>\n<p>&#8211; \u00catre un nouvelle photo de bonne qualit\u00e9 ( sans trop de filtres)<\/p>\n<p>&#8211; appartenir au webcameur(se) (pas de photos d&#8217;autres personnes)<\/p>\n<p>Partagez votre photo SFW du jour sur Twitter ou par email:<\/p>\n<p>&#8211; TWITTER: partagez la photo en ins\u00e9rant le hashtag #Cam4SFW et un lien vers votre profil CAM4<\/p>\n<p>&#8211; EMAIL: si vous n&#8217;avez pas Twitter, vous pouvez envoyer un email \u00e0 john@cam4.com avec le sujet du concours SFW et un lien vers votre profil cam4.<\/li>\n<\/ul>\n<p><img loading=\"lazy\" class=\"alignnone size-full wp-image-43227\" src=\"https:\/\/performers.cam4.com\/wp-content\/uploads\/SFW-MEN.jpg\" alt=\"\" width=\"635\" height=\"315\" \/><\/p>\n<p style=\"text-align: center;\">\n<p><em><span style=\"color: #ff00ff;\">Comment t\u00e9l\u00e9charger votre photo douce (SFW)<\/span><\/em><\/p>\n<p><em> Aller dans votre profil, modifiez votre profil et cliquez sur Galerie, puis dans la section Galerie SFW, t\u00e9l\u00e9chargez vos photos softcore.<br \/>\n<a href=\"https:\/\/www.cam4.fr\/training\/augmentez-vos-voyeurs\/augmentez-vos-voyeurs-avec-des-photos-sfw-save-for-work\">Voir notre article sur les images SOFTCORE &#8230; et comment les t\u00e9l\u00e9charger!<\/a><\/em><\/p>\n<p style=\"text-align: left;\"><em>Le contenu Softcore <span id=\"result_box\" class=\"\" lang=\"fr\"><span class=\"\">permet aux moteurs de recherche, aux plates-formes de r\u00e9seaux sociaux et aux pare-feu de filtrer ce qu&#8217;ils jugent appropri\u00e9 d&#8217;\u00eatre visibles par tous les publics.<\/span> <span class=\"\">Pour cette raison, vos images et votre profil CAM4 auront plus de visibilit\u00e9. <\/span><\/span><br \/>\n<\/em><\/p>\n<h2><strong><a href=\"https:\/\/www.cam4.fr\/blog\/concours\/les-photos-les-plus-sexy-de-la-semaine-cam4-consacree-a-la-sensualite\/\"><em><span style=\"color: #ff00ff;\">Pour voir la galerie des gagnants de la derni\u00e8re \u00e9dition, cliquez ici!<\/span><\/em><\/a><\/strong><\/h2>\n<p><a href=\"https:\/\/it.blogs.cam4.com\/contest-sfw-foto-sexy-2018\/\"><img loading=\"lazy\" class=\"aligncenter size-full wp-image-43208\" src=\"https:\/\/performers.cam4.com\/wp-content\/uploads\/l4dy_hot.jpg\" alt=\"\" width=\"1200\" height=\"800\" \/><\/a><\/p>\n<h2><span style=\"color: #ff00ff;\"><strong>R\u00e8glement<br \/>\n<\/strong><\/span><\/h2>\n<p>-Concours valable uniquement pour les artistes avec le drapeau francais ?? dans le profil CAM4. Si vous avez actuellement un pays autre que la France , v\u00e9rifiez dans la section concours si le pays de votre drapeau CAM4\u00a0 participe au concours: <a href=\"https:\/\/cam4.com\/training\">cam4.com\/training<\/a><br \/>\n&#8211; Seules les nouvelles photos soft t\u00e9l\u00e9charg\u00e9es le jour du gain du prix quotidien seront consid\u00e9r\u00e9es comme valides.<br \/>\n&#8211; \u00catre sexy sur les photos est autoris\u00e9 (AUCUNE partie g\u00e9nitale ou sc\u00e8ne de SEXE).<br \/>\n&#8211; La photo doit \u00eatre t\u00e9l\u00e9charg\u00e9e sur le profil CAM4 et partag\u00e9e sur Twitter via le tag #Cam4SFW ou envoy\u00e9e par e-mail \u00e0 john@cam4.com<br \/>\n&#8211; Seules les photos repr\u00e9sentant les webcameur(se)s participant(e)s seront consid\u00e9r\u00e9es comme valides.<br \/>\n&#8211; Le prix quotidien ne peut \u00eatre remport\u00e9 qu&#8217;une seule fois par un webcameur(se) et permettra d&#8217;acc\u00e9der au prix final.<br \/>\n&#8211; Le prix final sera d\u00e9cern\u00e9 par r\u00e9gion selon le drapeau indiqu\u00e9 dans le profil du webcameur(se)<br \/>\n&#8211; Seuls les webcameur(se) ayant un compte approuv\u00e9 dans le tableau de bord webcameur(se) peuvent participer.<\/p>\n<p style=\"text-align: center;\"><a href=\"https:\/\/it.cam4.com\/blog\/concorsi-foto-soft-sfw\/\">??\u00a0<\/a>\u00a0\u00a0\u00a0\u00a0\u00a0\u00a0\u00a0\u00a0<a href=\"https:\/\/www.cam4.es\/blog\/sube-tus-fotos-soft-gana-premios-diarios-concurso-sfw-cam4\/\"> ??\u00a0<\/a>\u00a0\u00a0\u00a0\u00a0\u00a0\u00a0\u00a0 ??<\/p>\n","protected":false},"excerpt":{"rendered":"<p style=\"text-align: center;\">\n<p style=\"text-align: center;\"><strong>Du lundi 6 au dimanche 12 juillet sur CAM4 un nouveau concours d\u00e9di\u00e9 aux photos softcore (SFW &#8211;<\/p>\n","protected":false},"author":1,"featured_media":31124,"parent":0,"menu_order":0,"comment_status":"closed","ping_status":"closed","template":"","meta":[],"_links":{"self":[{"href":"https:\/\/fr.cam4.com\/blog\/wp-json\/wp\/v2\/pages\/31123"}],"collection":[{"href":"https:\/\/fr.cam4.com\/blog\/wp-json\/wp\/v2\/pages"}],"about":[{"href":"https:\/\/fr.cam4.com\/blog\/wp-json\/wp\/v2\/types\/page"}],"author":[{"embeddable":true,"href":"https:\/\/fr.cam4.com\/blog\/wp-json\/wp\/v2\/users\/1"}],"replies":[{"embeddable":true,"href":"https:\/\/fr.cam4.com\/blog\/wp-json\/wp\/v2\/comments?post=31123"}],"version-history":[{"count":0,"href":"https:\/\/fr.cam4.com\/blog\/wp-json\/wp\/v2\/pages\/31123\/revisions"}],"wp:featuredmedia":[{"embeddable":true,"href":"https:\/\/fr.cam4.com\/blog\/wp-json\/wp\/v2\/media\/31124"}],"wp:attachment":[{"href":"https:\/\/fr.cam4.com\/blog\/wp-json\/wp\/v2\/media?parent=31123"}],"curies":[{"name":"wp","href":"https:\/\/api.w.org\/{rel}","templated":true}]}}