{"id":30846,"date":"2020-06-12T18:04:05","date_gmt":"2020-06-12T16:04:05","guid":{"rendered":"https:\/\/www.cam4.fr\/blog\/?page_id=30846"},"modified":"2020-07-01T17:10:36","modified_gmt":"2020-07-01T15:10:36","slug":"concours-vip-homme-2020","status":"publish","type":"page","link":"https:\/\/fr.cam4.com\/blog\/concours-vip-homme-2020\/","title":{"rendered":"Concours VIP HOMME 2020"},"content":{"rendered":"<p><!--StartFragment--><\/p>\n\n\n<p>Pour c\u00e9l\u00e9brer le Pride Month en juin, nous voulons rendre hommage aux camboys fran\u00e7ais avec un concours sp\u00e9cial! Apr\u00e8s le succ\u00e8s du concours VIP, CAM4 France couronnera 4 Camboys VIP ce mois-ci,  c&#8217;est \u00e0 dire ceux qui gagneront le plus de jetons sur CAM4 du 15 au 30 juin 2020. <\/p>\n\n\n\n<p>  <\/p>\n\n\n\n<h2 style=\"text-align:center\">4 PRIX VIP HOMME CAM4 France, Suisse, Belgique\u2728<br><br>1er prix: 250$<br>2\u00e8me prix: 100$<br>3\u00e8me prix: 75$<br>4\u00e8me prix: 50$<br><\/h2>\n\n\n\n<p style=\"text-align:center\"><strong>Classement Final<br>hugo4k<br> azureus69<br> manson34<br> hercul1424<\/strong><\/p>\n\n\n\n<p><\/p>\n\n\n\n<p style=\"text-align:center\" class=\"has-background has-medium-font-size has-pale-pink-background-color\"> <strong>Comment gagner l&#8217;un des prix? <br><br><\/strong>Diffusez sur CAM4 et gagnez autant de jetons que possible du 15 au 30 juin. Le 3 juillet, les quatre webcameur(se)s  qui auront gagn\u00e9 le plus recevront un de ces prix incroyables! <\/p>\n\n\n\n<h2 style=\"text-align:center\"> <\/h2>\n\n\n\n<p style=\"text-align:center\" class=\"has-medium-font-size\"> <em>Les webcameur(se)s \u00e9tant dans le TOP 10 recevront des mises \u00e0 jour hebdomadaires du classement provisoire via un message de notification sur CAM4.<\/em><br><\/p>\n\n\n\n<p style=\"text-align:center\"><\/p>\n\n\n\n<p style=\"text-align:center\" class=\"has-medium-font-size\"> <strong>\u26a0\ufe0fATTENTION! \u26a0\ufe0f<br>C&#8217;est le concours CAM4 France avec les prix les plus \u00e9lev\u00e9s. Les envois de jetons entre comptes, les accords avec les utilisateurs et d&#8217;autres webcameur(se)s ne seront ni autoris\u00e9s ni comptabilis\u00e9s afin de modifier les r\u00e9sultats du concours. <\/strong><\/p>\n\n\n\n<p style=\"text-align:left\" class=\"has-medium-font-size\"><em><strong>R\u00e8glement:<\/strong><\/em><br><br>&#8211; Les 4 webcameurs masculins les mieux r\u00e9mun\u00e9r\u00e9(e)s remporteront les prix. Les gains provenant de bonus, prix et autres ajustements ne seront pas comptabilis\u00e9s.<br>&#8211; Le d\u00e9compte des gains commencera le lundi 15 juin et et se terminera le mardi 30 juin 2020 * (heure du serveur: de 5h00 le 15 juin \u00e0 5h00 le 1er juillet) *.<br>&#8211; Seuls les webcameurs avec des comptes approuv\u00e9s peuvent gagner des prix.<br>&#8211; Les accords entre utilisateurs et webcameurs ne sont pas autoris\u00e9s. Les jetons d&#8217;autres comptes doivent \u00eatre d\u00e9clar\u00e9s par courrier \u00e9lectronique \u00e0 l&#8217;adresse suivante: cam4_fr@cam4.com<br>&#8211; Toute tentative de fraude entra\u00eenera l&#8217;exclusion du concours.<br>&#8211; Un maximum de 2000 jetons (200 $) par tippeurs.<br> Par exemple, si vous recevez 3 000 jetons du m\u00eame utilisateur, 2 000 jetons seront compt\u00e9s aux fins du concours.<\/p>\n\n\n\n<p><br>&#8211; <strong>Seuls les webcameurs de France, Suisse et Belgique sont autoris\u00e9s.<\/strong><br>&#8211; Si vous N&#8217;AVEZ PAS l&#8217;intention de participer au concours et si vous ne souhaitez pas que votre nom apparaisse sur le tableau provisoire, envoyez un courrier \u00e9lectronique \u00e0 john@cam4.com en faisant r\u00e9f\u00e9rence au &#8220;concours VIP&#8221;. <br>&#8211; Le classement final sera publi\u00e9 le vendredi 3 juillet 2020. Les gagnants recevront un message de notification. <br><\/p>\n\n\n<p><!--EndFragment--><\/p>","protected":false},"excerpt":{"rendered":"<\/p>\n<p>Pour c\u00e9l\u00e9brer le Pride Month en juin, nous voulons rendre hommage aux camboys fran\u00e7ais avec un concours sp\u00e9cial! Apr\u00e8s le succ\u00e8s du<\/p>\n","protected":false},"author":1,"featured_media":30950,"parent":0,"menu_order":0,"comment_status":"closed","ping_status":"closed","template":"","meta":[],"_links":{"self":[{"href":"https:\/\/fr.cam4.com\/blog\/wp-json\/wp\/v2\/pages\/30846"}],"collection":[{"href":"https:\/\/fr.cam4.com\/blog\/wp-json\/wp\/v2\/pages"}],"about":[{"href":"https:\/\/fr.cam4.com\/blog\/wp-json\/wp\/v2\/types\/page"}],"author":[{"embeddable":true,"href":"https:\/\/fr.cam4.com\/blog\/wp-json\/wp\/v2\/users\/1"}],"replies":[{"embeddable":true,"href":"https:\/\/fr.cam4.com\/blog\/wp-json\/wp\/v2\/comments?post=30846"}],"version-history":[{"count":0,"href":"https:\/\/fr.cam4.com\/blog\/wp-json\/wp\/v2\/pages\/30846\/revisions"}],"wp:featuredmedia":[{"embeddable":true,"href":"https:\/\/fr.cam4.com\/blog\/wp-json\/wp\/v2\/media\/30950"}],"wp:attachment":[{"href":"https:\/\/fr.cam4.com\/blog\/wp-json\/wp\/v2\/media?parent=30846"}],"curies":[{"name":"wp","href":"https:\/\/api.w.org\/{rel}","templated":true}]}}