{"id":28685,"date":"2019-11-05T16:48:45","date_gmt":"2019-11-05T15:48:45","guid":{"rendered":"https:\/\/www.cam4.fr\/blog\/?page_id=28685"},"modified":"2019-12-02T19:38:24","modified_gmt":"2019-12-02T18:38:24","slug":"concours-vip-novembre","status":"publish","type":"page","link":"https:\/\/fr.cam4.com\/blog\/concours-vip-novembre\/","title":{"rendered":"Concours VIP de Novembre\u2013 Gagnez jusqu&#8217;\u00e0 300$!"},"content":{"rendered":"\n<h4><strong> Apr\u00e8s le grand succ\u00e8s remport\u00e9 par les deux pr\u00e9c\u00e9dentes \u00e9ditions, CAM4 France relance en novembre le concours VIP qui r\u00e9compense les meilleurs webcameur(se)s du mois!<br>Tous les webcameur(se)s sont inscrits d&#8217;office et peuvent gagner un prix VIP de 300 $! <\/strong><\/h4>\n\n\n\n<p><\/p>\n\n\n\n<p style=\"text-align:center\" class=\"has-background has-medium-font-size has-pale-pink-background-color\"> <strong>Comment gagner l&#8217;un des prix? <br><br><\/strong>Diffusez sur CAM4 et gagnez autant de jetons que possible du 5 au 30 novembre. \u00c0 la fin du mois, les 5 webcameur(se)s  qui auront gagn\u00e9 le plus recevront un de ces prix incroyables! <\/p>\n\n\n\n<h2 style=\"text-align:center\"> 5 PRIX VIP CAM4 France, Suisse, Belgique\u2728<br><br>1er prix: 300 $<br>2e prix: 200 $<br>3\u00e8me prix: 100 $<br>4\u00e8me prix: 75 $<br>5\u00e8me prix: 50 $ <\/h2>\n\n\n\n<p style=\"text-align:center\" class=\"has-medium-font-size\"> <em>Les webcameur(se)s \u00e9tant dans le TOP 20 recevront des mises \u00e0 jour hebdomadaires du classement provisoire via un message de notification sur CAM4.<\/em><br><\/p>\n\n\n\n<p style=\"text-align:center\"><strong>Classement Final<\/strong><\/p>\n\n\n\n<p style=\"text-align:center\"><strong>cassy_cum<br> mymiesexy<br> chiennette<br> petitekim<br> coupl3timid3<br><\/strong><\/p>\n\n\n\n<p><br><\/p>\n\n\n\n<p style=\"text-align:center\" class=\"has-medium-font-size\"> <strong>\u26a0\ufe0fATTENTION! \u26a0\ufe0f<br>C&#8217;est le concours CAM4 France avec les prix les plus \u00e9lev\u00e9s. Les envois de jetons entre comptes, les accords avec les utilisateurs et d&#8217;autres webcameur(se)s ne seront ni autoris\u00e9s ni comptabilis\u00e9s afin de modifier les r\u00e9sultats du concours. <\/strong><\/p>\n\n\n\n<p style=\"text-align:left\" class=\"has-medium-font-size\"><em><strong>R\u00e8glement:<\/strong><\/em><br><br>&#8211; Les 5 webcameur(se)s les mieux r\u00e9mun\u00e9r\u00e9(e)s remporteront les prix. Les gains provenant de bonus, prix et autres ajustements ne seront pas comptabilis\u00e9s.<br>&#8211; Le d\u00e9compte des gains commencera le mardi 5 novembre et et se terminera le samedi 30 novembre 2019 * (heure du serveur: de 5h00 le 1er novembre \u00e0 5h00 le 1er d\u00e9cembre) *.<br>&#8211; Seuls les webcameur(se)s avec des comptes approuv\u00e9s peuvent gagner des prix.<br>&#8211; Les accords entre utilisateurs et webcameur(se)s ne sont pas autoris\u00e9s. Les jetons d&#8217;autres comptes doivent \u00eatre d\u00e9clar\u00e9s par courrier \u00e9lectronique \u00e0 l&#8217;adresse suivante: cam4_fr@cam4.com<br>&#8211; Toute tentative de fraude entra\u00eenera l&#8217;exclusion du concours.<br>&#8211; Seuls les webcameur(se)s qui diffusent depuis la France, Suisse et Belgique sont autoris\u00e9s.<br>&#8211; Si vous N&#8217;AVEZ PAS l&#8217;intention de participer au concours et si vous ne souhaitez pas que votre nom apparaisse sur le tableau provisoire, envoyez un courrier \u00e9lectronique \u00e0 john@cam4.com en faisant r\u00e9f\u00e9rence au &#8220;concours VIP&#8221;. <\/p>\n\n\n\n<p><\/p>\n","protected":false},"excerpt":{"rendered":"<p><strong> Apr\u00e8s le grand succ\u00e8s remport\u00e9 par les deux pr\u00e9c\u00e9dentes \u00e9ditions, CAM4 France relance en novembre le concours VIP qui r\u00e9compense les meilleurs<\/p>\n","protected":false},"author":1,"featured_media":28690,"parent":0,"menu_order":0,"comment_status":"closed","ping_status":"closed","template":"","meta":[],"_links":{"self":[{"href":"https:\/\/fr.cam4.com\/blog\/wp-json\/wp\/v2\/pages\/28685"}],"collection":[{"href":"https:\/\/fr.cam4.com\/blog\/wp-json\/wp\/v2\/pages"}],"about":[{"href":"https:\/\/fr.cam4.com\/blog\/wp-json\/wp\/v2\/types\/page"}],"author":[{"embeddable":true,"href":"https:\/\/fr.cam4.com\/blog\/wp-json\/wp\/v2\/users\/1"}],"replies":[{"embeddable":true,"href":"https:\/\/fr.cam4.com\/blog\/wp-json\/wp\/v2\/comments?post=28685"}],"version-history":[{"count":0,"href":"https:\/\/fr.cam4.com\/blog\/wp-json\/wp\/v2\/pages\/28685\/revisions"}],"wp:featuredmedia":[{"embeddable":true,"href":"https:\/\/fr.cam4.com\/blog\/wp-json\/wp\/v2\/media\/28690"}],"wp:attachment":[{"href":"https:\/\/fr.cam4.com\/blog\/wp-json\/wp\/v2\/media?parent=28685"}],"curies":[{"name":"wp","href":"https:\/\/api.w.org\/{rel}","templated":true}]}}