{"id":28059,"date":"2019-09-11T10:00:43","date_gmt":"2019-09-11T08:00:43","guid":{"rendered":"https:\/\/fr.blogs.cam4.com\/?page_id=28059"},"modified":"2019-09-11T11:15:37","modified_gmt":"2019-09-11T09:15:37","slug":"smurfeffect-fete-son-anniversaire-sur-cam4-le-11-septembre-2019-en-webcam-girl","status":"publish","type":"page","link":"https:\/\/fr.cam4.com\/blog\/smurfeffect-fete-son-anniversaire-sur-cam4-le-11-septembre-2019-en-webcam-girl\/","title":{"rendered":"Smurfeffect, f\u00eate son anniversaire sur cam4, le 11 Septembre 2019 en webcam girl!"},"content":{"rendered":"<h3><a href=\"https:\/\/www.cam4.fr\/blog\/files\/2019\/09\/smurfeffect.jpg\"><img loading=\"lazy\" class=\"alignnone size-full wp-image-28060\" src=\"https:\/\/www.cam4.fr\/blog\/files\/2019\/09\/smurfeffect.jpg\" alt=\"smurfeffect\" width=\"635\" height=\"315\" srcset=\"https:\/\/fr.cam4.com\/blog\/wp-content\/blogs.dir\/5\/files\/2019\/09\/smurfeffect.jpg 635w, https:\/\/fr.cam4.com\/blog\/wp-content\/blogs.dir\/5\/files\/2019\/09\/smurfeffect-300x149.jpg 300w, https:\/\/fr.cam4.com\/blog\/wp-content\/blogs.dir\/5\/files\/2019\/09\/smurfeffect-600x298.jpg 600w\" sizes=\"(max-width: 635px) 100vw, 635px\" \/><\/a><\/h3>\n<h3><strong>Planifiez votre soir\u00e9e du 11 Septembre pour f\u00eater l\u2019anniversaire de la webcam girl Smurfeffect et souffler avec elle ses bougies!<\/strong><\/h3>\n<p>Depuis quelques mois sur CAM4,\u00a0Smurfeffect webcam girl vous a pr\u00e9par\u00e9 un anniversaire tr\u00e8s sp\u00e9cial\u00a0 pour vous remercier de toutes ses moments de soutien!<\/p>\n<p>Vous avez pu la voir en show webcam girl, elle est toujours passionn\u00e9e et vous propose des shows toujours plus \u00e9poustouflants !<\/p>\n<p>Mercredi 11 Septembre, elle vous pr\u00e9pare un show in\u00e9dit et tr\u00e8s explosif!<\/p>\n<p style=\"text-align: center;\"><a class=\"xl\" href=\"https:\/\/www.cam4.fr\/Smurfeffect\">Mattez le show de Smurfeffect<\/a><\/p>\n<p><a href=\"https:\/\/www.cam4.fr\/blog\/files\/2019\/09\/d75f45a8-7613-4abc-9ee4-66b4119ea4f1.jpg\"><img loading=\"lazy\" class=\"alignnone size-large wp-image-28061\" src=\"https:\/\/www.cam4.fr\/blog\/files\/2019\/09\/d75f45a8-7613-4abc-9ee4-66b4119ea4f1-1024x683.jpg\" alt=\"d75f45a8-7613-4abc-9ee4-66b4119ea4f1\" width=\"900\" height=\"600\" srcset=\"https:\/\/fr.cam4.com\/blog\/wp-content\/blogs.dir\/5\/files\/2019\/09\/d75f45a8-7613-4abc-9ee4-66b4119ea4f1-1024x683.jpg 1024w, https:\/\/fr.cam4.com\/blog\/wp-content\/blogs.dir\/5\/files\/2019\/09\/d75f45a8-7613-4abc-9ee4-66b4119ea4f1-300x200.jpg 300w, https:\/\/fr.cam4.com\/blog\/wp-content\/blogs.dir\/5\/files\/2019\/09\/d75f45a8-7613-4abc-9ee4-66b4119ea4f1-600x400.jpg 600w, https:\/\/fr.cam4.com\/blog\/wp-content\/blogs.dir\/5\/files\/2019\/09\/d75f45a8-7613-4abc-9ee4-66b4119ea4f1.jpg 1920w\" sizes=\"(max-width: 900px) 100vw, 900px\" \/><\/a><\/p>\n<p>Votre Pornstar mettra votre pseudo dans sa bo\u00eete d\u2019anniversaire pour gagner une &#8220;surprise tr\u00e8s sexy&#8221;&#8230;ou suivre son show tout simplement!<\/p>\n<p>Doigtage \u00e0 la fois super hard et sensuelle, vibro, gode dans la chatte, sodomie, c\u2019est un festival de sexe. Jamais vulgaire mais toujours hard, Smurfeffect est un incroyable m\u00e9lange de porn et de sensualit\u00e9\u00a0!<\/p>\n<p><a href=\"https:\/\/www.cam4.fr\/blog\/files\/2019\/09\/310b1700-a7cb-4df3-964e-e89119f67f0e.jpg\"><img loading=\"lazy\" class=\"alignnone size-large wp-image-28062\" src=\"https:\/\/www.cam4.fr\/blog\/files\/2019\/09\/310b1700-a7cb-4df3-964e-e89119f67f0e-1024x683.jpg\" alt=\"310b1700-a7cb-4df3-964e-e89119f67f0e\" width=\"900\" height=\"600\" srcset=\"https:\/\/fr.cam4.com\/blog\/wp-content\/blogs.dir\/5\/files\/2019\/09\/310b1700-a7cb-4df3-964e-e89119f67f0e-1024x683.jpg 1024w, https:\/\/fr.cam4.com\/blog\/wp-content\/blogs.dir\/5\/files\/2019\/09\/310b1700-a7cb-4df3-964e-e89119f67f0e-300x200.jpg 300w, https:\/\/fr.cam4.com\/blog\/wp-content\/blogs.dir\/5\/files\/2019\/09\/310b1700-a7cb-4df3-964e-e89119f67f0e-600x400.jpg 600w, https:\/\/fr.cam4.com\/blog\/wp-content\/blogs.dir\/5\/files\/2019\/09\/310b1700-a7cb-4df3-964e-e89119f67f0e.jpg 1920w\" sizes=\"(max-width: 900px) 100vw, 900px\" \/><\/a><\/p>\n<p style=\"text-align: center;\"><a class=\"xl\" href=\"https:\/\/www.cam4.fr\/Smurfeffect\">Mattez le show de Smurfeffect<\/a><\/p>\n<p>Le 11 septembre, pour f\u00eater son anniversaire dignement, la belle Smurfeffect nous a pr\u00e9par\u00e9 plein de surprises\u00a0!<\/p>\n<p>Quand on vous dit que smurfeffect aime g\u00e2ter ses fans\u00a0!<\/p>\n<p>Alors ne ratez pas sa date et venez matter Smurfeffect \u00e0 partir de 5h00 du matin sur sa room CAM4. Elle parle fran\u00e7ais et Anglais.<\/p>\n<h4><span id=\"result_box\" class=\"\" lang=\"fr\"><span class=\"\">Suivez-nous sur <a href=\"https:\/\/www.youtube.com\/channel\/UCaTVa8OizOXUHZdOCe8p_mQ\">Youtube<\/a>, <a href=\"https:\/\/twitter.com\/Cam4_FR\">Twitter<\/a> , <a href=\"https:\/\/www.instagram.com\/cam4_francais\/\">Instagram<\/a> et <a href=\"https:\/\/www.facebook.com\/Cam4france-1203743733091252\/\">Facebook<\/a> pour recevoir toutes les actualit\u00e9s du monde de CAM4!<\/span><\/span><\/h4>\n","protected":false},"excerpt":{"rendered":"<p><a href=\"https:\/\/www.cam4.fr\/blog\/files\/2019\/09\/smurfeffect.jpg\"><\/a> <strong>Planifiez votre soir\u00e9e du 11 Septembre pour f\u00eater l\u2019anniversaire de la webcam girl Smurfeffect et souffler avec elle ses bougies!<\/strong> <\/p>\n<p>Depuis<\/p>\n","protected":false},"author":1,"featured_media":0,"parent":0,"menu_order":0,"comment_status":"open","ping_status":"open","template":"","meta":[],"_links":{"self":[{"href":"https:\/\/fr.cam4.com\/blog\/wp-json\/wp\/v2\/pages\/28059"}],"collection":[{"href":"https:\/\/fr.cam4.com\/blog\/wp-json\/wp\/v2\/pages"}],"about":[{"href":"https:\/\/fr.cam4.com\/blog\/wp-json\/wp\/v2\/types\/page"}],"author":[{"embeddable":true,"href":"https:\/\/fr.cam4.com\/blog\/wp-json\/wp\/v2\/users\/1"}],"replies":[{"embeddable":true,"href":"https:\/\/fr.cam4.com\/blog\/wp-json\/wp\/v2\/comments?post=28059"}],"version-history":[{"count":0,"href":"https:\/\/fr.cam4.com\/blog\/wp-json\/wp\/v2\/pages\/28059\/revisions"}],"wp:attachment":[{"href":"https:\/\/fr.cam4.com\/blog\/wp-json\/wp\/v2\/media?parent=28059"}],"curies":[{"name":"wp","href":"https:\/\/api.w.org\/{rel}","templated":true}]}}