{"id":27950,"date":"2019-08-30T15:15:08","date_gmt":"2019-08-30T13:15:08","guid":{"rendered":"https:\/\/fr.blogs.cam4.com\/?page_id=27950"},"modified":"2019-10-02T12:35:08","modified_gmt":"2019-10-02T10:35:08","slug":"concours-vip-1600-en-jeu","status":"publish","type":"page","link":"https:\/\/fr.cam4.com\/blog\/concours-vip-1600-en-jeu\/","title":{"rendered":"Concours VIP de Septembre \u2013 1600$ en jeu"},"content":{"rendered":"<p><strong><span class=\"tlid-translation translation\" lang=\"fr\">Apr\u00e8s le grand succ\u00e8s de la premi\u00e8re \u00e9dition, CAM4 relance le concours qui r\u00e9compense les meilleurs webcameur(se)s du mois en septembre: tous les webcameur(se)s participants au jeu auront la chance de gagner jusqu&#8217;\u00e0 600$ de prix VIP!<\/span><\/strong><\/p>\n<p><a href=\"https:\/\/www.cam4.fr\/blog\/files\/2019\/08\/VIP-ER.jpg\"><img loading=\"lazy\" class=\" size-large wp-image-27947 aligncenter\" src=\"https:\/\/www.cam4.fr\/blog\/files\/2019\/08\/VIP-ER-1024x283.jpg\" alt=\"VIP ER\" width=\"900\" height=\"249\" srcset=\"https:\/\/fr.cam4.com\/blog\/wp-content\/blogs.dir\/5\/files\/2019\/08\/VIP-ER-1024x283.jpg 1024w, https:\/\/fr.cam4.com\/blog\/wp-content\/blogs.dir\/5\/files\/2019\/08\/VIP-ER-300x83.jpg 300w, https:\/\/fr.cam4.com\/blog\/wp-content\/blogs.dir\/5\/files\/2019\/08\/VIP-ER-600x166.jpg 600w\" sizes=\"(max-width: 900px) 100vw, 900px\" \/><\/a><\/p>\n<p><strong><span class=\"tlid-translation translation\" lang=\"fr\"><em>Comment gagner l&#8217;un des prix?<\/em><br \/>\nIl vous suffit simplement de diffuser et de gagner le plus possible du 1er au 30 septembre. \u00c0 la fin du mois, les 10 webcameur(se)s qui auront gagn\u00e9 le plus de jetons recevront l&#8217;un prix incroyables CAM4 VIP!<\/span><\/strong><\/p>\n<h3 style=\"text-align: center;\"><b data-id=\"entity-ember28078\"> <\/b>\u2728 <b data-id=\"entity-ember28079\">10 PRIX VIP CAM4 France\/Suisse\/Belgique <\/b>\u2728<\/h3>\n<h3 style=\"text-align: center;\">1\u00b0 prix : <strong>600$ <\/strong>?<\/h3>\n<h3 style=\"text-align: center;\">2\u00b0 <strong>prix 300$ ?<br \/>\n<\/strong><\/h3>\n<h3 style=\"text-align: center;\">3\u00b0 <strong>prix 200$ ?<br \/>\n<\/strong><\/h3>\n<h3 style=\"text-align: center;\">4\u00b0 <strong>prix 150$ ?<\/strong><\/h3>\n<h3 style=\"text-align: center;\">5\u00b0 prix : <strong>100$ <\/strong>?<\/h3>\n<h3 style=\"text-align: center;\">\u2728<\/h3>\n<h3 style=\"text-align: center;\">6\u00b0 <strong>prix 50$ ?<br \/>\n<\/strong><\/h3>\n<h3 style=\"text-align: center;\">7\u00b0 <strong>prix 50$ ?<\/strong><\/h3>\n<h3 style=\"text-align: center;\">8\u00b0 <strong>prix 50$ ?<\/strong><\/h3>\n<h3 style=\"text-align: center;\">9\u00b0 <strong>prix 50$ ?<br \/>\n<\/strong><\/h3>\n<h3 style=\"text-align: center;\">10\u00b0 <strong>prix 50$ ?<br \/>\n<\/strong><\/h3>\n<h3 style=\"text-align: center;\">\u2728<\/h3>\n<p style=\"text-align: center;\">CLASSEMENT FINAL:<\/p>\n<p style=\"text-align: center;\"><strong>mymiesexy<\/strong><br \/>\n<strong>cassy_cum<\/strong><br \/>\n<strong>chiennette<\/strong><br \/>\n<strong>petitekim<\/strong><br \/>\n<strong>mllesophia<\/strong><br \/>\n<strong>sextwoo<\/strong><br \/>\n<strong>sugarb4bies<\/strong><br \/>\n<strong>kalyssy<\/strong><br \/>\n<strong>attachiante5<\/strong><br \/>\n<strong>desirmiss<\/strong><\/p>\n<p>&nbsp;<\/p>\n<p><span class=\"tlid-translation translation\" lang=\"fr\"><strong>Les 40 meilleurs webcameur(se)s recevront une mise \u00e0 jour hebdomadaire sur le classement provisoire via un message de notification en discussion sur CAM4.<\/strong><br \/>\n<\/span><\/p>\n<p><strong><em><span class=\"tlid-translation translation\" lang=\"fr\">Si vous N&#8217;AVEZ PAS l&#8217;intention de participer au concours et si vous ne souhaitez pas que votre nom soit affich\u00e9 dans le tableau provisoire pour des raisons de confidentialit\u00e9, envoyez un courrier \u00e9lectronique \u00e0 <a href=\"mailto:john@cam4.com\" target=\"_blank\">john@cam4.com<\/a> en faisant r\u00e9f\u00e9rence au concours VIP.<\/span><br \/>\n<\/em><\/strong><\/p>\n<p>&nbsp;<\/p>\n<p><strong><em><span class=\"tlid-translation translation\" lang=\"fr\"><span class=\"\" title=\"\">ATTENTION!<\/span> <span class=\"\" title=\"\">Les envois de jetons entre comptes et les accords avec les utilisateurs et les webcameur(se)s ne seront pas autoris\u00e9s afin d&#8217;alt\u00e9rer les r\u00e9sultats du concours.<\/span><\/span>.<br \/>\n<\/em><\/strong><\/p>\n<hr \/>\n<p>&nbsp;<\/p>\n<p><em><span class=\"tlid-translation translation\" lang=\"fr\"><strong><span title=\"\">R\u00e8glement<\/span><span title=\"\">:<\/span><\/strong><\/span><\/em><\/p>\n<p><span class=\"tlid-translation translation\" lang=\"fr\"><span title=\"\">&#8211; Les 10 webcameur(se)s les mieux r\u00e9mun\u00e9r\u00e9s remporteront les prix.<\/span><\/span><span class=\"tlid-translation translation\" lang=\"fr\"> <span title=\"\">Les gains provenant de bonus, prix et autres ajustements ne seront pas comptabilis\u00e9s.<\/span><br \/>\n<span title=\"\">&#8211; Le d\u00e9compte des gains commencera le dimanche 1er septembre et et se terminera le lundi 30 septembre 2019 * (heure du serveur: de 5h00 le 1er septembre \u00e0 5h00 au 1er octobre) *.<\/span><br \/>\n<span title=\"\">&#8211; Seuls les webcameur(se)s avec des comptes approuv\u00e9s peuvent gagner des prix.<\/span><br \/>\n<span title=\"\">&#8211; Les laissez-passer ou les accords entre utilisateurs et webcameur(se)s ne sont pas autoris\u00e9s.<\/span> <span class=\"\" title=\"\">Les jetons d&#8217;autres comptes doivent \u00eatre d\u00e9clar\u00e9s par courrier \u00e9lectronique \u00e0 l&#8217;adresse suivante: cam4_fr@cam4.com<\/span><br \/>\n<span class=\"\" title=\"\">&#8211; Toute tentative de fraude entra\u00eenera l&#8217;exclusion du concours.<\/span><br \/>\n<span class=\"\" title=\"\">&#8211; Seuls les webcameur(se)s qui diffusent depuis la France, Suisse et Belgique sont autoris\u00e9s.<\/span><\/span><\/p>\n<p>&nbsp;<\/p>\n","protected":false},"excerpt":{"rendered":"<p><strong>Apr\u00e8s le grand succ\u00e8s de la premi\u00e8re \u00e9dition, CAM4 relance le concours qui r\u00e9compense les meilleurs webcameur(se)s du mois en septembre: tous les<\/p>\n","protected":false},"author":1,"featured_media":0,"parent":0,"menu_order":0,"comment_status":"open","ping_status":"open","template":"","meta":[],"_links":{"self":[{"href":"https:\/\/fr.cam4.com\/blog\/wp-json\/wp\/v2\/pages\/27950"}],"collection":[{"href":"https:\/\/fr.cam4.com\/blog\/wp-json\/wp\/v2\/pages"}],"about":[{"href":"https:\/\/fr.cam4.com\/blog\/wp-json\/wp\/v2\/types\/page"}],"author":[{"embeddable":true,"href":"https:\/\/fr.cam4.com\/blog\/wp-json\/wp\/v2\/users\/1"}],"replies":[{"embeddable":true,"href":"https:\/\/fr.cam4.com\/blog\/wp-json\/wp\/v2\/comments?post=27950"}],"version-history":[{"count":1,"href":"https:\/\/fr.cam4.com\/blog\/wp-json\/wp\/v2\/pages\/27950\/revisions"}],"predecessor-version":[{"id":37573,"href":"https:\/\/fr.cam4.com\/blog\/wp-json\/wp\/v2\/pages\/27950\/revisions\/37573"}],"wp:attachment":[{"href":"https:\/\/fr.cam4.com\/blog\/wp-json\/wp\/v2\/media?parent=27950"}],"curies":[{"name":"wp","href":"https:\/\/api.w.org\/{rel}","templated":true}]}}