{"id":27919,"date":"2019-08-28T16:41:49","date_gmt":"2019-08-28T14:41:49","guid":{"rendered":"https:\/\/fr.blogs.cam4.com\/?page_id=27919"},"modified":"2019-08-28T16:41:49","modified_gmt":"2019-08-28T14:41:49","slug":"cam4-crosscard-septembre-promo","status":"publish","type":"page","link":"https:\/\/fr.cam4.com\/blog\/cam4-crosscard-septembre-promo\/","title":{"rendered":"Demandez une CAM4-Crosscard en septembre et gagnez 6 mois gratuits de frais de maintenance en plus d&#8217;une livraison gratuite!"},"content":{"rendered":"<div class=\"clear\" style=\"text-align: left;\"><\/div>\n<div class=\"single_text\">\n<h4 style=\"text-align: left;\"><a href=\"https:\/\/www.cam4.fr\/blog\/files\/2019\/08\/cam4crosscard-FR.jpg\"><img loading=\"lazy\" class=\" size-full wp-image-27931 aligncenter\" src=\"https:\/\/www.cam4.fr\/blog\/files\/2019\/08\/cam4crosscard-FR.jpg\" alt=\"cam4crosscard FR\" width=\"635\" height=\"315\" srcset=\"https:\/\/fr.cam4.com\/blog\/wp-content\/blogs.dir\/5\/files\/2019\/08\/cam4crosscard-FR.jpg 635w, https:\/\/fr.cam4.com\/blog\/wp-content\/blogs.dir\/5\/files\/2019\/08\/cam4crosscard-FR-300x149.jpg 300w, https:\/\/fr.cam4.com\/blog\/wp-content\/blogs.dir\/5\/files\/2019\/08\/cam4crosscard-FR-600x298.jpg 600w\" sizes=\"(max-width: 635px) 100vw, 635px\" \/><\/a><\/h4>\n<div class=\"text-wrap tlid-copy-target\" style=\"text-align: left;\">\n<h4 class=\"result-shield-container tlid-copy-target\" style=\"text-align: center;\" tabindex=\"0\"><strong><span class=\"tlid-translation translation\" lang=\"fr\"><em><span title=\"\">Vous n&#8217;avez pas encore demand\u00e9 une CAM4-Crosscard?<\/span><\/em> <span title=\"\">En septembre, vous pourrez en faire la demande et <span style=\"color: #ff6600;\">obtenir les 6 premiers mois gratuits de frais de maintenance en plus d&#8217;une livraison gratuite!<\/span><br \/>\n<\/span><\/span><\/strong><\/h4>\n<\/div>\n<div class=\"tlid-result-transliteration-container result-transliteration-container transliteration-container\" style=\"text-align: left;\"><\/div>\n<div class=\"single_text\" style=\"text-align: left;\">\n<p><span class=\"tlid-translation translation\" lang=\"fr\"><span class=\"tlid-translation translation\" lang=\"fr\"><span class=\"tlid-translation translation\" lang=\"fr\"><span title=\"\"><strong>Avec une CAM4-Crosscard<\/strong> <em>(carte pr\u00e9pay\u00e9e Mastercard)<\/em><strong>, vous pouvez:<\/strong><\/span><\/span><\/span><\/span><\/p>\n<p style=\"padding-left: 30px;\"><span class=\"\" title=\"\">\u2022<strong> Demander un paiement gratuit et INSTANTAN\u00c9<\/strong> en euros de vos jetons gagn\u00e9s sur CAM4 (avec un paiement minimum \u00e0 partir de seulement 75 $)<\/span><\/p>\n<p style=\"padding-left: 30px;\"><span class=\"\" title=\"\">\u2022<strong> Retirez de l&#8217;argent dans tous les guichets automatiques et effectuez facilement vos achats en ligne <\/strong>ou dans tous les magasins desservant le circuit Mastercard.<\/span><\/p>\n<p><em><span class=\"\" title=\"\">CAM4-CrossCard est un syst\u00e8me de paiement <strong>s\u00e9curis\u00e9 et fiable<\/strong>, approuv\u00e9 par la FCA Financial Authority du Royaume-Uni et a collabor\u00e9 avec Paypal, Citi ventures et FPE Group<\/span><\/em><\/p>\n<p>&nbsp;<\/p>\n<\/div>\n<div class=\"single_text\" style=\"text-align: left;\">\n<div class=\"text-wrap tlid-copy-target\">\n<div class=\"result-shield-container tlid-copy-target\" style=\"text-align: center;\" tabindex=\"0\"><strong><span class=\"tlid-translation translation\" lang=\"fr\"><span title=\"\">D\u00e9p\u00eachez-vous!<\/span> <span class=\"\" title=\"\">Vous avez jusqu&#8217;au 30 septembre pour activer cette offre.<\/span><\/span><\/strong><\/div>\n<\/div>\n<div class=\"tlid-result-transliteration-container result-transliteration-container transliteration-container\" style=\"text-align: center;\"><\/div>\n<\/div>\n<div class=\"single_text\" style=\"text-align: left;\">\n<h4 style=\"text-align: center;\"><strong><a href=\"https:\/\/www.cam4.com\/training\/les-concours-cam-4\/options-de-paiement\" target=\"_blank\">D\u00e9couvrez comment demander CAM4-Crosscard sans frais pendant 6 mois!<\/a><\/strong><\/h4>\n<\/div>\n<div class=\"single_text\" style=\"text-align: left;\">\n<div class=\"tlid-result-transliteration-container result-transliteration-container transliteration-container\">\n<div class=\"text-wrap tlid-copy-target\">\n<p>\u00a0__________________________________________<\/p>\n<\/div>\n<\/div>\n<\/div>\n<div class=\"single_text\">\n<p style=\"text-align: left;\"><strong><span style=\"color: #ff6600;\">Conditions g\u00e9n\u00e9rales:<\/span><br \/>\n<\/strong><\/p>\n<div class=\"single_text\" style=\"text-align: left;\">\n<p><em><span class=\"tlid-translation translation\" lang=\"fr\"><span title=\"\">Promotion r\u00e9serv\u00e9e aux webcameur(se)s r\u00e9sident(e)s en Europe qui n&#8217;ont<strong> pas encore activ\u00e9 une carte CAM4-Crosscard et pour lesquels CAM4 Crosscard n&#8217;est pas leur mode de paiement actuel par d\u00e9faut.<\/strong><\/span><\/span><\/em><\/p>\n<p><strong><em><span title=\"\">P\u00e9riode de validit\u00e9 de la promotion: <span style=\"text-decoration: underline;\">du 1er au 30 Septembre\u00a0 2019.<\/span><\/span><\/em><\/strong><\/p>\n<p><span class=\"tlid-translation translation\" lang=\"fr\"><em><span class=\"\" title=\"\"><strong><span style=\"color: #ff6600;\">*Demander une CAM4-Crosscard en septembre vous fera \u00e9conomiser 2$ par mois pendant 6 mois<\/span><\/strong>.<\/span><\/em> (<em><span class=\"\" title=\"\">\u00c0 la fin de la p\u00e9riode d\u2019essai gratuite de 6 mois, vous aurez la possibilit\u00e9 de revenir \u00e0 votre ancien mode de paiement ou de continuer \u00e0 utiliser CAM4-Crosscard en ne payant que 2$ par mois pour les frais de maintenance.)<\/span><\/em><\/span><\/p>\n<p><em><span class=\"\" title=\"\">La CAM4-Crosscard ne peut \u00eatre demand\u00e9e que par l\u2019interm\u00e9diaire du Tableau de bord webcameur(se) et ne peut \u00eatre utilis\u00e9e que pour retirer l\u2019argent gagn\u00e9 sur CAM4.<\/span><\/em><\/p>\n<p><em><span class=\"\" title=\"\">Crosscard ne r\u00e9pondra pas directement aux demandes d&#8217;activation de nouvelles cartes effectu\u00e9es via son site.<\/span><\/em><\/p>\n<\/div>\n<p style=\"text-align: left;\">Pour toutes questions contactez <a href=\"mailto:john@cam4.com\" target=\"_blank\">john@cam4.com<\/a><\/p>\n<\/div>\n<\/div>\n","protected":false},"excerpt":{"rendered":"<p><a href=\"https:\/\/www.cam4.fr\/blog\/files\/2019\/08\/cam4crosscard-FR.jpg\"><\/a> <strong><em>Vous n&#8217;avez pas encore demand\u00e9 une CAM4-Crosscard?<\/em> En septembre, vous pourrez en faire la demande et obtenir les 6 premiers mois<\/p>\n","protected":false},"author":1,"featured_media":0,"parent":0,"menu_order":0,"comment_status":"open","ping_status":"open","template":"","meta":[],"_links":{"self":[{"href":"https:\/\/fr.cam4.com\/blog\/wp-json\/wp\/v2\/pages\/27919"}],"collection":[{"href":"https:\/\/fr.cam4.com\/blog\/wp-json\/wp\/v2\/pages"}],"about":[{"href":"https:\/\/fr.cam4.com\/blog\/wp-json\/wp\/v2\/types\/page"}],"author":[{"embeddable":true,"href":"https:\/\/fr.cam4.com\/blog\/wp-json\/wp\/v2\/users\/1"}],"replies":[{"embeddable":true,"href":"https:\/\/fr.cam4.com\/blog\/wp-json\/wp\/v2\/comments?post=27919"}],"version-history":[{"count":0,"href":"https:\/\/fr.cam4.com\/blog\/wp-json\/wp\/v2\/pages\/27919\/revisions"}],"wp:attachment":[{"href":"https:\/\/fr.cam4.com\/blog\/wp-json\/wp\/v2\/media?parent=27919"}],"curies":[{"name":"wp","href":"https:\/\/api.w.org\/{rel}","templated":true}]}}