{"id":27548,"date":"2019-07-31T17:36:07","date_gmt":"2019-07-31T15:36:07","guid":{"rendered":"https:\/\/fr.blogs.cam4.com\/?page_id=27548"},"modified":"2019-07-31T18:03:43","modified_gmt":"2019-07-31T16:03:43","slug":"cam4-crosscard-promo-fr","status":"publish","type":"page","link":"https:\/\/fr.cam4.com\/blog\/cam4-crosscard-promo-fr\/","title":{"rendered":"Demandez une carte de d\u00e9bit CAM4-Crosscard maintenant pour une plus grande facilit\u00e9 de paiement et gagnez 250 jetons en prime jusqu&#8217;\u00e0 fin Ao\u00fbt!"},"content":{"rendered":"<div class=\"clear\">\n<div class=\"irc_mimg irc_hic\"><a href=\"https:\/\/www.cam4.fr\/blog\/files\/2019\/07\/crosscard_cam4_fr.jpg\"><img loading=\"lazy\" class=\" size-full wp-image-27666 aligncenter\" src=\"https:\/\/www.cam4.fr\/blog\/files\/2019\/07\/crosscard_cam4_fr.jpg\" alt=\"crosscard_cam4_fr\" width=\"635\" height=\"315\" srcset=\"https:\/\/fr.cam4.com\/blog\/wp-content\/blogs.dir\/5\/files\/2019\/07\/crosscard_cam4_fr.jpg 635w, https:\/\/fr.cam4.com\/blog\/wp-content\/blogs.dir\/5\/files\/2019\/07\/crosscard_cam4_fr-300x149.jpg 300w, https:\/\/fr.cam4.com\/blog\/wp-content\/blogs.dir\/5\/files\/2019\/07\/crosscard_cam4_fr-600x298.jpg 600w\" sizes=\"(max-width: 635px) 100vw, 635px\" \/><\/a><\/div>\n<\/div>\n<div class=\"single_text\">\n<div class=\"text-wrap tlid-copy-target\">\n<p><strong><strong><strong>La carte CAM4-Crosscard pr\u00e9sente de nombreux avantages:<\/strong><\/strong><\/strong><\/p>\n<p><span id=\"result_box\" class=\"\" lang=\"fr\">&#8211; <strong>\u00c9conomique<\/strong>: CAM4-Crosscard est la carte la moins ch\u00e8re actuellement en circulation. <span class=\"\">La carte est totalement GRATUITE et les frais de maintenance du compte sont extr\u00eamement bas<\/span><\/span><\/p>\n<p><span id=\"result_box\" class=\"\" lang=\"fr\">&#8211; <strong>Rapide<\/strong>: Les jetons demand\u00e9s \u00e0 \u00eatre cr\u00e9dit\u00e9s<span class=\"\"> ne prendront que 3 jours pour \u00eatre disponibles sur votre compte et le minimum pour demander un paiement est 75$<br \/>\n<\/span><\/span><\/p>\n<p><span id=\"result_box\" class=\"\" lang=\"fr\">&#8211; <strong>Simple<\/strong>: Le processus de demande de carte est vraiment simple! <span class=\"\">Entrez simplement votre nom complet et votre adresse de livraison. La carte sera livr\u00e9e en une semaine.<br \/>\n<\/span><\/span><\/p>\n<p><span id=\"result_box\" class=\"\" lang=\"fr\"><span class=\"\">&#8211; <strong>Fiable<\/strong>: CAM4-CrossCard est approuv\u00e9 par la Financial Authority FCA au Royaume-Uni et est r\u00e9cemment entr\u00e9 en partenariat avec PAYPAL, Citi Ventures et FPE Groupe.<\/span><\/span><\/p>\n<h3><strong><a href=\"https:\/\/www.cam4.com\/training\/debutez-sur-cam4\/options-de-paiement\">Comment recevoir et activer la carte ? Cliquez ici<\/a><\/strong><\/h3>\n<\/div>\n<div class=\"tlid-result-transliteration-container result-transliteration-container transliteration-container\">\n<div class=\"text-wrap tlid-copy-target\">\n<p class=\"result-shield-container tlid-copy-target\" tabindex=\"0\"><strong><span class=\"tlid-translation translation\" lang=\"fr\"><span class=\"\" title=\"\">\u00a0_____________________________________________________________________________________________________________________________<\/span><\/span><\/strong><\/p>\n<\/div>\n<\/div>\n<\/div>\n<h2 class=\"single_text\">D\u00e8s l&#8217;activation sur le site CAM4 comme moyen de paiement principal, recevez 250 jetons gratuits sur votre compte!<\/h2>\n<div class=\"single_text\">\n<div class=\"text-wrap tlid-copy-target\">\n<div class=\"tlid-result-transliteration-container result-transliteration-container transliteration-container\"><span class=\"tlid-translation translation\" lang=\"fr\"><span class=\"\" title=\"\"> Une fois que vous avez re\u00e7u et activ\u00e9 votre carte, assurez-vous que CAM4-Crosscard est configur\u00e9 comme option de paiement par d\u00e9faut dans votre Tableau de bord Webcameur(se). Une ic\u00f4ne bleue appara\u00eetra \u00e0 c\u00f4t\u00e9 pour identifier votre moyen de paiement principal, comme ci -dessous:<br \/>\n<\/span><\/span><\/div>\n<\/div>\n<p><a class=\"fancybox\" href=\"https:\/\/it.blogs.cam4.com\/files\/2019\/07\/seleziona-cam4-crosscard-.jpg\" rel=\"fancybox\"><img loading=\"lazy\" class=\"aligncenter wp-image-33175 \" src=\"https:\/\/it.blogs.cam4.com\/files\/2019\/07\/seleziona-cam4-crosscard-.jpg\" alt=\"seleziona cam4 crosscard\" width=\"824\" height=\"65\" \/><\/a><strong><br \/>\nLorsque vous aurez configur\u00e9 votre mode de paiement par d\u00e9faut par CAM4-Crosscard, 250 jetons gratuits seront alors cr\u00e9dit\u00e9s sur votre compte avant le 31 Ao\u00fbt. Profitez en!<\/strong><\/p>\n<p>&nbsp;<\/p>\n<p>&nbsp;<\/p>\n<p><strong>Conditions g\u00e9n\u00e9rales pour b\u00e9n\u00e9ficier des 250 jetons<br \/>\n<\/strong><br \/>\n<em>Les webcameur(se)s qui ont d\u00e9j\u00e0 utilis\u00e9 la carte CAM4-Crosscard au moins une fois ne seront pas \u00e9ligibles pour recevoir les 250 jetons<strong><br \/>\n<\/strong><\/em><\/p>\n<p><em><span class=\"tlid-translation translation\" lang=\"fr\"><span title=\"\">Promotion r\u00e9serv\u00e9e aux webcameur(se)s r\u00e9sidents en Europe qui n&#8217;ont pas encore activ\u00e9 une carte CAM4-Crosscard et pour lesquels CAM4 Crosscard n&#8217;est pas leur mode de paiement actuel par d\u00e9faut.<\/span><\/span><\/em><\/p>\n<p><em><span title=\"\">P\u00e9riode de validit\u00e9 de la promotion: du 1er au 31 ao\u00fbt 2019.<\/span><\/em><\/p>\n<p><em><span class=\"\" title=\"\">Les webcameur(se)s qui auront activ\u00e9 et configur\u00e9 leur CAM4-Crosscard en tant que mode de paiement par d\u00e9faut sur CAM4 avant le 31 ao\u00fbt recevront 250 jetons gratuits.<\/span><\/em><\/p>\n<p><em><span class=\"\" title=\"\">La CAM4-Crosscard ne peut \u00eatre demand\u00e9e que par l\u2019interm\u00e9diaire du Tableau de bord webcameur(se) et ne peut \u00eatre utilis\u00e9e que pour retirer l\u2019argent gagn\u00e9 sur CAM4.<\/span><\/em><\/p>\n<p><em><span class=\"\" title=\"\">Crosscard ne r\u00e9pondra pas directement aux demandes d&#8217;activation de nouvelles cartes effectu\u00e9es via son site.<\/span><\/em><\/p>\n<\/div>\n<p>Pour toutes questions contactez john@cam4.com<\/p>\n","protected":false},"excerpt":{"rendered":"<p><a href=\"https:\/\/www.cam4.fr\/blog\/files\/2019\/07\/crosscard_cam4_fr.jpg\"><\/a> <\/p>\n<p><strong><strong><strong>La carte CAM4-Crosscard pr\u00e9sente de nombreux avantages:<\/strong><\/strong><\/strong><\/p>\n<p>&#8211; <strong>\u00c9conomique<\/strong>: CAM4-Crosscard est la carte la moins ch\u00e8re actuellement en circulation. La carte<\/p>\n","protected":false},"author":1,"featured_media":0,"parent":0,"menu_order":0,"comment_status":"closed","ping_status":"closed","template":"","meta":[],"_links":{"self":[{"href":"https:\/\/fr.cam4.com\/blog\/wp-json\/wp\/v2\/pages\/27548"}],"collection":[{"href":"https:\/\/fr.cam4.com\/blog\/wp-json\/wp\/v2\/pages"}],"about":[{"href":"https:\/\/fr.cam4.com\/blog\/wp-json\/wp\/v2\/types\/page"}],"author":[{"embeddable":true,"href":"https:\/\/fr.cam4.com\/blog\/wp-json\/wp\/v2\/users\/1"}],"replies":[{"embeddable":true,"href":"https:\/\/fr.cam4.com\/blog\/wp-json\/wp\/v2\/comments?post=27548"}],"version-history":[{"count":0,"href":"https:\/\/fr.cam4.com\/blog\/wp-json\/wp\/v2\/pages\/27548\/revisions"}],"wp:attachment":[{"href":"https:\/\/fr.cam4.com\/blog\/wp-json\/wp\/v2\/media?parent=27548"}],"curies":[{"name":"wp","href":"https:\/\/api.w.org\/{rel}","templated":true}]}}