{"id":2389,"date":"2012-11-16T21:28:55","date_gmt":"2012-11-16T20:28:55","guid":{"rendered":"https:\/\/fr.blogs.cam4.com\/?page_id=2389"},"modified":"2012-11-21T18:21:08","modified_gmt":"2012-11-21T17:21:08","slug":"introduction-a-cam4-gifts","status":"publish","type":"page","link":"https:\/\/fr.cam4.com\/blog\/introduction-a-cam4-gifts\/","title":{"rendered":"introduction a cam4 gifts"},"content":{"rendered":"<link href=\"https:\/\/www.cam4.fr\/blog\/wp-content\/themes\/giftstyles.css\" rel=\"stylesheet\" type=\"text\/css\" \/>\n<link href=\"https:\/\/www.cam4.fr\/blog\/wp-content\/themes\/tip-nonstandard.css\" rel=\"stylesheet\" type=\"text\/css\" \/>\n<div class=\"topWrap\">\n<div class=\"contentWrap\">\n<div class=\"youtubeVideo\"><div id=\"kgvid_kgvid_0_wrapper\" class=\"kgvid_wrapper kgvid_wrapper_inline kgvid_wrapper_inline_left\">\n\t\t\t<div id=\"video_kgvid_0_div\" class=\"fitvidsignore kgvid_videodiv\" data-id=\"kgvid_0\" data-kgvid_video_vars=\"{&quot;id&quot;:&quot;kgvid_0&quot;,&quot;attachment_id&quot;:0,&quot;player_type&quot;:&quot;Strobe Media Playback&quot;,&quot;width&quot;:&quot;530&quot;,&quot;height&quot;:&quot;298&quot;,&quot;fullwidth&quot;:&quot;false&quot;,&quot;fixed_aspect&quot;:&quot;vertical&quot;,&quot;countable&quot;:false,&quot;count_views&quot;:&quot;start_complete&quot;,&quot;start&quot;:&quot;&quot;,&quot;autoplay&quot;:&quot;false&quot;,&quot;pauseothervideos&quot;:&quot;true&quot;,&quot;set_volume&quot;:1,&quot;muted&quot;:&quot;false&quot;,&quot;meta&quot;:false,&quot;endofvideooverlay&quot;:&quot;&quot;,&quot;resize&quot;:&quot;true&quot;,&quot;auto_res&quot;:&quot;on&quot;,&quot;pixel_ratio&quot;:&quot;true&quot;,&quot;right_click&quot;:&quot;on&quot;,&quot;playback_rate&quot;:&quot;false&quot;,&quot;title&quot;:&quot;c4gifting_french.m4v&quot;,&quot;skip_buttons&quot;:[]}\" itemprop=\"video\" itemscope itemtype=\"https:\/\/schema.org\/VideoObject\"><meta itemprop=\"embedUrl\" content=\"https:\/\/www.cam4.fr\/blog\/files\/2012\/11\/c4gifting_french.m4v\"><meta itemprop=\"contentUrl\" content=\"https:\/\/www.cam4.fr\/blog\/files\/2012\/11\/c4gifting_french.m4v\"><meta itemprop=\"name\" content=\"c4gifting_french.m4v\"><meta itemprop=\"description\" content=\"Video\"><meta itemprop=\"uploadDate\" content=\"2012-11-16T21:28:55+01:00\">\t\t\t<\/div>\n\t\t<\/div><\/div>\n<div class=\"logoetc\">\n<div class=\"intro\">Introduction \u00e0<\/div>\n<div class=\"download button36px\"><a class=\"grd-orange2 button36px\" href=\"https:\/\/www.cam4.fr\/blog\/2012\/11\/14\/lancement-de-la-fonction-cadeau\/\">EN SAVOIR PLUS<\/a><\/div>\n<\/div>\n<div class=\"clear\" style=\"height: 10px;\"><\/div>\n<\/div>\n<\/div>\n<div class=\"contentWrap\">\n<h1>Venez offrir un cadeau \u00e0 vos mod\u00e8les pr\u00e9f\u00e9r\u00e9s!<\/h1>\n<div class=\"instructions\">\n<div class=\"howTo\">\n<dl>\n<dt class=\"pic\"><\/dt>\n<dd><strong>Montrez leur que vous les aimez!<\/strong><br \/>\nAvec plus de 50 cadeaux dans notre march\u00e9,<br \/>\nvous \u00eates s\u00fbr de trouver le bon cadeau pour vos mod\u00e8les pr\u00e9f\u00e9r\u00e9s.<\/dd>\n<\/dl>\n<dl>\n<dt class=\"pic2\"><\/dt>\n<dd><strong>Mettez vous en \u00e9vidence!<\/strong><br \/>\nLes cadeaux que vous offrez sont accompagn\u00e9s de votre nom et affich\u00e9s sur la page de vos mod\u00e8les.<br \/>\nTout le monde va donc voir que vous en \u00eates un &#8220;fan&#8221;.<\/dd>\n<\/dl>\n<dl>\n<dt class=\"pic3\"><\/dt>\n<dd><strong>Pas seulement des jetons, mais surtout une preuve!<\/strong><br \/>\nChaque cadeau a une valeur, ce qui rends donc la r\u00e9muneration des mod\u00e8les beaucoup plus personnelle. C&#8217;est une alternative aux jetons qui vous rapproche de vos mod\u00e8les pr\u00e9fer\u00e9s.<\/dd>\n<\/dl>\n<\/div>\n<div class=\"clear\"><\/div>\n<\/div>\n<div class=\"gift_shortcut button20px\"><img loading=\"lazy\" src=\"https:\/\/www.cam4.fr\/blog\/wp-content\/themes\/images\/giftbox.png\" alt=\"\" width=\"130\" height=\"100\" \/><\/p>\n<h2><span style=\"font-family: Arial Black, Helvetica, sans-serif;\">CAM<span style=\"color: #fc531d;\">4<\/span>.<\/span> S&#8217;EMBALLE.<\/h2>\n<div class=\"download2 button36px\"><a class=\"grd-orange2 button36px\" href=\"https:\/\/www.cam4.fr\/blog\/2012\/11\/14\/lancement-de-la-fonction-cadeau\/\">EN SAVOIR PLUS<\/a><\/div>\n<\/div>\n<\/div>\n","protected":false},"excerpt":{"rendered":"<p>Introduction \u00e0 <a class=\"grd-orange2 button36px\" href=\"https:\/\/www.cam4.fr\/blog\/2012\/11\/14\/lancement-de-la-fonction-cadeau\/\">EN SAVOIR PLUS<\/a> Venez offrir un cadeau \u00e0 vos mod\u00e8les pr\u00e9f\u00e9r\u00e9s! <strong>Montrez leur que vous les aimez!<\/strong> Avec<\/p>\n","protected":false},"author":1,"featured_media":0,"parent":0,"menu_order":0,"comment_status":"open","ping_status":"open","template":"page-new.php","meta":[],"_links":{"self":[{"href":"https:\/\/fr.cam4.com\/blog\/wp-json\/wp\/v2\/pages\/2389"}],"collection":[{"href":"https:\/\/fr.cam4.com\/blog\/wp-json\/wp\/v2\/pages"}],"about":[{"href":"https:\/\/fr.cam4.com\/blog\/wp-json\/wp\/v2\/types\/page"}],"author":[{"embeddable":true,"href":"https:\/\/fr.cam4.com\/blog\/wp-json\/wp\/v2\/users\/1"}],"replies":[{"embeddable":true,"href":"https:\/\/fr.cam4.com\/blog\/wp-json\/wp\/v2\/comments?post=2389"}],"version-history":[{"count":0,"href":"https:\/\/fr.cam4.com\/blog\/wp-json\/wp\/v2\/pages\/2389\/revisions"}],"wp:attachment":[{"href":"https:\/\/fr.cam4.com\/blog\/wp-json\/wp\/v2\/media?parent=2389"}],"curies":[{"name":"wp","href":"https:\/\/api.w.org\/{rel}","templated":true}]}}