{"id":2163,"date":"2012-10-24T18:13:28","date_gmt":"2012-10-24T16:13:28","guid":{"rendered":"https:\/\/fr.blogs.cam4.com\/?page_id=2163"},"modified":"2012-10-24T18:49:32","modified_gmt":"2012-10-24T16:49:32","slug":"vu-sur-cam4","status":"publish","type":"page","link":"https:\/\/fr.cam4.com\/blog\/vu-sur-cam4\/","title":{"rendered":"Vu sur Cam4"},"content":{"rendered":"<h3>Avez-vous juste vu quelque chose d&#8217;incroyable sur Cam4?<\/h3>\n<h3>Voulez-vous nous parler d&#8217;un Super Show que vous venez just de voir?<\/h3>\n<p><strong>Racontez-nous les choses incroyables que vous venez de voir sur Cam4 .<\/strong> Chaque semaine, Nous posterons les meilleures histoires sur notre blog. Faites en sorte que votre webcameuse pr\u00e9f\u00e9r\u00e9e devienne c\u00e9l\u00e8bre en racontant les choses incroyables qu&#8217;elle a fait pendant son show!<\/p>\n<p><em>Entrer votre nom, votre email, le nom d&#8217;utilisateur Cam4 que vous venez de voir, et qu&#8217;est-ce qu&#8217;elle\/il a fait!<\/em><\/p>\n<p><em>Ce n&#8217;est pas destin\u00e9 \u00e0 \u00eatre utilis\u00e9 comme un canal de support. <a href=\"https:\/\/cam4support.com\/index.php?\/Knowledgebase\/List\" target=\"_blank\">Cliquez ici pour utiliser le Support Cam4l<\/a> et ainsi soumettre vos demandes de renseignements li\u00e9s au site.<\/em><\/p>\n<hr \/>\n<p>[contact-form-7 id=&#8221;2162&#8243; title=&#8221;form_story&#8221;]<\/p>\n","protected":false},"excerpt":{"rendered":"<p>Avez-vous juste vu quelque chose d&#8217;incroyable sur Cam4? Voulez-vous nous parler d&#8217;un Super Show que vous venez just de voir? <\/p>\n<p><strong>Racontez-nous les choses<\/p>\n","protected":false},"author":6,"featured_media":0,"parent":0,"menu_order":0,"comment_status":"open","ping_status":"open","template":"","meta":[],"_links":{"self":[{"href":"https:\/\/fr.cam4.com\/blog\/wp-json\/wp\/v2\/pages\/2163"}],"collection":[{"href":"https:\/\/fr.cam4.com\/blog\/wp-json\/wp\/v2\/pages"}],"about":[{"href":"https:\/\/fr.cam4.com\/blog\/wp-json\/wp\/v2\/types\/page"}],"author":[{"embeddable":true,"href":"https:\/\/fr.cam4.com\/blog\/wp-json\/wp\/v2\/users\/6"}],"replies":[{"embeddable":true,"href":"https:\/\/fr.cam4.com\/blog\/wp-json\/wp\/v2\/comments?post=2163"}],"version-history":[{"count":0,"href":"https:\/\/fr.cam4.com\/blog\/wp-json\/wp\/v2\/pages\/2163\/revisions"}],"wp:attachment":[{"href":"https:\/\/fr.cam4.com\/blog\/wp-json\/wp\/v2\/media?parent=2163"}],"curies":[{"name":"wp","href":"https:\/\/api.w.org\/{rel}","templated":true}]}}