{"id":1782,"date":"2012-08-17T13:44:31","date_gmt":"2012-08-17T11:44:31","guid":{"rendered":"https:\/\/fr.blogs.cam4.com\/?page_id=1782"},"modified":"2012-08-21T19:07:54","modified_gmt":"2012-08-21T17:07:54","slug":"jeux-olympiques-du-sexe-cam4-les-selections","status":"publish","type":"page","link":"https:\/\/fr.cam4.com\/blog\/jeux-olympiques-du-sexe-cam4-les-selections\/","title":{"rendered":"Jeux Olympiques du Sexe Cam4: les s\u00e9lections"},"content":{"rendered":"<p>Voici quelques vid\u00e9os s\u00e9lectionn\u00e9es pour nos 7 \u00e9preuves des Jeux Olympiques du Sexe.<br \/>\nVous avez jusqu&#8217; \u00e0 la fin du mois pour envoyer vos vid\u00e9os et gagner 25 dollars si votre vid\u00e9o est s\u00e9lectionn\u00e9e.<br \/>\nBonne chance \u00e0 tous !<\/p>\n<h1><a href=\"https:\/\/cam4.com\/Sandyxxx\" target=\"_blank\"><strong>Sandyxxx<\/strong><\/a><\/h1>\n<p>nous fait une gorge profonde toute en sensualit\u00e9.<\/p>\n<p><div id=\"kgvid_kgvid_0_wrapper\" class=\"kgvid_wrapper kgvid_wrapper_inline kgvid_wrapper_inline_left\">\n\t\t\t<div id=\"video_kgvid_0_div\" class=\"fitvidsignore kgvid_videodiv\" data-id=\"kgvid_0\" data-kgvid_video_vars=\"{&quot;id&quot;:&quot;kgvid_0&quot;,&quot;attachment_id&quot;:0,&quot;player_type&quot;:&quot;Strobe Media Playback&quot;,&quot;width&quot;:&quot;525&quot;,&quot;height&quot;:&quot;295&quot;,&quot;fullwidth&quot;:&quot;false&quot;,&quot;fixed_aspect&quot;:&quot;vertical&quot;,&quot;countable&quot;:false,&quot;count_views&quot;:&quot;start_complete&quot;,&quot;start&quot;:&quot;&quot;,&quot;autoplay&quot;:&quot;false&quot;,&quot;pauseothervideos&quot;:&quot;true&quot;,&quot;set_volume&quot;:1,&quot;muted&quot;:&quot;false&quot;,&quot;meta&quot;:false,&quot;endofvideooverlay&quot;:&quot;&quot;,&quot;resize&quot;:&quot;true&quot;,&quot;auto_res&quot;:&quot;on&quot;,&quot;pixel_ratio&quot;:&quot;true&quot;,&quot;right_click&quot;:&quot;on&quot;,&quot;playback_rate&quot;:&quot;false&quot;,&quot;title&quot;:&quot;Sandyxxx1.mp4&quot;,&quot;skip_buttons&quot;:[]}\" itemprop=\"video\" itemscope itemtype=\"https:\/\/schema.org\/VideoObject\"><meta itemprop=\"embedUrl\" content=\"https:\/\/blog.cam4.com\/wp-content\/uploads\/2012\/08\/Sandyxxx1.mp4\"><meta itemprop=\"contentUrl\" content=\"https:\/\/blog.cam4.com\/wp-content\/uploads\/2012\/08\/Sandyxxx1.mp4\"><meta itemprop=\"name\" content=\"Sandyxxx1.mp4\"><meta itemprop=\"description\" content=\"Video\"><meta itemprop=\"uploadDate\" content=\"2012-08-17T13:44:31+02:00\">\t\t\t<\/div>\n\t\t<\/div><br \/>\n&nbsp;<\/p>\n<h1><a href=\"https:\/\/cam4.com\/mattkayd\" target=\"_blank\"><strong>mattkayd1<\/strong><\/a><\/h1>\n<p>en belle tenue d&#8217;athl\u00e8te, avale son gode \u00e0 des profondeurs ph\u00e9nom\u00e9nales.<\/p>\n<p><div id=\"kgvid_kgvid_1_wrapper\" class=\"kgvid_wrapper kgvid_wrapper_inline kgvid_wrapper_inline_left\">\n\t\t\t<div id=\"video_kgvid_1_div\" class=\"fitvidsignore kgvid_videodiv\" data-id=\"kgvid_1\" data-kgvid_video_vars=\"{&quot;id&quot;:&quot;kgvid_1&quot;,&quot;attachment_id&quot;:0,&quot;player_type&quot;:&quot;Strobe Media Playback&quot;,&quot;width&quot;:&quot;525&quot;,&quot;height&quot;:&quot;295&quot;,&quot;fullwidth&quot;:&quot;false&quot;,&quot;fixed_aspect&quot;:&quot;vertical&quot;,&quot;countable&quot;:false,&quot;count_views&quot;:&quot;start_complete&quot;,&quot;start&quot;:&quot;&quot;,&quot;autoplay&quot;:&quot;false&quot;,&quot;pauseothervideos&quot;:&quot;true&quot;,&quot;set_volume&quot;:1,&quot;muted&quot;:&quot;false&quot;,&quot;meta&quot;:false,&quot;endofvideooverlay&quot;:&quot;&quot;,&quot;resize&quot;:&quot;true&quot;,&quot;auto_res&quot;:&quot;on&quot;,&quot;pixel_ratio&quot;:&quot;true&quot;,&quot;right_click&quot;:&quot;on&quot;,&quot;playback_rate&quot;:&quot;false&quot;,&quot;title&quot;:&quot;mattkayd1.mp4&quot;,&quot;skip_buttons&quot;:[]}\" itemprop=\"video\" itemscope itemtype=\"https:\/\/schema.org\/VideoObject\"><meta itemprop=\"embedUrl\" content=\"https:\/\/blog.cam4.com\/wp-content\/uploads\/2012\/08\/mattkayd1.mp4\"><meta itemprop=\"contentUrl\" content=\"https:\/\/blog.cam4.com\/wp-content\/uploads\/2012\/08\/mattkayd1.mp4\"><meta itemprop=\"name\" content=\"mattkayd1.mp4\"><meta itemprop=\"description\" content=\"Video\"><meta itemprop=\"uploadDate\" content=\"2012-08-17T13:44:31+02:00\">\t\t\t<\/div>\n\t\t<\/div><br \/>\n&nbsp;<\/p>\n<h1><a href=\"https:\/\/cam4.com\/jacktwenty\" target=\"_blank\"><strong>jacktwenty<\/strong><\/a><\/h1>\n<p>titille son gode et l&#8217;avale bien avant de se l&#8217;enfoncer dans son derri\u00e8re.<\/p>\n<p><div id=\"kgvid_kgvid_2_wrapper\" class=\"kgvid_wrapper kgvid_wrapper_inline kgvid_wrapper_inline_left\">\n\t\t\t<div id=\"video_kgvid_2_div\" class=\"fitvidsignore kgvid_videodiv\" data-id=\"kgvid_2\" data-kgvid_video_vars=\"{&quot;id&quot;:&quot;kgvid_2&quot;,&quot;attachment_id&quot;:0,&quot;player_type&quot;:&quot;Strobe Media Playback&quot;,&quot;width&quot;:&quot;525&quot;,&quot;height&quot;:&quot;295&quot;,&quot;fullwidth&quot;:&quot;false&quot;,&quot;fixed_aspect&quot;:&quot;vertical&quot;,&quot;countable&quot;:false,&quot;count_views&quot;:&quot;start_complete&quot;,&quot;start&quot;:&quot;&quot;,&quot;autoplay&quot;:&quot;false&quot;,&quot;pauseothervideos&quot;:&quot;true&quot;,&quot;set_volume&quot;:1,&quot;muted&quot;:&quot;false&quot;,&quot;meta&quot;:false,&quot;endofvideooverlay&quot;:&quot;&quot;,&quot;resize&quot;:&quot;true&quot;,&quot;auto_res&quot;:&quot;on&quot;,&quot;pixel_ratio&quot;:&quot;true&quot;,&quot;right_click&quot;:&quot;on&quot;,&quot;playback_rate&quot;:&quot;false&quot;,&quot;title&quot;:&quot;jacktwenty.mp4&quot;,&quot;skip_buttons&quot;:[]}\" itemprop=\"video\" itemscope itemtype=\"https:\/\/schema.org\/VideoObject\"><meta itemprop=\"embedUrl\" content=\"https:\/\/blog.cam4.com\/wp-content\/uploads\/2012\/08\/jacktwenty.mp4\"><meta itemprop=\"contentUrl\" content=\"https:\/\/blog.cam4.com\/wp-content\/uploads\/2012\/08\/jacktwenty.mp4\"><meta itemprop=\"name\" content=\"jacktwenty.mp4\"><meta itemprop=\"description\" content=\"Video\"><meta itemprop=\"uploadDate\" content=\"2012-08-17T13:44:31+02:00\">\t\t\t<\/div>\n\t\t<\/div><br \/>\n&nbsp;<\/p>\n<h1><a href=\"https:\/\/cam4.com\/sexyledydiva\" target=\"_blank\"><strong>sexyledydiva<\/strong><\/a><\/h1>\n<p>doigte bien son minou pour nous faire une d\u00e9monstration d&#8217;\u00e9jac f\u00e9minine.<br \/>\n<div id=\"kgvid_kgvid_3_wrapper\" class=\"kgvid_wrapper kgvid_wrapper_inline kgvid_wrapper_inline_left\">\n\t\t\t<div id=\"video_kgvid_3_div\" class=\"fitvidsignore kgvid_videodiv\" data-id=\"kgvid_3\" data-kgvid_video_vars=\"{&quot;id&quot;:&quot;kgvid_3&quot;,&quot;attachment_id&quot;:0,&quot;player_type&quot;:&quot;Strobe Media Playback&quot;,&quot;width&quot;:&quot;525&quot;,&quot;height&quot;:&quot;295&quot;,&quot;fullwidth&quot;:&quot;false&quot;,&quot;fixed_aspect&quot;:&quot;vertical&quot;,&quot;countable&quot;:false,&quot;count_views&quot;:&quot;start_complete&quot;,&quot;start&quot;:&quot;&quot;,&quot;autoplay&quot;:&quot;false&quot;,&quot;pauseothervideos&quot;:&quot;true&quot;,&quot;set_volume&quot;:1,&quot;muted&quot;:&quot;false&quot;,&quot;meta&quot;:false,&quot;endofvideooverlay&quot;:&quot;&quot;,&quot;resize&quot;:&quot;true&quot;,&quot;auto_res&quot;:&quot;on&quot;,&quot;pixel_ratio&quot;:&quot;true&quot;,&quot;right_click&quot;:&quot;on&quot;,&quot;playback_rate&quot;:&quot;false&quot;,&quot;title&quot;:&quot;sexyledydiva1.mp4&quot;,&quot;skip_buttons&quot;:[]}\" itemprop=\"video\" itemscope itemtype=\"https:\/\/schema.org\/VideoObject\"><meta itemprop=\"embedUrl\" content=\"https:\/\/blog.cam4.com\/wp-content\/uploads\/2012\/08\/sexyledydiva1.mp4\"><meta itemprop=\"contentUrl\" content=\"https:\/\/blog.cam4.com\/wp-content\/uploads\/2012\/08\/sexyledydiva1.mp4\"><meta itemprop=\"name\" content=\"sexyledydiva1.mp4\"><meta itemprop=\"description\" content=\"Video\"><meta itemprop=\"uploadDate\" content=\"2012-08-17T13:44:31+02:00\">\t\t\t<\/div>\n\t\t<\/div><br \/>\n&nbsp;<\/p>\n<h1><a href=\"https:\/\/cam4.com\/futurenudist\" target=\"_blank\"><strong>futurenudist<\/strong><\/a><\/h1>\n<p>est d\u00e9ja vainqueur avec sa m\u00e9daille autour du cou dans ce tour d&#8217;h\u00e9lico-qu\u00e9quette.<br \/>\n<div id=\"kgvid_kgvid_4_wrapper\" class=\"kgvid_wrapper kgvid_wrapper_inline kgvid_wrapper_inline_left\">\n\t\t\t<div id=\"video_kgvid_4_div\" class=\"fitvidsignore kgvid_videodiv\" data-id=\"kgvid_4\" data-kgvid_video_vars=\"{&quot;id&quot;:&quot;kgvid_4&quot;,&quot;attachment_id&quot;:0,&quot;player_type&quot;:&quot;Strobe Media Playback&quot;,&quot;width&quot;:&quot;525&quot;,&quot;height&quot;:&quot;295&quot;,&quot;fullwidth&quot;:&quot;false&quot;,&quot;fixed_aspect&quot;:&quot;vertical&quot;,&quot;countable&quot;:false,&quot;count_views&quot;:&quot;start_complete&quot;,&quot;start&quot;:&quot;&quot;,&quot;autoplay&quot;:&quot;false&quot;,&quot;pauseothervideos&quot;:&quot;true&quot;,&quot;set_volume&quot;:1,&quot;muted&quot;:&quot;false&quot;,&quot;meta&quot;:false,&quot;endofvideooverlay&quot;:&quot;&quot;,&quot;resize&quot;:&quot;true&quot;,&quot;auto_res&quot;:&quot;on&quot;,&quot;pixel_ratio&quot;:&quot;true&quot;,&quot;right_click&quot;:&quot;on&quot;,&quot;playback_rate&quot;:&quot;false&quot;,&quot;title&quot;:&quot;futurenudist.mp4&quot;,&quot;skip_buttons&quot;:[]}\" itemprop=\"video\" itemscope itemtype=\"https:\/\/schema.org\/VideoObject\"><meta itemprop=\"embedUrl\" content=\"https:\/\/blog.cam4.com\/wp-content\/uploads\/2012\/08\/futurenudist.mp4\"><meta itemprop=\"contentUrl\" content=\"https:\/\/blog.cam4.com\/wp-content\/uploads\/2012\/08\/futurenudist.mp4\"><meta itemprop=\"name\" content=\"futurenudist.mp4\"><meta itemprop=\"description\" content=\"Video\"><meta itemprop=\"uploadDate\" content=\"2012-08-17T13:44:31+02:00\">\t\t\t<\/div>\n\t\t<\/div><br \/>\n&nbsp;<\/p>\n<h1><a href=\"https:\/\/cam4.com\/Brad8998\" target=\"_blank\"><strong>Brad8998<\/strong><\/a><\/h1>\n<p>nous offre un d\u00e9hanchement sexy en balan\u00e7ant son gros engin.<\/p>\n<p><div id=\"kgvid_kgvid_5_wrapper\" class=\"kgvid_wrapper kgvid_wrapper_inline kgvid_wrapper_inline_left\">\n\t\t\t<div id=\"video_kgvid_5_div\" class=\"fitvidsignore kgvid_videodiv\" data-id=\"kgvid_5\" data-kgvid_video_vars=\"{&quot;id&quot;:&quot;kgvid_5&quot;,&quot;attachment_id&quot;:0,&quot;player_type&quot;:&quot;Strobe Media Playback&quot;,&quot;width&quot;:&quot;525&quot;,&quot;height&quot;:&quot;295&quot;,&quot;fullwidth&quot;:&quot;false&quot;,&quot;fixed_aspect&quot;:&quot;vertical&quot;,&quot;countable&quot;:false,&quot;count_views&quot;:&quot;start_complete&quot;,&quot;start&quot;:&quot;&quot;,&quot;autoplay&quot;:&quot;false&quot;,&quot;pauseothervideos&quot;:&quot;true&quot;,&quot;set_volume&quot;:1,&quot;muted&quot;:&quot;false&quot;,&quot;meta&quot;:false,&quot;endofvideooverlay&quot;:&quot;&quot;,&quot;resize&quot;:&quot;true&quot;,&quot;auto_res&quot;:&quot;on&quot;,&quot;pixel_ratio&quot;:&quot;true&quot;,&quot;right_click&quot;:&quot;on&quot;,&quot;playback_rate&quot;:&quot;false&quot;,&quot;title&quot;:&quot;Brad89981.mp4&quot;,&quot;skip_buttons&quot;:[]}\" itemprop=\"video\" itemscope itemtype=\"https:\/\/schema.org\/VideoObject\"><meta itemprop=\"embedUrl\" content=\"https:\/\/blog.cam4.com\/wp-content\/uploads\/2012\/08\/Brad89981.mp4\"><meta itemprop=\"contentUrl\" content=\"https:\/\/blog.cam4.com\/wp-content\/uploads\/2012\/08\/Brad89981.mp4\"><meta itemprop=\"name\" content=\"Brad89981.mp4\"><meta itemprop=\"description\" content=\"Video\"><meta itemprop=\"uploadDate\" content=\"2012-08-17T13:44:31+02:00\">\t\t\t<\/div>\n\t\t<\/div><br \/>\n&nbsp;<\/p>\n<h1><a href=\"https:\/\/cam4.com\/cum4youok\" target=\"_blank\"><strong>cum4youok<\/strong><\/a><\/h1>\n<p>tr\u00e8s relax et sexy dans cette vid\u00e9o d&#8217;h\u00e9lico-qu\u00e9quette.<br \/>\n<div id=\"kgvid_kgvid_6_wrapper\" class=\"kgvid_wrapper kgvid_wrapper_inline kgvid_wrapper_inline_left\">\n\t\t\t<div id=\"video_kgvid_6_div\" class=\"fitvidsignore kgvid_videodiv\" data-id=\"kgvid_6\" data-kgvid_video_vars=\"{&quot;id&quot;:&quot;kgvid_6&quot;,&quot;attachment_id&quot;:0,&quot;player_type&quot;:&quot;Strobe Media Playback&quot;,&quot;width&quot;:&quot;525&quot;,&quot;height&quot;:&quot;295&quot;,&quot;fullwidth&quot;:&quot;false&quot;,&quot;fixed_aspect&quot;:&quot;vertical&quot;,&quot;countable&quot;:false,&quot;count_views&quot;:&quot;start_complete&quot;,&quot;start&quot;:&quot;&quot;,&quot;autoplay&quot;:&quot;false&quot;,&quot;pauseothervideos&quot;:&quot;true&quot;,&quot;set_volume&quot;:1,&quot;muted&quot;:&quot;false&quot;,&quot;meta&quot;:false,&quot;endofvideooverlay&quot;:&quot;&quot;,&quot;resize&quot;:&quot;true&quot;,&quot;auto_res&quot;:&quot;on&quot;,&quot;pixel_ratio&quot;:&quot;true&quot;,&quot;right_click&quot;:&quot;on&quot;,&quot;playback_rate&quot;:&quot;false&quot;,&quot;title&quot;:&quot;cum4youok.mp4&quot;,&quot;skip_buttons&quot;:[]}\" itemprop=\"video\" itemscope itemtype=\"https:\/\/schema.org\/VideoObject\"><meta itemprop=\"embedUrl\" content=\"https:\/\/blog.cam4.com\/wp-content\/uploads\/2012\/08\/cum4youok.mp4\"><meta itemprop=\"contentUrl\" content=\"https:\/\/blog.cam4.com\/wp-content\/uploads\/2012\/08\/cum4youok.mp4\"><meta itemprop=\"name\" content=\"cum4youok.mp4\"><meta itemprop=\"description\" content=\"Video\"><meta itemprop=\"uploadDate\" content=\"2012-08-17T13:44:31+02:00\">\t\t\t<\/div>\n\t\t<\/div><br \/>\n&nbsp;<\/p>\n<h1><a href=\"https:\/\/cam4.com\/machete\" target=\"_blank\"><strong>machete222<\/strong><\/a><\/h1>\n<p>donne tout son sens au terme h\u00e9lico-qu\u00e9quette en faisant tournoyer la sienne avec une sacr\u00e9e dext\u00e9rit\u00e9.<br \/>\n<div id=\"kgvid_kgvid_7_wrapper\" class=\"kgvid_wrapper kgvid_wrapper_inline kgvid_wrapper_inline_left\">\n\t\t\t<div id=\"video_kgvid_7_div\" class=\"fitvidsignore kgvid_videodiv\" data-id=\"kgvid_7\" data-kgvid_video_vars=\"{&quot;id&quot;:&quot;kgvid_7&quot;,&quot;attachment_id&quot;:0,&quot;player_type&quot;:&quot;Strobe Media Playback&quot;,&quot;width&quot;:&quot;525&quot;,&quot;height&quot;:&quot;295&quot;,&quot;fullwidth&quot;:&quot;false&quot;,&quot;fixed_aspect&quot;:&quot;vertical&quot;,&quot;countable&quot;:false,&quot;count_views&quot;:&quot;start_complete&quot;,&quot;start&quot;:&quot;&quot;,&quot;autoplay&quot;:&quot;false&quot;,&quot;pauseothervideos&quot;:&quot;true&quot;,&quot;set_volume&quot;:1,&quot;muted&quot;:&quot;false&quot;,&quot;meta&quot;:false,&quot;endofvideooverlay&quot;:&quot;&quot;,&quot;resize&quot;:&quot;true&quot;,&quot;auto_res&quot;:&quot;on&quot;,&quot;pixel_ratio&quot;:&quot;true&quot;,&quot;right_click&quot;:&quot;on&quot;,&quot;playback_rate&quot;:&quot;false&quot;,&quot;title&quot;:&quot;machete222.mp4&quot;,&quot;skip_buttons&quot;:[]}\" itemprop=\"video\" itemscope itemtype=\"https:\/\/schema.org\/VideoObject\"><meta itemprop=\"embedUrl\" content=\"https:\/\/blog.cam4.com\/wp-content\/uploads\/2012\/08\/machete222.mp4\"><meta itemprop=\"contentUrl\" content=\"https:\/\/blog.cam4.com\/wp-content\/uploads\/2012\/08\/machete222.mp4\"><meta itemprop=\"name\" content=\"machete222.mp4\"><meta itemprop=\"description\" content=\"Video\"><meta itemprop=\"uploadDate\" content=\"2012-08-17T13:44:31+02:00\">\t\t\t<\/div>\n\t\t<\/div><\/p>\n","protected":false},"excerpt":{"rendered":"<p>Voici quelques vid\u00e9os s\u00e9lectionn\u00e9es pour nos 7 \u00e9preuves des Jeux Olympiques du Sexe. Vous avez jusqu&#8217; \u00e0 la fin du mois pour envoyer<\/p>\n","protected":false},"author":6,"featured_media":1790,"parent":0,"menu_order":0,"comment_status":"open","ping_status":"open","template":"","meta":[],"_links":{"self":[{"href":"https:\/\/fr.cam4.com\/blog\/wp-json\/wp\/v2\/pages\/1782"}],"collection":[{"href":"https:\/\/fr.cam4.com\/blog\/wp-json\/wp\/v2\/pages"}],"about":[{"href":"https:\/\/fr.cam4.com\/blog\/wp-json\/wp\/v2\/types\/page"}],"author":[{"embeddable":true,"href":"https:\/\/fr.cam4.com\/blog\/wp-json\/wp\/v2\/users\/6"}],"replies":[{"embeddable":true,"href":"https:\/\/fr.cam4.com\/blog\/wp-json\/wp\/v2\/comments?post=1782"}],"version-history":[{"count":0,"href":"https:\/\/fr.cam4.com\/blog\/wp-json\/wp\/v2\/pages\/1782\/revisions"}],"wp:featuredmedia":[{"embeddable":true,"href":"https:\/\/fr.cam4.com\/blog\/wp-json\/wp\/v2\/media\/1790"}],"wp:attachment":[{"href":"https:\/\/fr.cam4.com\/blog\/wp-json\/wp\/v2\/media?parent=1782"}],"curies":[{"name":"wp","href":"https:\/\/api.w.org\/{rel}","templated":true}]}}